{"id":177,"date":"2024-03-05T14:11:32","date_gmt":"2024-03-05T14:11:32","guid":{"rendered":"https:\/\/conalepags.edu.mx\/inicio\/?page_id=177"},"modified":"2024-05-28T18:25:51","modified_gmt":"2024-05-28T18:25:51","slug":"modelo-academico","status":"publish","type":"page","link":"https:\/\/conalepags.edu.mx\/inicio\/index.php\/modelo-academico\/","title":{"rendered":"Modelo Acad\u00e9mico"},"content":{"rendered":"\t\t<div data-elementor-type=\"wp-page\" data-elementor-id=\"177\" class=\"elementor elementor-177\">\n\t\t\t\t<div class=\"elementor-element elementor-element-3f6e9f8a e-flex e-con-boxed e-con e-parent\" data-id=\"3f6e9f8a\" data-element_type=\"container\" data-e-type=\"container\">\n\t\t\t\t\t<div class=\"e-con-inner\">\n\t\t\t\t<div class=\"elementor-element elementor-element-4fcfe42 elementor-widget elementor-widget-image\" data-id=\"4fcfe42\" data-element_type=\"widget\" data-e-type=\"widget\" data-widget_type=\"image.default\">\n\t\t\t\t<div class=\"elementor-widget-container\">\n\t\t\t\t\t\t\t\t\t\t\t\t\t\t\t<img decoding=\"async\" src=\"https:\/\/conalepags.edu.mx\/img_sitio\/cabeceras\/encabezado_modelo.gif\" title=\"\" alt=\"\" loading=\"lazy\" \/>\t\t\t\t\t\t\t\t\t\t\t\t\t\t\t<\/div>\n\t\t\t\t<\/div>\n\t\t\t\t<div class=\"elementor-element elementor-element-dbe5a9d elementor-widget elementor-widget-heading\" data-id=\"dbe5a9d\" data-element_type=\"widget\" data-e-type=\"widget\" data-widget_type=\"heading.default\">\n\t\t\t\t<div class=\"elementor-widget-container\">\n\t\t\t\t\t<h2 class=\"elementor-heading-title elementor-size-default\">Modelo Acad\u00e9mico<\/h2>\t\t\t\t<\/div>\n\t\t\t\t<\/div>\n\t\t\t\t<div class=\"elementor-element elementor-element-1907c8aa elementor-widget elementor-widget-text-editor\" data-id=\"1907c8aa\" data-element_type=\"widget\" data-e-type=\"widget\" data-widget_type=\"text-editor.default\">\n\t\t\t\t<div class=\"elementor-widget-container\">\n\t\t\t\t\t\t\t\t\t<p style=\"text-align: justify;\"><span style=\"font-family: arial, helvetica, sans-serif;\">El CONALEP ofrece a trav\u00e9s de su Modelo Acad\u00e9mico una s\u00f3lida formaci\u00f3n ocupacional y acad\u00e9mica, respaldada en valores c\u00edvicos y de sustentabilidad ambiental, que coadyuvan al desarrollo del pa\u00eds, para dar respuesta a las demandas de recursos humanos calificados del sector productivo y, tambi\u00e9n, buscando dar respuesta a las necesidades de formaci\u00f3n de la poblaci\u00f3n joven de nuestro pa\u00eds para acceder a otros niveles educativos.<\/span><\/p>\n<p style=\"text-align: justify;\"><span style=\"font-family: arial, helvetica, sans-serif;\">Este modelo promueve una formaci\u00f3n profesional t\u00e9cnica pertinente, flexible y de vanguardia en congruencia con las necesidades cambiantes del entorno laboral\u037e as\u00ed como una formaci\u00f3n integral y permanente de los individuos en un marco de desarrollo humano sustentable, a trav\u00e9s del desarrollo de competencias con un enfoque constructivista del conocimiento y del fortalecimiento de los mecanismos de vinculaci\u00f3n con el sector productivo e interinstitucional para asegurar la inserci\u00f3n laboral y posibilitar el ingreso a la educaci\u00f3n superior.<\/span><\/p>\n<p style=\"text-align: justify;\"><span style=\"font-family: arial, helvetica, sans-serif;\">Con esto, el CONALEP promueve una formaci\u00f3n de vanguardia de acuerdo con los cambios en el entorno laboral y con los avances cient\u00edficos y tecnol\u00f3gicos relacionados con las \u00e1reas profesionales, enfrentando el reto de responder con equidad, calidad y pertinencia a las transformaciones socioecon\u00f3micas de nuestro pa\u00eds.<\/span><\/p>\n<p style=\"text-align: justify;\"><span style=\"font-family: arial, helvetica, sans-serif;\">El Modelo Educativo para la Educaci\u00f3n Obligatoria, que explica c\u00f3mo la reorganizaci\u00f3n del sistema educativo en cinco grandes ejes contribuir\u00e1 a que todas las ni\u00f1as, ni\u00f1os y j\u00f3venes de nuestro pa\u00eds desarrollen todo su potencial para ser exitosos en el siglo XXI.<\/span><\/p>\n<h4 style=\"text-align: left;\"><span style=\"font-family: arial, helvetica, sans-serif; color: #999999;\"><strong><br><\/strong><\/span><\/h4><h4 style=\"text-align: left;\"><span style=\"font-family: arial, helvetica, sans-serif; color: #999999;\"><strong>Ejes del Modelo Educativo<\/strong><\/span><\/h4>\n<p><span style=\"font-family: arial, helvetica, sans-serif;\">1. El Planteamiento Curricular de la Educaci\u00f3n Media Superior.<\/span><\/p>\n<p><span style=\"font-family: arial, helvetica, sans-serif;\">2. Colocar a las Escuelas de la Educaci\u00f3n Media Superior al Centro del Sistema Educativo.<\/span><\/p>\n<p><span style=\"font-family: arial, helvetica, sans-serif;\">3. Formaci\u00f3n y Desarrollo Profesional Docente en la Educaci\u00f3n Media Superior.<\/span><\/p>\n<p><span style=\"font-family: arial, helvetica, sans-serif;\">4. Impulso a la Inclusi\u00f3n y Equidad en la Educaci\u00f3n Media Superior.<\/span><\/p>\n<p><span style=\"font-family: arial, helvetica, sans-serif;\">5. La Articulaci\u00f3n de la Nueva Gobernanza en la Educaci\u00f3n Media Superior.<\/span><\/p>\t\t\t\t\t\t\t\t<\/div>\n\t\t\t\t<\/div>\n\t\t\t\t\t<\/div>\n\t\t\t\t<\/div>\n\t\t<div class=\"elementor-element elementor-element-2e6604e e-flex e-con-boxed e-con e-parent\" data-id=\"2e6604e\" data-element_type=\"container\" data-e-type=\"container\">\n\t\t\t\t\t<div class=\"e-con-inner\">\n\t\t\t\t\t<\/div>\n\t\t\t\t<\/div>\n\t\t\t\t<\/div>\n\t\t","protected":false},"excerpt":{"rendered":"<p>Modelo Acad\u00e9mico El CONALEP ofrece a trav\u00e9s de su Modelo Acad\u00e9mico una s\u00f3lida formaci\u00f3n ocupacional y acad\u00e9mica, respaldada en valores c\u00edvicos y de sustentabilidad ambiental, que coadyuvan al desarrollo del pa\u00eds, para dar respuesta a las demandas de recursos humanos calificados del sector productivo y, tambi\u00e9n, buscando dar respuesta a las necesidades de formaci\u00f3n de [&hellip;]<\/p>\n","protected":false},"author":1,"featured_media":0,"parent":0,"menu_order":0,"comment_status":"closed","ping_status":"closed","template":"","meta":{"_uag_custom_page_level_css":"","footnotes":""},"class_list":["post-177","page","type-page","status-publish","hentry"],"uagb_featured_image_src":{"full":false,"thumbnail":false,"medium":false,"medium_large":false,"large":false,"1536x1536":false,"2048x2048":false},"uagb_author_info":{"display_name":"admin","author_link":"https:\/\/conalepags.edu.mx\/inicio\/index.php\/author\/admin_9j385v7b\/"},"uagb_comment_info":0,"uagb_excerpt":"Modelo Acad\u00e9mico El CONALEP ofrece a trav\u00e9s de su Modelo Acad\u00e9mico una s\u00f3lida formaci\u00f3n ocupacional y acad\u00e9mica, respaldada en valores c\u00edvicos y de sustentabilidad ambiental, que coadyuvan al desarrollo del pa\u00eds, para dar respuesta a las demandas de recursos humanos calificados del sector productivo y, tambi\u00e9n, buscando dar respuesta a las necesidades de formaci\u00f3n de&hellip;","_links":{"self":[{"href":"https:\/\/conalepags.edu.mx\/inicio\/index.php\/wp-json\/wp\/v2\/pages\/177","targetHints":{"allow":["GET"]}}],"collection":[{"href":"https:\/\/conalepags.edu.mx\/inicio\/index.php\/wp-json\/wp\/v2\/pages"}],"about":[{"href":"https:\/\/conalepags.edu.mx\/inicio\/index.php\/wp-json\/wp\/v2\/types\/page"}],"author":[{"embeddable":true,"href":"https:\/\/conalepags.edu.mx\/inicio\/index.php\/wp-json\/wp\/v2\/users\/1"}],"replies":[{"embeddable":true,"href":"https:\/\/conalepags.edu.mx\/inicio\/index.php\/wp-json\/wp\/v2\/comments?post=177"}],"version-history":[{"count":11,"href":"https:\/\/conalepags.edu.mx\/inicio\/index.php\/wp-json\/wp\/v2\/pages\/177\/revisions"}],"predecessor-version":[{"id":493,"href":"https:\/\/conalepags.edu.mx\/inicio\/index.php\/wp-json\/wp\/v2\/pages\/177\/revisions\/493"}],"wp:attachment":[{"href":"https:\/\/conalepags.edu.mx\/inicio\/index.php\/wp-json\/wp\/v2\/media?parent=177"}],"curies":[{"name":"wp","href":"https:\/\/api.w.org\/{rel}","templated":true}]}}