{"id":1898,"date":"2025-04-16T17:17:31","date_gmt":"2025-04-16T17:17:31","guid":{"rendered":"https:\/\/conalepags.edu.mx\/inicio\/?page_id=1898"},"modified":"2025-04-16T17:25:42","modified_gmt":"2025-04-16T17:25:42","slug":"valores","status":"publish","type":"page","link":"https:\/\/conalepags.edu.mx\/inicio\/index.php\/valores\/","title":{"rendered":"Valores"},"content":{"rendered":"\t\t<div data-elementor-type=\"wp-page\" data-elementor-id=\"1898\" class=\"elementor elementor-1898\">\n\t\t\t\t<div class=\"elementor-element elementor-element-459f4ec e-flex e-con-boxed e-con e-parent\" data-id=\"459f4ec\" data-element_type=\"container\" data-e-type=\"container\">\n\t\t\t\t\t<div class=\"e-con-inner\">\n\t\t\t\t<div class=\"elementor-element elementor-element-6f55470 elementor-widget elementor-widget-text-editor\" data-id=\"6f55470\" data-element_type=\"widget\" data-e-type=\"widget\" data-widget_type=\"text-editor.default\">\n\t\t\t\t<div class=\"elementor-widget-container\">\n\t\t\t\t\t\t\t\t\t<h3 style=\"text-align: center;\"><strong>VALORES CONALEP<\/strong><\/h3><p style=\"text-align: justify;\">Los valores del Conalep han sido un elemento indispensable para el correcto desarrollo y evoluci\u00f3n de la Instituci\u00f3n. Estos valores son esenciales para formar ciudadanos responsables, \u00e9ticos y comprometidos con la sociedad.<\/p>\t\t\t\t\t\t\t\t<\/div>\n\t\t\t\t<\/div>\n\t\t\t\t\t<\/div>\n\t\t\t\t<\/div>\n\t\t<div class=\"elementor-element elementor-element-6a5d077 e-flex e-con-boxed e-con e-parent\" data-id=\"6a5d077\" data-element_type=\"container\" data-e-type=\"container\">\n\t\t\t\t\t<div class=\"e-con-inner\">\n\t\t\t\t<div class=\"elementor-element elementor-element-d5b2119 elementor-widget elementor-widget-n-accordion\" data-id=\"d5b2119\" data-element_type=\"widget\" data-e-type=\"widget\" data-settings=\"{&quot;default_state&quot;:&quot;expanded&quot;,&quot;max_items_expended&quot;:&quot;one&quot;,&quot;n_accordion_animation_duration&quot;:{&quot;unit&quot;:&quot;ms&quot;,&quot;size&quot;:400,&quot;sizes&quot;:[]}}\" data-widget_type=\"nested-accordion.default\">\n\t\t\t\t<div class=\"elementor-widget-container\">\n\t\t\t\t\t\t\t<div class=\"e-n-accordion\" aria-label=\"Accordion. Open links with Enter or Space, close with Escape, and navigate with Arrow Keys\">\n\t\t\t\t\t\t<details id=\"e-n-accordion-item-2240\" class=\"e-n-accordion-item\" open>\n\t\t\t\t<summary class=\"e-n-accordion-item-title\" data-accordion-index=\"1\" tabindex=\"0\" aria-expanded=\"true\" aria-controls=\"e-n-accordion-item-2240\" >\n\t\t\t\t\t<span class='e-n-accordion-item-title-header'><div class=\"e-n-accordion-item-title-text\"> RESPONSABILIDAD <\/div><\/span>\n\t\t\t\t\t\t\t<span class='e-n-accordion-item-title-icon'>\n\t\t\t<span class='e-opened' ><svg aria-hidden=\"true\" class=\"e-font-icon-svg e-fas-minus\" viewBox=\"0 0 448 512\" xmlns=\"http:\/\/www.w3.org\/2000\/svg\"><path d=\"M416 208H32c-17.67 0-32 14.33-32 32v32c0 17.67 14.33 32 32 32h384c17.67 0 32-14.33 32-32v-32c0-17.67-14.33-32-32-32z\"><\/path><\/svg><\/span>\n\t\t\t<span class='e-closed'><svg aria-hidden=\"true\" class=\"e-font-icon-svg e-fas-plus\" viewBox=\"0 0 448 512\" xmlns=\"http:\/\/www.w3.org\/2000\/svg\"><path d=\"M416 208H272V64c0-17.67-14.33-32-32-32h-32c-17.67 0-32 14.33-32 32v144H32c-17.67 0-32 14.33-32 32v32c0 17.67 14.33 32 32 32h144v144c0 17.67 14.33 32 32 32h32c17.67 0 32-14.33 32-32V304h144c17.67 0 32-14.33 32-32v-32c0-17.67-14.33-32-32-32z\"><\/path><\/svg><\/span>\n\t\t<\/span>\n\n\t\t\t\t\t\t<\/summary>\n\t\t\t\t<div role=\"region\" aria-labelledby=\"e-n-accordion-item-2240\" class=\"elementor-element elementor-element-881f306 e-con-full e-flex e-con e-child\" data-id=\"881f306\" data-element_type=\"container\" data-e-type=\"container\">\n\t\t\t\t<div class=\"elementor-element elementor-element-723aa37 elementor-widget elementor-widget-text-editor\" data-id=\"723aa37\" data-element_type=\"widget\" data-e-type=\"widget\" data-widget_type=\"text-editor.default\">\n\t\t\t\t<div class=\"elementor-widget-container\">\n\t\t\t\t\t\t\t\t\t<p><img fetchpriority=\"high\" decoding=\"async\" class=\"alignnone size-medium wp-image-1905 aligncenter\" src=\"https:\/\/conalepags.edu.mx\/inicio\/wp-content\/uploads\/2025\/04\/RESPONSABILIDAD-200x300.png\" alt=\"\" width=\"200\" height=\"300\" srcset=\"https:\/\/conalepags.edu.mx\/inicio\/wp-content\/uploads\/2025\/04\/RESPONSABILIDAD-200x300.png 200w, https:\/\/conalepags.edu.mx\/inicio\/wp-content\/uploads\/2025\/04\/RESPONSABILIDAD-682x1024.png 682w, https:\/\/conalepags.edu.mx\/inicio\/wp-content\/uploads\/2025\/04\/RESPONSABILIDAD-768x1153.png 768w, https:\/\/conalepags.edu.mx\/inicio\/wp-content\/uploads\/2025\/04\/RESPONSABILIDAD.png 850w\" sizes=\"(max-width: 200px) 100vw, 200px\" \/><\/p><p style=\"text-align: center;\"><strong>\u00abNo esperes a que otros lo hagan por ti\u00bb<\/strong><\/p><p>Cada uno de nosotros debe responsabilizarse del resultado de su trabajo y tomar sus propias decisiones dentro del \u00e1mbito de su competencia.<\/p>\t\t\t\t\t\t\t\t<\/div>\n\t\t\t\t<\/div>\n\t\t\t\t<\/div>\n\t\t\t\t\t<\/details>\n\t\t\t\t\t\t<details id=\"e-n-accordion-item-2241\" class=\"e-n-accordion-item\" >\n\t\t\t\t<summary class=\"e-n-accordion-item-title\" data-accordion-index=\"2\" tabindex=\"-1\" aria-expanded=\"false\" aria-controls=\"e-n-accordion-item-2241\" >\n\t\t\t\t\t<span class='e-n-accordion-item-title-header'><div class=\"e-n-accordion-item-title-text\"> COMUNICACI\u00d3N <\/div><\/span>\n\t\t\t\t\t\t\t<span class='e-n-accordion-item-title-icon'>\n\t\t\t<span class='e-opened' ><svg aria-hidden=\"true\" class=\"e-font-icon-svg e-fas-minus\" viewBox=\"0 0 448 512\" xmlns=\"http:\/\/www.w3.org\/2000\/svg\"><path d=\"M416 208H32c-17.67 0-32 14.33-32 32v32c0 17.67 14.33 32 32 32h384c17.67 0 32-14.33 32-32v-32c0-17.67-14.33-32-32-32z\"><\/path><\/svg><\/span>\n\t\t\t<span class='e-closed'><svg aria-hidden=\"true\" class=\"e-font-icon-svg e-fas-plus\" viewBox=\"0 0 448 512\" xmlns=\"http:\/\/www.w3.org\/2000\/svg\"><path d=\"M416 208H272V64c0-17.67-14.33-32-32-32h-32c-17.67 0-32 14.33-32 32v144H32c-17.67 0-32 14.33-32 32v32c0 17.67 14.33 32 32 32h144v144c0 17.67 14.33 32 32 32h32c17.67 0 32-14.33 32-32V304h144c17.67 0 32-14.33 32-32v-32c0-17.67-14.33-32-32-32z\"><\/path><\/svg><\/span>\n\t\t<\/span>\n\n\t\t\t\t\t\t<\/summary>\n\t\t\t\t<div role=\"region\" aria-labelledby=\"e-n-accordion-item-2241\" class=\"elementor-element elementor-element-d2fb851 e-con-full e-flex e-con e-child\" data-id=\"d2fb851\" data-element_type=\"container\" data-e-type=\"container\">\n\t\t\t\t<div class=\"elementor-element elementor-element-aeb3582 elementor-widget elementor-widget-text-editor\" data-id=\"aeb3582\" data-element_type=\"widget\" data-e-type=\"widget\" data-widget_type=\"text-editor.default\">\n\t\t\t\t<div class=\"elementor-widget-container\">\n\t\t\t\t\t\t\t\t\t<p><img decoding=\"async\" class=\"alignnone size-medium wp-image-1903 aligncenter\" src=\"https:\/\/conalepags.edu.mx\/inicio\/wp-content\/uploads\/2025\/04\/COMUNICACION-200x300.png\" alt=\"\" width=\"200\" height=\"300\" srcset=\"https:\/\/conalepags.edu.mx\/inicio\/wp-content\/uploads\/2025\/04\/COMUNICACION-200x300.png 200w, https:\/\/conalepags.edu.mx\/inicio\/wp-content\/uploads\/2025\/04\/COMUNICACION-682x1024.png 682w, https:\/\/conalepags.edu.mx\/inicio\/wp-content\/uploads\/2025\/04\/COMUNICACION-768x1153.png 768w, https:\/\/conalepags.edu.mx\/inicio\/wp-content\/uploads\/2025\/04\/COMUNICACION.png 850w\" sizes=\"(max-width: 200px) 100vw, 200px\" \/><\/p><p style=\"text-align: center;\"><strong>\u00abInformaci\u00f3n para el entendimiento, comunicaci\u00f3n para el aprendizaje\u00bb\u00a0<\/strong><\/p><p>Fomentamos la fluidez de comunicaci\u00f3n institucional, lo que implica claridad en la transmisi\u00f3n de ideas y de informaci\u00f3n, as\u00ed como una actitud responsable por parte del receptor.<\/p>\t\t\t\t\t\t\t\t<\/div>\n\t\t\t\t<\/div>\n\t\t\t\t<\/div>\n\t\t\t\t\t<\/details>\n\t\t\t\t\t\t<details id=\"e-n-accordion-item-2242\" class=\"e-n-accordion-item\" >\n\t\t\t\t<summary class=\"e-n-accordion-item-title\" data-accordion-index=\"3\" tabindex=\"-1\" aria-expanded=\"false\" aria-controls=\"e-n-accordion-item-2242\" >\n\t\t\t\t\t<span class='e-n-accordion-item-title-header'><div class=\"e-n-accordion-item-title-text\"> RESPETO A LA PERSONA <\/div><\/span>\n\t\t\t\t\t\t\t<span class='e-n-accordion-item-title-icon'>\n\t\t\t<span class='e-opened' ><svg aria-hidden=\"true\" class=\"e-font-icon-svg e-fas-minus\" viewBox=\"0 0 448 512\" xmlns=\"http:\/\/www.w3.org\/2000\/svg\"><path d=\"M416 208H32c-17.67 0-32 14.33-32 32v32c0 17.67 14.33 32 32 32h384c17.67 0 32-14.33 32-32v-32c0-17.67-14.33-32-32-32z\"><\/path><\/svg><\/span>\n\t\t\t<span class='e-closed'><svg aria-hidden=\"true\" class=\"e-font-icon-svg e-fas-plus\" viewBox=\"0 0 448 512\" xmlns=\"http:\/\/www.w3.org\/2000\/svg\"><path d=\"M416 208H272V64c0-17.67-14.33-32-32-32h-32c-17.67 0-32 14.33-32 32v144H32c-17.67 0-32 14.33-32 32v32c0 17.67 14.33 32 32 32h144v144c0 17.67 14.33 32 32 32h32c17.67 0 32-14.33 32-32V304h144c17.67 0 32-14.33 32-32v-32c0-17.67-14.33-32-32-32z\"><\/path><\/svg><\/span>\n\t\t<\/span>\n\n\t\t\t\t\t\t<\/summary>\n\t\t\t\t<div role=\"region\" aria-labelledby=\"e-n-accordion-item-2242\" class=\"elementor-element elementor-element-4d50162 e-con-full e-flex e-con e-child\" data-id=\"4d50162\" data-element_type=\"container\" data-e-type=\"container\">\n\t\t\t\t<div class=\"elementor-element elementor-element-34e8487 elementor-widget elementor-widget-text-editor\" data-id=\"34e8487\" data-element_type=\"widget\" data-e-type=\"widget\" data-widget_type=\"text-editor.default\">\n\t\t\t\t<div class=\"elementor-widget-container\">\n\t\t\t\t\t\t\t\t\t<p><img decoding=\"async\" class=\"alignnone size-medium wp-image-1904 aligncenter\" src=\"https:\/\/conalepags.edu.mx\/inicio\/wp-content\/uploads\/2025\/04\/RESPETO-200x300.png\" alt=\"\" width=\"200\" height=\"300\" srcset=\"https:\/\/conalepags.edu.mx\/inicio\/wp-content\/uploads\/2025\/04\/RESPETO-200x300.png 200w, https:\/\/conalepags.edu.mx\/inicio\/wp-content\/uploads\/2025\/04\/RESPETO-682x1024.png 682w, https:\/\/conalepags.edu.mx\/inicio\/wp-content\/uploads\/2025\/04\/RESPETO-768x1153.png 768w, https:\/\/conalepags.edu.mx\/inicio\/wp-content\/uploads\/2025\/04\/RESPETO.png 850w\" sizes=\"(max-width: 200px) 100vw, 200px\" \/><\/p><p style=\"text-align: center;\"><strong>\u00abRespetar al otro es respetarte a ti mismo\u00bb<\/strong><\/p><p style=\"text-align: justify;\"><br \/>Consideramos a cada una de las personas como individuos dignos de atenci\u00f3n, con intereses m\u00e1s all\u00e1 de lo estrictamente profesional o laboral.<\/p>\t\t\t\t\t\t\t\t<\/div>\n\t\t\t\t<\/div>\n\t\t\t\t<\/div>\n\t\t\t\t\t<\/details>\n\t\t\t\t\t\t<details id=\"e-n-accordion-item-2243\" class=\"e-n-accordion-item\" >\n\t\t\t\t<summary class=\"e-n-accordion-item-title\" data-accordion-index=\"4\" tabindex=\"-1\" aria-expanded=\"false\" aria-controls=\"e-n-accordion-item-2243\" >\n\t\t\t\t\t<span class='e-n-accordion-item-title-header'><div class=\"e-n-accordion-item-title-text\"> COMPROMISO CON LA SOCIEDAD <\/div><\/span>\n\t\t\t\t\t\t\t<span class='e-n-accordion-item-title-icon'>\n\t\t\t<span class='e-opened' ><svg aria-hidden=\"true\" class=\"e-font-icon-svg e-fas-minus\" viewBox=\"0 0 448 512\" xmlns=\"http:\/\/www.w3.org\/2000\/svg\"><path d=\"M416 208H32c-17.67 0-32 14.33-32 32v32c0 17.67 14.33 32 32 32h384c17.67 0 32-14.33 32-32v-32c0-17.67-14.33-32-32-32z\"><\/path><\/svg><\/span>\n\t\t\t<span class='e-closed'><svg aria-hidden=\"true\" class=\"e-font-icon-svg e-fas-plus\" viewBox=\"0 0 448 512\" xmlns=\"http:\/\/www.w3.org\/2000\/svg\"><path d=\"M416 208H272V64c0-17.67-14.33-32-32-32h-32c-17.67 0-32 14.33-32 32v144H32c-17.67 0-32 14.33-32 32v32c0 17.67 14.33 32 32 32h144v144c0 17.67 14.33 32 32 32h32c17.67 0 32-14.33 32-32V304h144c17.67 0 32-14.33 32-32v-32c0-17.67-14.33-32-32-32z\"><\/path><\/svg><\/span>\n\t\t<\/span>\n\n\t\t\t\t\t\t<\/summary>\n\t\t\t\t<div role=\"region\" aria-labelledby=\"e-n-accordion-item-2243\" class=\"elementor-element elementor-element-59a1153 e-flex e-con-boxed e-con e-child\" data-id=\"59a1153\" data-element_type=\"container\" data-e-type=\"container\">\n\t\t\t\t\t<div class=\"e-con-inner\">\n\t\t\t\t<div class=\"elementor-element elementor-element-9306973 elementor-widget elementor-widget-text-editor\" data-id=\"9306973\" data-element_type=\"widget\" data-e-type=\"widget\" data-widget_type=\"text-editor.default\">\n\t\t\t\t<div class=\"elementor-widget-container\">\n\t\t\t\t\t\t\t\t\t<p style=\"text-align: center;\"><strong><img loading=\"lazy\" decoding=\"async\" class=\"alignnone size-medium wp-image-1902\" src=\"https:\/\/conalepags.edu.mx\/inicio\/wp-content\/uploads\/2025\/04\/COMPROMISO-200x300.png\" alt=\"\" width=\"200\" height=\"300\" srcset=\"https:\/\/conalepags.edu.mx\/inicio\/wp-content\/uploads\/2025\/04\/COMPROMISO-200x300.png 200w, https:\/\/conalepags.edu.mx\/inicio\/wp-content\/uploads\/2025\/04\/COMPROMISO-682x1024.png 682w, https:\/\/conalepags.edu.mx\/inicio\/wp-content\/uploads\/2025\/04\/COMPROMISO-768x1153.png 768w, https:\/\/conalepags.edu.mx\/inicio\/wp-content\/uploads\/2025\/04\/COMPROMISO.png 850w\" sizes=\"(max-width: 200px) 100vw, 200px\" \/><\/strong><\/p><p style=\"text-align: center;\"><strong>\u00abLa Sociedad: Horizonte de nuestros esfuerzos\u00bb<\/strong><\/p><p style=\"text-align: justify;\">Reconocemos a la sociedad como la beneficiaria de nuestro trabajo, considerando la<br \/>importancia de su participaci\u00f3n en la determinaci\u00f3n de nuestro rumbo. Para ello debemos atender las necesidades espec\u00edficas de cada regi\u00f3n, aprovechando las ventajas y compensando las desventajas en cada una de ellas.<\/p>\t\t\t\t\t\t\t\t<\/div>\n\t\t\t\t<\/div>\n\t\t\t\t\t<\/div>\n\t\t\t\t<\/div>\n\t\t\t\t\t<\/details>\n\t\t\t\t\t\t<details id=\"e-n-accordion-item-2244\" class=\"e-n-accordion-item\" >\n\t\t\t\t<summary class=\"e-n-accordion-item-title\" data-accordion-index=\"5\" tabindex=\"-1\" aria-expanded=\"false\" aria-controls=\"e-n-accordion-item-2244\" >\n\t\t\t\t\t<span class='e-n-accordion-item-title-header'><div class=\"e-n-accordion-item-title-text\"> COOPERACI\u00d3N <\/div><\/span>\n\t\t\t\t\t\t\t<span class='e-n-accordion-item-title-icon'>\n\t\t\t<span class='e-opened' ><svg aria-hidden=\"true\" class=\"e-font-icon-svg e-fas-minus\" viewBox=\"0 0 448 512\" xmlns=\"http:\/\/www.w3.org\/2000\/svg\"><path d=\"M416 208H32c-17.67 0-32 14.33-32 32v32c0 17.67 14.33 32 32 32h384c17.67 0 32-14.33 32-32v-32c0-17.67-14.33-32-32-32z\"><\/path><\/svg><\/span>\n\t\t\t<span class='e-closed'><svg aria-hidden=\"true\" class=\"e-font-icon-svg e-fas-plus\" viewBox=\"0 0 448 512\" xmlns=\"http:\/\/www.w3.org\/2000\/svg\"><path d=\"M416 208H272V64c0-17.67-14.33-32-32-32h-32c-17.67 0-32 14.33-32 32v144H32c-17.67 0-32 14.33-32 32v32c0 17.67 14.33 32 32 32h144v144c0 17.67 14.33 32 32 32h32c17.67 0 32-14.33 32-32V304h144c17.67 0 32-14.33 32-32v-32c0-17.67-14.33-32-32-32z\"><\/path><\/svg><\/span>\n\t\t<\/span>\n\n\t\t\t\t\t\t<\/summary>\n\t\t\t\t<div role=\"region\" aria-labelledby=\"e-n-accordion-item-2244\" class=\"elementor-element elementor-element-bb7100a e-flex e-con-boxed e-con e-child\" data-id=\"bb7100a\" data-element_type=\"container\" data-e-type=\"container\">\n\t\t\t\t\t<div class=\"e-con-inner\">\n\t\t\t\t<div class=\"elementor-element elementor-element-c497fce elementor-widget elementor-widget-text-editor\" data-id=\"c497fce\" data-element_type=\"widget\" data-e-type=\"widget\" data-widget_type=\"text-editor.default\">\n\t\t\t\t<div class=\"elementor-widget-container\">\n\t\t\t\t\t\t\t\t\t<p><img loading=\"lazy\" decoding=\"async\" class=\"aligncenter wp-image-1899 size-medium\" src=\"https:\/\/conalepags.edu.mx\/inicio\/wp-content\/uploads\/2025\/04\/COOPERACION-200x300.png\" alt=\"\" width=\"200\" height=\"300\" srcset=\"https:\/\/conalepags.edu.mx\/inicio\/wp-content\/uploads\/2025\/04\/COOPERACION-200x300.png 200w, https:\/\/conalepags.edu.mx\/inicio\/wp-content\/uploads\/2025\/04\/COOPERACION-682x1024.png 682w, https:\/\/conalepags.edu.mx\/inicio\/wp-content\/uploads\/2025\/04\/COOPERACION-768x1153.png 768w, https:\/\/conalepags.edu.mx\/inicio\/wp-content\/uploads\/2025\/04\/COOPERACION.png 850w\" sizes=\"(max-width: 200px) 100vw, 200px\" \/><\/p><p style=\"text-align: center;\"><strong>\u00abJuntos lo haremos mejor\u00bb<\/strong><\/p><p style=\"text-align: justify;\">El todo es m\u00e1s que la suma de las partes, por lo que impulsamos el trabajo en equipo, respetando las diferencias, complementando esfuerzos y construyendo aportaciones de los dem\u00e1s.<\/p>\t\t\t\t\t\t\t\t<\/div>\n\t\t\t\t<\/div>\n\t\t\t\t\t<\/div>\n\t\t\t\t<\/div>\n\t\t\t\t\t<\/details>\n\t\t\t\t\t\t<details id=\"e-n-accordion-item-2245\" class=\"e-n-accordion-item\" >\n\t\t\t\t<summary class=\"e-n-accordion-item-title\" data-accordion-index=\"6\" tabindex=\"-1\" aria-expanded=\"false\" aria-controls=\"e-n-accordion-item-2245\" >\n\t\t\t\t\t<span class='e-n-accordion-item-title-header'><div class=\"e-n-accordion-item-title-text\"> MENTALIDAD POSITIVA <\/div><\/span>\n\t\t\t\t\t\t\t<span class='e-n-accordion-item-title-icon'>\n\t\t\t<span class='e-opened' ><svg aria-hidden=\"true\" class=\"e-font-icon-svg e-fas-minus\" viewBox=\"0 0 448 512\" xmlns=\"http:\/\/www.w3.org\/2000\/svg\"><path d=\"M416 208H32c-17.67 0-32 14.33-32 32v32c0 17.67 14.33 32 32 32h384c17.67 0 32-14.33 32-32v-32c0-17.67-14.33-32-32-32z\"><\/path><\/svg><\/span>\n\t\t\t<span class='e-closed'><svg aria-hidden=\"true\" class=\"e-font-icon-svg e-fas-plus\" viewBox=\"0 0 448 512\" xmlns=\"http:\/\/www.w3.org\/2000\/svg\"><path d=\"M416 208H272V64c0-17.67-14.33-32-32-32h-32c-17.67 0-32 14.33-32 32v144H32c-17.67 0-32 14.33-32 32v32c0 17.67 14.33 32 32 32h144v144c0 17.67 14.33 32 32 32h32c17.67 0 32-14.33 32-32V304h144c17.67 0 32-14.33 32-32v-32c0-17.67-14.33-32-32-32z\"><\/path><\/svg><\/span>\n\t\t<\/span>\n\n\t\t\t\t\t\t<\/summary>\n\t\t\t\t<div role=\"region\" aria-labelledby=\"e-n-accordion-item-2245\" class=\"elementor-element elementor-element-7c0becd e-flex e-con-boxed e-con e-child\" data-id=\"7c0becd\" data-element_type=\"container\" data-e-type=\"container\">\n\t\t\t\t\t<div class=\"e-con-inner\">\n\t\t\t\t<div class=\"elementor-element elementor-element-73b6eba elementor-widget elementor-widget-text-editor\" data-id=\"73b6eba\" data-element_type=\"widget\" data-e-type=\"widget\" data-widget_type=\"text-editor.default\">\n\t\t\t\t<div class=\"elementor-widget-container\">\n\t\t\t\t\t\t\t\t\t<p><img loading=\"lazy\" decoding=\"async\" class=\"alignnone size-medium wp-image-1900 aligncenter\" src=\"https:\/\/conalepags.edu.mx\/inicio\/wp-content\/uploads\/2025\/04\/MENTALIDAD-200x300.png\" alt=\"\" width=\"200\" height=\"300\" srcset=\"https:\/\/conalepags.edu.mx\/inicio\/wp-content\/uploads\/2025\/04\/MENTALIDAD-200x300.png 200w, https:\/\/conalepags.edu.mx\/inicio\/wp-content\/uploads\/2025\/04\/MENTALIDAD-682x1024.png 682w, https:\/\/conalepags.edu.mx\/inicio\/wp-content\/uploads\/2025\/04\/MENTALIDAD-768x1153.png 768w, https:\/\/conalepags.edu.mx\/inicio\/wp-content\/uploads\/2025\/04\/MENTALIDAD.png 850w\" sizes=\"(max-width: 200px) 100vw, 200px\" \/><\/p><p style=\"text-align: center;\"><strong>\u00abEl camino m\u00e1s largo empieza con el primer paso\u00bb<\/strong><\/p><p style=\"text-align: justify;\">Tenemos la disposici\u00f3n para enfrentar retos con una visi\u00f3n de \u00e9xito, considerando que siempre habr\u00e1 una soluci\u00f3n para cada problema y evitando la inmovilidad ante la magnitud de la tarea a emprender.<\/p>\t\t\t\t\t\t\t\t<\/div>\n\t\t\t\t<\/div>\n\t\t\t\t\t<\/div>\n\t\t\t\t<\/div>\n\t\t\t\t\t<\/details>\n\t\t\t\t\t\t<details id=\"e-n-accordion-item-2246\" class=\"e-n-accordion-item\" >\n\t\t\t\t<summary class=\"e-n-accordion-item-title\" data-accordion-index=\"7\" tabindex=\"-1\" aria-expanded=\"false\" aria-controls=\"e-n-accordion-item-2246\" >\n\t\t\t\t\t<span class='e-n-accordion-item-title-header'><div class=\"e-n-accordion-item-title-text\"> CALIDAD <\/div><\/span>\n\t\t\t\t\t\t\t<span class='e-n-accordion-item-title-icon'>\n\t\t\t<span class='e-opened' ><svg aria-hidden=\"true\" class=\"e-font-icon-svg e-fas-minus\" viewBox=\"0 0 448 512\" xmlns=\"http:\/\/www.w3.org\/2000\/svg\"><path d=\"M416 208H32c-17.67 0-32 14.33-32 32v32c0 17.67 14.33 32 32 32h384c17.67 0 32-14.33 32-32v-32c0-17.67-14.33-32-32-32z\"><\/path><\/svg><\/span>\n\t\t\t<span class='e-closed'><svg aria-hidden=\"true\" class=\"e-font-icon-svg e-fas-plus\" viewBox=\"0 0 448 512\" xmlns=\"http:\/\/www.w3.org\/2000\/svg\"><path d=\"M416 208H272V64c0-17.67-14.33-32-32-32h-32c-17.67 0-32 14.33-32 32v144H32c-17.67 0-32 14.33-32 32v32c0 17.67 14.33 32 32 32h144v144c0 17.67 14.33 32 32 32h32c17.67 0 32-14.33 32-32V304h144c17.67 0 32-14.33 32-32v-32c0-17.67-14.33-32-32-32z\"><\/path><\/svg><\/span>\n\t\t<\/span>\n\n\t\t\t\t\t\t<\/summary>\n\t\t\t\t<div role=\"region\" aria-labelledby=\"e-n-accordion-item-2246\" class=\"elementor-element elementor-element-d5a003b e-flex e-con-boxed e-con e-child\" data-id=\"d5a003b\" data-element_type=\"container\" data-e-type=\"container\">\n\t\t\t\t\t<div class=\"e-con-inner\">\n\t\t\t\t<div class=\"elementor-element elementor-element-b97f330 elementor-widget elementor-widget-text-editor\" data-id=\"b97f330\" data-element_type=\"widget\" data-e-type=\"widget\" data-widget_type=\"text-editor.default\">\n\t\t\t\t<div class=\"elementor-widget-container\">\n\t\t\t\t\t\t\t\t\t<p style=\"text-align: center;\"><strong><img loading=\"lazy\" decoding=\"async\" class=\"alignnone size-medium wp-image-1901\" src=\"https:\/\/conalepags.edu.mx\/inicio\/wp-content\/uploads\/2025\/04\/CALIDAD-200x300.png\" alt=\"\" width=\"200\" height=\"300\" srcset=\"https:\/\/conalepags.edu.mx\/inicio\/wp-content\/uploads\/2025\/04\/CALIDAD-200x300.png 200w, https:\/\/conalepags.edu.mx\/inicio\/wp-content\/uploads\/2025\/04\/CALIDAD-682x1024.png 682w, https:\/\/conalepags.edu.mx\/inicio\/wp-content\/uploads\/2025\/04\/CALIDAD-768x1153.png 768w, https:\/\/conalepags.edu.mx\/inicio\/wp-content\/uploads\/2025\/04\/CALIDAD.png 850w\" sizes=\"(max-width: 200px) 100vw, 200px\" \/><\/strong><\/p><p style=\"text-align: center;\"><strong>\u00abLa primera es la vencida\u00bb<\/strong><\/p><p style=\"text-align: justify;\">Hacemos las cosas bien desde la primera vez, teniendo en mente a la persona o \u00e1rea que har\u00e1 uso de nuestros productos o servicios, considerando lo que necesita y cu\u00e1ndo lo necesita.<\/p>\t\t\t\t\t\t\t\t<\/div>\n\t\t\t\t<\/div>\n\t\t\t\t\t<\/div>\n\t\t\t\t<\/div>\n\t\t\t\t\t<\/details>\n\t\t\t\t\t<\/div>\n\t\t\t\t\t\t<\/div>\n\t\t\t\t<\/div>\n\t\t\t\t\t<\/div>\n\t\t\t\t<\/div>\n\t\t\t\t<\/div>\n\t\t","protected":false},"excerpt":{"rendered":"<p>VALORES CONALEP Los valores del Conalep han sido un elemento indispensable para el correcto desarrollo y evoluci\u00f3n de la Instituci\u00f3n. Estos valores son esenciales para formar ciudadanos responsables, \u00e9ticos y comprometidos con la sociedad. RESPONSABILIDAD \u00abNo esperes a que otros lo hagan por ti\u00bb Cada uno de nosotros debe responsabilizarse del resultado de su trabajo [&hellip;]<\/p>\n","protected":false},"author":1,"featured_media":0,"parent":0,"menu_order":0,"comment_status":"closed","ping_status":"closed","template":"","meta":{"_uag_custom_page_level_css":"","footnotes":""},"class_list":["post-1898","page","type-page","status-publish","hentry"],"uagb_featured_image_src":{"full":false,"thumbnail":false,"medium":false,"medium_large":false,"large":false,"1536x1536":false,"2048x2048":false},"uagb_author_info":{"display_name":"admin","author_link":"https:\/\/conalepags.edu.mx\/inicio\/index.php\/author\/admin_9j385v7b\/"},"uagb_comment_info":0,"uagb_excerpt":"VALORES CONALEP Los valores del Conalep han sido un elemento indispensable para el correcto desarrollo y evoluci\u00f3n de la Instituci\u00f3n. Estos valores son esenciales para formar ciudadanos responsables, \u00e9ticos y comprometidos con la sociedad. RESPONSABILIDAD \u00abNo esperes a que otros lo hagan por ti\u00bb Cada uno de nosotros debe responsabilizarse del resultado de su trabajo&hellip;","_links":{"self":[{"href":"https:\/\/conalepags.edu.mx\/inicio\/index.php\/wp-json\/wp\/v2\/pages\/1898","targetHints":{"allow":["GET"]}}],"collection":[{"href":"https:\/\/conalepags.edu.mx\/inicio\/index.php\/wp-json\/wp\/v2\/pages"}],"about":[{"href":"https:\/\/conalepags.edu.mx\/inicio\/index.php\/wp-json\/wp\/v2\/types\/page"}],"author":[{"embeddable":true,"href":"https:\/\/conalepags.edu.mx\/inicio\/index.php\/wp-json\/wp\/v2\/users\/1"}],"replies":[{"embeddable":true,"href":"https:\/\/conalepags.edu.mx\/inicio\/index.php\/wp-json\/wp\/v2\/comments?post=1898"}],"version-history":[{"count":18,"href":"https:\/\/conalepags.edu.mx\/inicio\/index.php\/wp-json\/wp\/v2\/pages\/1898\/revisions"}],"predecessor-version":[{"id":1929,"href":"https:\/\/conalepags.edu.mx\/inicio\/index.php\/wp-json\/wp\/v2\/pages\/1898\/revisions\/1929"}],"wp:attachment":[{"href":"https:\/\/conalepags.edu.mx\/inicio\/index.php\/wp-json\/wp\/v2\/media?parent=1898"}],"curies":[{"name":"wp","href":"https:\/\/api.w.org\/{rel}","templated":true}]}}