{"id":2074,"date":"2025-09-02T21:36:45","date_gmt":"2025-09-02T21:36:45","guid":{"rendered":"https:\/\/conalepags.edu.mx\/inicio\/?page_id=2074"},"modified":"2026-03-23T19:06:53","modified_gmt":"2026-03-23T19:06:53","slug":"informe-de-actividades","status":"publish","type":"page","link":"https:\/\/conalepags.edu.mx\/inicio\/index.php\/informe-de-actividades\/","title":{"rendered":"Informe de Actividades"},"content":{"rendered":"\t\t<div data-elementor-type=\"wp-page\" data-elementor-id=\"2074\" class=\"elementor elementor-2074\">\n\t\t\t\t<div class=\"elementor-element elementor-element-41396ea e-flex e-con-boxed e-con e-parent\" data-id=\"41396ea\" data-element_type=\"container\" data-e-type=\"container\">\n\t\t\t\t\t<div class=\"e-con-inner\">\n\t\t\t\t<div class=\"elementor-element elementor-element-de5ecc8 elementor-widget elementor-widget-text-editor\" data-id=\"de5ecc8\" data-element_type=\"widget\" data-e-type=\"widget\" data-widget_type=\"text-editor.default\">\n\t\t\t\t<div class=\"elementor-widget-container\">\n\t\t\t\t\t\t\t\t\t<h2 style=\"text-align: center;\">Informe de Actividades<\/h2><p style=\"text-align: justify;\"><span data-olk-copy-source=\"MessageBody\">En este apartado se publican los informes de actividades presentados por el CONALEP Aguascalientes ante la H. Junta Directiva. Cada documento integra resultados por \u00e1rea (acad\u00e9mica, servicios escolares, vinculaci\u00f3n, administraci\u00f3n y finanzas, planeaci\u00f3n y calidad), avances de indicadores e iniciativas de mejora continua. Los informes se organizan por sesi\u00f3n y periodo, en formato PDF para su consulta p\u00fablica.<\/span><\/p>\t\t\t\t\t\t\t\t<\/div>\n\t\t\t\t<\/div>\n\t\t\t\t<div class=\"elementor-element elementor-element-44a3176 e-n-tabs-mobile elementor-widget elementor-widget-n-tabs\" data-id=\"44a3176\" data-element_type=\"widget\" data-e-type=\"widget\" data-settings=\"{&quot;horizontal_scroll&quot;:&quot;disable&quot;}\" data-widget_type=\"nested-tabs.default\">\n\t\t\t\t<div class=\"elementor-widget-container\">\n\t\t\t\t\t\t\t<div class=\"e-n-tabs\" data-widget-number=\"71971190\" aria-label=\"Pesta\u00f1as. Abre elementos con Intro o Espacio, ci\u00e9rralos con Escape y navega con las fechas.\">\n\t\t\t<div class=\"e-n-tabs-heading\" role=\"tablist\">\n\t\t\t\t\t<button id=\"e-n-tab-title-719711901\" data-tab-title-id=\"e-n-tab-title-719711901\" class=\"e-n-tab-title\" aria-selected=\"true\" data-tab-index=\"1\" role=\"tab\" tabindex=\"0\" aria-controls=\"e-n-tab-content-719711901\" style=\"--n-tabs-title-order: 1;\">\n\t\t\t\t\t\t<span class=\"e-n-tab-title-text\">\n\t\t\t\t2026\t\t\t<\/span>\n\t\t<\/button>\n\t\t\t\t<button id=\"e-n-tab-title-719711902\" data-tab-title-id=\"e-n-tab-title-719711902\" class=\"e-n-tab-title\" aria-selected=\"false\" data-tab-index=\"2\" role=\"tab\" tabindex=\"-1\" aria-controls=\"e-n-tab-content-719711902\" style=\"--n-tabs-title-order: 2;\">\n\t\t\t\t\t\t<span class=\"e-n-tab-title-text\">\n\t\t\t\t2025\t\t\t<\/span>\n\t\t<\/button>\n\t\t\t\t<button id=\"e-n-tab-title-719711903\" data-tab-title-id=\"e-n-tab-title-719711903\" class=\"e-n-tab-title\" aria-selected=\"false\" data-tab-index=\"3\" role=\"tab\" tabindex=\"-1\" aria-controls=\"e-n-tab-content-719711903\" style=\"--n-tabs-title-order: 3;\">\n\t\t\t\t\t\t<span class=\"e-n-tab-title-text\">\n\t\t\t\t2024\t\t\t<\/span>\n\t\t<\/button>\n\t\t\t\t<button id=\"e-n-tab-title-719711904\" data-tab-title-id=\"e-n-tab-title-719711904\" class=\"e-n-tab-title\" aria-selected=\"false\" data-tab-index=\"4\" role=\"tab\" tabindex=\"-1\" aria-controls=\"e-n-tab-content-719711904\" style=\"--n-tabs-title-order: 4;\">\n\t\t\t\t\t\t<span class=\"e-n-tab-title-text\">\n\t\t\t\t2023\t\t\t<\/span>\n\t\t<\/button>\n\t\t\t\t\t<\/div>\n\t\t\t<div class=\"e-n-tabs-content\">\n\t\t\t\t<div id=\"e-n-tab-content-719711901\" role=\"tabpanel\" aria-labelledby=\"e-n-tab-title-719711901\" data-tab-index=\"1\" style=\"--n-tabs-title-order: 1;\" class=\"e-active elementor-element elementor-element-b427f36 e-con-full e-flex e-con e-child\" data-id=\"b427f36\" data-element_type=\"container\" data-e-type=\"container\">\n\t\t\t\t<div class=\"elementor-element elementor-element-9c13e27 elementor-widget elementor-widget-text-editor\" data-id=\"9c13e27\" data-element_type=\"widget\" data-e-type=\"widget\" data-widget_type=\"text-editor.default\">\n\t\t\t\t<div class=\"elementor-widget-container\">\n\t\t\t\t\t\t\t\t\t<table style=\"width: 100%; border-collapse: collapse;\" border=\"1\"><tbody><tr style=\"background-color: #dce6e1;\"><td style=\"width: 25%; text-align: center;\"><strong>Sesi\u00f3n<\/strong><\/td><td style=\"width: 20.3074%; text-align: center;\"><strong>Periodo Informado<\/strong><\/td><td style=\"width: 29.6926%; text-align: center;\"><strong>Fecha de Presentaci\u00f3n<\/strong><\/td><td style=\"width: 12.5%; text-align: center;\"><strong>Archivo<\/strong><\/td><td style=\"width: 12.5%; text-align: center;\"><strong>Versi\u00f3n<\/strong><\/td><\/tr><tr><td style=\"width: 25%; text-align: center;\">1a. Sesi\u00f3n Ordinaria<\/td><td style=\"width: 20.3074%; text-align: center;\">4to. Trimestre<\/td><td style=\"width: 29.6926%; text-align: center;\"><span data-olk-copy-source=\"MessageBody\">31 de marzo 2026<\/span><\/td><td style=\"width: 12.5%; text-align: center;\"><a href=\"https:\/\/www.conalepags.edu.mx\/arch_sitio\/informe_actividades\/2025\/4to Informe de Actividades 2025.pdf\" target=\"_blank\" rel=\"noopener\"><img fetchpriority=\"high\" decoding=\"async\" class=\"alignnone\" style=\"width: 30px; height: 30px;\" src=\"\/file_pdf_download_icon-icons.com_68954.png\" alt=\"\" width=\"512\" height=\"512\" \/><\/a><\/td><td style=\"width: 12.5%; text-align: center;\">1<\/td><\/tr><tr><td style=\"width: 25%; text-align: center;\">\u00a0<\/td><td style=\"width: 20.3074%; text-align: center;\">\u00a0<\/td><td style=\"width: 29.6926%; text-align: center;\">\u00a0<\/td><td style=\"width: 12.5%; text-align: center;\">\u00a0<\/td><td style=\"width: 12.5%; text-align: center;\">\u00a0<\/td><\/tr><tr><td style=\"width: 25%; text-align: center;\">\u00a0<\/td><td style=\"width: 20.3074%; text-align: center;\">\u00a0<\/td><td style=\"width: 29.6926%; text-align: center;\">\u00a0<\/td><td style=\"width: 12.5%; text-align: center;\">\u00a0<\/td><td style=\"width: 12.5%; text-align: center;\">\u00a0<\/td><\/tr><tr><td style=\"width: 25%; text-align: center;\">\u00a0<\/td><td style=\"width: 20.3074%; text-align: center;\">\u00a0<\/td><td style=\"width: 29.6926%; text-align: center;\">\u00a0<\/td><td style=\"width: 12.5%; text-align: center;\">\u00a0<\/td><td style=\"width: 12.5%; text-align: center;\">\u00a0<\/td><\/tr><\/tbody><\/table>\t\t\t\t\t\t\t\t<\/div>\n\t\t\t\t<\/div>\n\t\t\t\t<div class=\"elementor-element elementor-element-b1f9c4c elementor-widget elementor-widget-text-editor\" data-id=\"b1f9c4c\" data-element_type=\"widget\" data-e-type=\"widget\" data-widget_type=\"text-editor.default\">\n\t\t\t\t<div class=\"elementor-widget-container\">\n\t\t\t\t\t\t\t\t\t<table class=\"alignleft\" style=\"height: 81px; width: 100%; border-collapse: collapse;\" border=\"1\"><tbody><tr><td style=\"width: 34.8706%;\">\u00c1rea responsable<\/td><td style=\"width: 64.9678%;\"><em>Direcci\u00f3n de Planeaci\u00f3n y Calidad<\/em><\/td><\/tr><\/tbody><\/table>\t\t\t\t\t\t\t\t<\/div>\n\t\t\t\t<\/div>\n\t\t\t\t<\/div>\n\t\t<div id=\"e-n-tab-content-719711902\" role=\"tabpanel\" aria-labelledby=\"e-n-tab-title-719711902\" data-tab-index=\"2\" style=\"--n-tabs-title-order: 2;\" class=\" elementor-element elementor-element-4021dc5 e-con-full e-flex e-con e-child\" data-id=\"4021dc5\" data-element_type=\"container\" data-e-type=\"container\">\n\t\t\t\t<div class=\"elementor-element elementor-element-6565457 elementor-widget elementor-widget-text-editor\" data-id=\"6565457\" data-element_type=\"widget\" data-e-type=\"widget\" data-widget_type=\"text-editor.default\">\n\t\t\t\t<div class=\"elementor-widget-container\">\n\t\t\t\t\t\t\t\t\t<table style=\"width: 100%; border-collapse: collapse;\" border=\"1\"><tbody><tr style=\"background-color: #dce6e1;\"><td style=\"width: 25%; text-align: center;\"><strong>Sesi\u00f3n<\/strong><\/td><td style=\"width: 20.3074%; text-align: center;\"><strong>Periodo Informado<\/strong><\/td><td style=\"width: 29.6926%; text-align: center;\"><strong>Fecha de Presentaci\u00f3n<\/strong><\/td><td style=\"width: 12.5%; text-align: center;\"><strong>Archivo<\/strong><\/td><td style=\"width: 12.5%; text-align: center;\"><strong>Versi\u00f3n<\/strong><\/td><\/tr><tr><td style=\"width: 25%; text-align: center;\">1a. Sesi\u00f3n Ordinaria<\/td><td style=\"width: 20.3074%; text-align: center;\">4to. Trimestre<\/td><td style=\"width: 29.6926%; text-align: center;\">21 de febrero de 2025<\/td><td style=\"width: 12.5%; text-align: center;\"><a href=\"https:\/\/www.conalepags.edu.mx\/arch_sitio\/informe_actividades\/2025\/1ra S.O. Periodo 2024 21 Febrero 2025.pdf\" target=\"_blank\" rel=\"noopener\"><img fetchpriority=\"high\" decoding=\"async\" class=\"alignnone\" style=\"width: 30px; height: 30px;\" src=\"\/file_pdf_download_icon-icons.com_68954.png\" alt=\"\" width=\"512\" height=\"512\" \/><\/a><\/td><td style=\"width: 12.5%; text-align: center;\">1<\/td><\/tr><tr><td style=\"width: 25%; text-align: center;\">2da. Sesi\u00f3n Ordinaria<\/td><td style=\"width: 20.3074%; text-align: center;\">1er. Trimestre<\/td><td style=\"width: 29.6926%; text-align: center;\">11 de junio de 2025<\/td><td style=\"width: 12.5%; text-align: center;\"><a href=\"https:\/\/www.conalepags.edu.mx\/arch_sitio\/informe_actividades\/2025\/2da S.O. Periodo primer trimestre 2025 11 jun 2025.pdf\" target=\"_blank\" rel=\"noopener\"><img fetchpriority=\"high\" decoding=\"async\" class=\"alignnone\" style=\"width: 30px; height: 30px;\" src=\"\/file_pdf_download_icon-icons.com_68954.png\" alt=\"\" width=\"512\" height=\"512\" \/><\/a><\/td><td style=\"width: 12.5%; text-align: center;\">1<\/td><\/tr><tr><td style=\"width: 25%; text-align: center;\">3a. Sesi\u00f3n Ordinaria<\/td><td style=\"width: 20.3074%; text-align: center;\">2do. Trimestre<\/td><td style=\"width: 29.6926%; text-align: center;\"><span data-olk-copy-source=\"MessageBody\">16 de octubre 2025<\/span><\/td><td style=\"width: 12.5%; text-align: center;\"><a href=\"https:\/\/www.conalepags.edu.mx\/arch_sitio\/informe_actividades\/2025\/2do Informe de Actividades 2025.pdf\" target=\"_blank\" rel=\"noopener\"><img fetchpriority=\"high\" decoding=\"async\" class=\"alignnone\" style=\"width: 30px; height: 30px;\" src=\"\/file_pdf_download_icon-icons.com_68954.png\" alt=\"\" width=\"512\" height=\"512\" \/><\/a><\/td><td style=\"width: 12.5%; text-align: center;\">1<\/td><\/tr><tr><td style=\"width: 25%; text-align: center;\">4a. Sesi\u00f3n Ordinaria<\/td><td style=\"width: 20.3074%; text-align: center;\">3er. Trimestre<\/td><td style=\"width: 29.6926%; text-align: center;\"><span data-olk-copy-source=\"MessageBody\">18 de diciembre 2025<\/span><\/td><td style=\"width: 12.5%; text-align: center;\"><a href=\"https:\/\/www.conalepags.edu.mx\/arch_sitio\/informe_actividades\/2025\/3ER Informe de Actividades 2025.pdf\" target=\"_blank\" rel=\"noopener\"><img fetchpriority=\"high\" decoding=\"async\" class=\"alignnone\" style=\"width: 30px; height: 30px;\" src=\"\/file_pdf_download_icon-icons.com_68954.png\" alt=\"\" width=\"512\" height=\"512\" \/><\/a><\/td><td style=\"width: 12.5%; text-align: center;\">1<\/td><\/tr><\/tbody><\/table>\t\t\t\t\t\t\t\t<\/div>\n\t\t\t\t<\/div>\n\t\t\t\t<div class=\"elementor-element elementor-element-989ef56 elementor-widget elementor-widget-text-editor\" data-id=\"989ef56\" data-element_type=\"widget\" data-e-type=\"widget\" data-widget_type=\"text-editor.default\">\n\t\t\t\t<div class=\"elementor-widget-container\">\n\t\t\t\t\t\t\t\t\t<table class=\"alignleft\" style=\"height: 81px; width: 100%; border-collapse: collapse;\" border=\"1\"><tbody><tr><td style=\"width: 34.8706%;\">\u00c1rea responsable<\/td><td style=\"width: 64.9678%;\"><em>Direcci\u00f3n de Planeaci\u00f3n y Calidad<\/em><\/td><\/tr><\/tbody><\/table>\t\t\t\t\t\t\t\t<\/div>\n\t\t\t\t<\/div>\n\t\t\t\t<\/div>\n\t\t<div id=\"e-n-tab-content-719711903\" role=\"tabpanel\" aria-labelledby=\"e-n-tab-title-719711903\" data-tab-index=\"3\" style=\"--n-tabs-title-order: 3;\" class=\" elementor-element elementor-element-bce501e e-con-full e-flex e-con e-child\" data-id=\"bce501e\" data-element_type=\"container\" data-e-type=\"container\">\n\t\t\t\t<div class=\"elementor-element elementor-element-af507af elementor-widget elementor-widget-text-editor\" data-id=\"af507af\" data-element_type=\"widget\" data-e-type=\"widget\" data-widget_type=\"text-editor.default\">\n\t\t\t\t<div class=\"elementor-widget-container\">\n\t\t\t\t\t\t\t\t\t<table style=\"width: 100%; border-collapse: collapse;\" border=\"1\"><tbody><tr style=\"background-color: #dce6e1;\"><td style=\"width: 25%; text-align: center;\"><strong>Sesi\u00f3n<\/strong><\/td><td style=\"width: 20.3074%; text-align: center;\"><strong>Periodo Informado<\/strong><\/td><td style=\"width: 29.6926%; text-align: center;\"><strong>Fecha de Presentaci\u00f3n<\/strong><\/td><td style=\"width: 12.5%; text-align: center;\"><strong>Archivo<\/strong><\/td><td style=\"width: 12.5%; text-align: center;\"><strong>Versi\u00f3n<\/strong><\/td><\/tr><tr><td style=\"width: 25%; text-align: center;\">1a. Sesi\u00f3n Ordinaria<\/td><td style=\"width: 20.3074%; text-align: center;\">4to. Trimestre<\/td><td style=\"width: 29.6926%; text-align: center;\">29 de enero de 2024<\/td><td style=\"width: 12.5%; text-align: center;\"><a href=\"https:\/\/www.conalepags.edu.mx\/arch_sitio\/informe_actividades\/2024\/1ra S.O. Periodo 2023 29 Enero 2024.pdf\" target=\"_blank\" rel=\"noopener\"><img fetchpriority=\"high\" decoding=\"async\" class=\"alignnone\" style=\"width: 30px; height: 30px;\" src=\"\/file_pdf_download_icon-icons.com_68954.png\" alt=\"\" width=\"512\" height=\"512\" \/><\/a><\/td><td style=\"width: 12.5%; text-align: center;\">1<\/td><\/tr><\/tbody><\/table>\t\t\t\t\t\t\t\t<\/div>\n\t\t\t\t<\/div>\n\t\t\t\t<div class=\"elementor-element elementor-element-cea76fb elementor-widget elementor-widget-text-editor\" data-id=\"cea76fb\" data-element_type=\"widget\" data-e-type=\"widget\" data-widget_type=\"text-editor.default\">\n\t\t\t\t<div class=\"elementor-widget-container\">\n\t\t\t\t\t\t\t\t\t<table class=\"alignleft\" style=\"height: 81px; width: 100%; border-collapse: collapse;\" border=\"1\"><tbody><tr><td style=\"width: 34.8706%;\">\u00c1rea responsable<\/td><td style=\"width: 64.9678%;\"><em>Direcci\u00f3n de Planeaci\u00f3n y Calidad<\/em><\/td><\/tr><\/tbody><\/table>\t\t\t\t\t\t\t\t<\/div>\n\t\t\t\t<\/div>\n\t\t\t\t<\/div>\n\t\t<div id=\"e-n-tab-content-719711904\" role=\"tabpanel\" aria-labelledby=\"e-n-tab-title-719711904\" data-tab-index=\"4\" style=\"--n-tabs-title-order: 4;\" class=\" elementor-element elementor-element-3b87d05 e-con-full e-flex e-con e-child\" data-id=\"3b87d05\" data-element_type=\"container\" data-e-type=\"container\">\n\t\t\t\t<div class=\"elementor-element elementor-element-210386c elementor-widget elementor-widget-text-editor\" data-id=\"210386c\" data-element_type=\"widget\" data-e-type=\"widget\" data-widget_type=\"text-editor.default\">\n\t\t\t\t<div class=\"elementor-widget-container\">\n\t\t\t\t\t\t\t\t\t<table style=\"width: 100%; border-collapse: collapse;\" border=\"1\"><tbody><tr style=\"background-color: #dce6e1;\"><td style=\"width: 25%; text-align: center;\"><strong>Sesi\u00f3n<\/strong><\/td><td style=\"width: 20.3074%; text-align: center;\"><strong>Periodo Informado<\/strong><\/td><td style=\"width: 29.6926%; text-align: center;\"><strong>Fecha de Presentaci\u00f3n<\/strong><\/td><td style=\"width: 12.5%; text-align: center;\"><strong>Archivo<\/strong><\/td><td style=\"width: 12.5%; text-align: center;\"><strong>Versi\u00f3n<\/strong><\/td><\/tr><tr><td style=\"width: 25%; text-align: center;\">1a. Sesi\u00f3n Ordinaria<\/td><td style=\"width: 20.3074%; text-align: center;\">4to. Trimestre<\/td><td style=\"width: 29.6926%; text-align: center;\">14 de abril de 2023<\/td><td style=\"width: 12.5%; text-align: center;\"><a href=\"https:\/\/www.conalepags.edu.mx\/arch_sitio\/informe_actividades\/2023\/1ra S.O. Periodo 2022 14 de Abril 2023.pdf\" target=\"_blank\" rel=\"noopener\"><img fetchpriority=\"high\" decoding=\"async\" class=\"alignnone\" style=\"width: 30px; height: 30px;\" src=\"\/file_pdf_download_icon-icons.com_68954.png\" alt=\"\" width=\"512\" height=\"512\" \/><\/a><\/td><td style=\"width: 12.5%; text-align: center;\">1<\/td><\/tr><\/tbody><\/table>\t\t\t\t\t\t\t\t<\/div>\n\t\t\t\t<\/div>\n\t\t\t\t<div class=\"elementor-element elementor-element-140a201 elementor-widget elementor-widget-text-editor\" data-id=\"140a201\" data-element_type=\"widget\" data-e-type=\"widget\" data-widget_type=\"text-editor.default\">\n\t\t\t\t<div class=\"elementor-widget-container\">\n\t\t\t\t\t\t\t\t\t<table class=\"alignleft\" style=\"height: 81px; width: 100%; border-collapse: collapse;\" border=\"1\"><tbody><tr><td style=\"width: 34.8706%;\">\u00c1rea responsable<\/td><td style=\"width: 64.9678%;\"><em>Direcci\u00f3n de Planeaci\u00f3n y Calidad<\/em><\/td><\/tr><\/tbody><\/table>\t\t\t\t\t\t\t\t<\/div>\n\t\t\t\t<\/div>\n\t\t\t\t<\/div>\n\t\t\t\t\t<\/div>\n\t\t<\/div>\n\t\t\t\t\t\t<\/div>\n\t\t\t\t<\/div>\n\t\t\t\t\t<\/div>\n\t\t\t\t<\/div>\n\t\t\t\t<\/div>\n\t\t","protected":false},"excerpt":{"rendered":"<p>Informe de Actividades En este apartado se publican los informes de actividades presentados por el CONALEP Aguascalientes ante la H. Junta Directiva. Cada documento integra resultados por \u00e1rea (acad\u00e9mica, servicios escolares, vinculaci\u00f3n, administraci\u00f3n y finanzas, planeaci\u00f3n y calidad), avances de indicadores e iniciativas de mejora continua. Los informes se organizan por sesi\u00f3n y periodo, en [&hellip;]<\/p>\n","protected":false},"author":1,"featured_media":0,"parent":0,"menu_order":0,"comment_status":"closed","ping_status":"closed","template":"","meta":{"_uag_custom_page_level_css":"","footnotes":""},"class_list":["post-2074","page","type-page","status-publish","hentry"],"uagb_featured_image_src":{"full":false,"thumbnail":false,"medium":false,"medium_large":false,"large":false,"1536x1536":false,"2048x2048":false},"uagb_author_info":{"display_name":"admin","author_link":"https:\/\/conalepags.edu.mx\/inicio\/index.php\/author\/admin_9j385v7b\/"},"uagb_comment_info":0,"uagb_excerpt":"Informe de Actividades En este apartado se publican los informes de actividades presentados por el CONALEP Aguascalientes ante la H. Junta Directiva. Cada documento integra resultados por \u00e1rea (acad\u00e9mica, servicios escolares, vinculaci\u00f3n, administraci\u00f3n y finanzas, planeaci\u00f3n y calidad), avances de indicadores e iniciativas de mejora continua. Los informes se organizan por sesi\u00f3n y periodo, en&hellip;","_links":{"self":[{"href":"https:\/\/conalepags.edu.mx\/inicio\/index.php\/wp-json\/wp\/v2\/pages\/2074","targetHints":{"allow":["GET"]}}],"collection":[{"href":"https:\/\/conalepags.edu.mx\/inicio\/index.php\/wp-json\/wp\/v2\/pages"}],"about":[{"href":"https:\/\/conalepags.edu.mx\/inicio\/index.php\/wp-json\/wp\/v2\/types\/page"}],"author":[{"embeddable":true,"href":"https:\/\/conalepags.edu.mx\/inicio\/index.php\/wp-json\/wp\/v2\/users\/1"}],"replies":[{"embeddable":true,"href":"https:\/\/conalepags.edu.mx\/inicio\/index.php\/wp-json\/wp\/v2\/comments?post=2074"}],"version-history":[{"count":25,"href":"https:\/\/conalepags.edu.mx\/inicio\/index.php\/wp-json\/wp\/v2\/pages\/2074\/revisions"}],"predecessor-version":[{"id":2391,"href":"https:\/\/conalepags.edu.mx\/inicio\/index.php\/wp-json\/wp\/v2\/pages\/2074\/revisions\/2391"}],"wp:attachment":[{"href":"https:\/\/conalepags.edu.mx\/inicio\/index.php\/wp-json\/wp\/v2\/media?parent=2074"}],"curies":[{"name":"wp","href":"https:\/\/api.w.org\/{rel}","templated":true}]}}