{"id":210,"date":"2024-03-05T16:54:37","date_gmt":"2024-03-05T16:54:37","guid":{"rendered":"https:\/\/conalepags.edu.mx\/inicio\/?page_id=210"},"modified":"2025-03-18T14:44:08","modified_gmt":"2025-03-18T14:44:08","slug":"programa-estrategico","status":"publish","type":"page","link":"https:\/\/conalepags.edu.mx\/inicio\/index.php\/programa-estrategico\/","title":{"rendered":"Programa Estrat\u00e9gico"},"content":{"rendered":"\t\t<div data-elementor-type=\"wp-page\" data-elementor-id=\"210\" class=\"elementor elementor-210\">\n\t\t\t\t<div class=\"elementor-element elementor-element-e039772 e-flex e-con-boxed e-con e-parent\" data-id=\"e039772\" data-element_type=\"container\" data-e-type=\"container\">\n\t\t\t\t\t<div class=\"e-con-inner\">\n\t\t\t\t<div class=\"elementor-element elementor-element-51f41da elementor-widget elementor-widget-text-editor\" data-id=\"51f41da\" data-element_type=\"widget\" data-e-type=\"widget\" data-widget_type=\"text-editor.default\">\n\t\t\t\t<div class=\"elementor-widget-container\">\n\t\t\t\t\t\t\t\t\t<h3>Programa Estrat\u00e9gico<\/h3><table style=\"border-collapse: collapse; width: 100%;\"><tbody><tr><td style=\"width: 50%; text-align: right;\">Programa Estrat\u00e9gico 2019-2022<\/td><td style=\"width: 50%;\"><a href=\"https:\/\/conalepags.edu.mx\/docs\/PLANEACION\/PROGRAMA_ESTRATEGICO_2019_2022.pdf\" target=\"_blank\" rel=\"noopener\"><img decoding=\"async\" class=\"alignnone wp-image-118\" src=\"https:\/\/conalepags.edu.mx\/inicio\/wp-content\/uploads\/2024\/03\/pdfdescarga-150x150.png\" alt=\"\" width=\"36\" height=\"36\" srcset=\"https:\/\/conalepags.edu.mx\/inicio\/wp-content\/uploads\/2024\/03\/pdfdescarga-150x150.png 150w, https:\/\/conalepags.edu.mx\/inicio\/wp-content\/uploads\/2024\/03\/pdfdescarga-300x300.png 300w, https:\/\/conalepags.edu.mx\/inicio\/wp-content\/uploads\/2024\/03\/pdfdescarga.png 512w\" sizes=\"(max-width: 36px) 100vw, 36px\" \/><\/a><\/td><\/tr><tr><td style=\"width: 50%; text-align: right;\">Programa Estrat\u00e9gico 2023-2027<\/td><td style=\"width: 50%;\"><a href=\"https:\/\/conalepags.edu.mx\/docs\/PLANEACION\/PROGRAMA_ESTRATEGICO_2023_2027.pdf\" target=\"_blank\" rel=\"noopener\"><img decoding=\"async\" class=\"alignnone wp-image-118\" src=\"https:\/\/conalepags.edu.mx\/inicio\/wp-content\/uploads\/2024\/03\/pdfdescarga-150x150.png\" alt=\"\" width=\"36\" height=\"36\" srcset=\"https:\/\/conalepags.edu.mx\/inicio\/wp-content\/uploads\/2024\/03\/pdfdescarga-150x150.png 150w, https:\/\/conalepags.edu.mx\/inicio\/wp-content\/uploads\/2024\/03\/pdfdescarga-300x300.png 300w, https:\/\/conalepags.edu.mx\/inicio\/wp-content\/uploads\/2024\/03\/pdfdescarga.png 512w\" sizes=\"(max-width: 36px) 100vw, 36px\" \/><\/a><\/td><\/tr><\/tbody><\/table>\t\t\t\t\t\t\t\t<\/div>\n\t\t\t\t<\/div>\n\t\t\t\t\t<\/div>\n\t\t\t\t<\/div>\n\t\t\t\t<\/div>\n\t\t","protected":false},"excerpt":{"rendered":"<p>Programa Estrat\u00e9gico Programa Estrat\u00e9gico 2019-2022 Programa Estrat\u00e9gico 2023-2027<\/p>\n","protected":false},"author":1,"featured_media":0,"parent":0,"menu_order":0,"comment_status":"closed","ping_status":"closed","template":"","meta":{"_uag_custom_page_level_css":"","footnotes":""},"class_list":["post-210","page","type-page","status-publish","hentry"],"uagb_featured_image_src":{"full":false,"thumbnail":false,"medium":false,"medium_large":false,"large":false,"1536x1536":false,"2048x2048":false},"uagb_author_info":{"display_name":"admin","author_link":"https:\/\/conalepags.edu.mx\/inicio\/index.php\/author\/admin_9j385v7b\/"},"uagb_comment_info":0,"uagb_excerpt":"Programa Estrat\u00e9gico Programa Estrat\u00e9gico 2019-2022 Programa Estrat\u00e9gico 2023-2027","_links":{"self":[{"href":"https:\/\/conalepags.edu.mx\/inicio\/index.php\/wp-json\/wp\/v2\/pages\/210","targetHints":{"allow":["GET"]}}],"collection":[{"href":"https:\/\/conalepags.edu.mx\/inicio\/index.php\/wp-json\/wp\/v2\/pages"}],"about":[{"href":"https:\/\/conalepags.edu.mx\/inicio\/index.php\/wp-json\/wp\/v2\/types\/page"}],"author":[{"embeddable":true,"href":"https:\/\/conalepags.edu.mx\/inicio\/index.php\/wp-json\/wp\/v2\/users\/1"}],"replies":[{"embeddable":true,"href":"https:\/\/conalepags.edu.mx\/inicio\/index.php\/wp-json\/wp\/v2\/comments?post=210"}],"version-history":[{"count":10,"href":"https:\/\/conalepags.edu.mx\/inicio\/index.php\/wp-json\/wp\/v2\/pages\/210\/revisions"}],"predecessor-version":[{"id":1709,"href":"https:\/\/conalepags.edu.mx\/inicio\/index.php\/wp-json\/wp\/v2\/pages\/210\/revisions\/1709"}],"wp:attachment":[{"href":"https:\/\/conalepags.edu.mx\/inicio\/index.php\/wp-json\/wp\/v2\/media?parent=210"}],"curies":[{"name":"wp","href":"https:\/\/api.w.org\/{rel}","templated":true}]}}