{"id":2308,"date":"2026-02-24T21:17:56","date_gmt":"2026-02-24T21:17:56","guid":{"rendered":"https:\/\/conalepags.edu.mx\/inicio\/?page_id=2308"},"modified":"2026-02-24T21:28:05","modified_gmt":"2026-02-24T21:28:05","slug":"autotronica","status":"publish","type":"page","link":"https:\/\/conalepags.edu.mx\/inicio\/index.php\/autotronica\/","title":{"rendered":"Autotr\u00f3nica"},"content":{"rendered":"\t\t<div data-elementor-type=\"wp-page\" data-elementor-id=\"2308\" class=\"elementor elementor-2308\">\n\t\t\t\t<div class=\"elementor-element elementor-element-029cf71 e-flex e-con-boxed e-con e-parent\" data-id=\"029cf71\" data-element_type=\"container\" data-e-type=\"container\">\n\t\t\t\t\t<div class=\"e-con-inner\">\n\t\t\t\t<div class=\"elementor-element elementor-element-c4701bb elementor-widget elementor-widget-text-editor\" data-id=\"c4701bb\" data-element_type=\"widget\" data-e-type=\"widget\" data-widget_type=\"text-editor.default\">\n\t\t\t\t<div class=\"elementor-widget-container\">\n\t\t\t\t\t\t\t\t\t<h3>Autotr\u00f3nica<\/h3><p style=\"text-align: justify;\">Realizar el mantenimiento de sistemas automotrices mec\u00e1nicos, hidr\u00e1ulicos, el\u00e9ctricos, controlados principalmente por medios electr\u00f3nicos, aplicando normas t\u00e9cnicas vigentes, especificaciones y manuales de fabricantes, para lograr el \u00f3ptimo funcionamiento del veh\u00edculo automotriz a gasolina, a di\u00e9sel e h\u00edbrido, as\u00ed como la satisfacci\u00f3n del cliente.<\/p>\t\t\t\t\t\t\t\t<\/div>\n\t\t\t\t<\/div>\n\t\t\t\t\t<\/div>\n\t\t\t\t<\/div>\n\t\t<div class=\"elementor-element elementor-element-59a04a6 e-flex e-con-boxed e-con e-parent\" data-id=\"59a04a6\" data-element_type=\"container\" data-e-type=\"container\">\n\t\t\t\t\t<div class=\"e-con-inner\">\n\t\t\t\t<div class=\"elementor-element elementor-element-cbb845b elementor-tabs-view-horizontal elementor-widget elementor-widget-tabs\" data-id=\"cbb845b\" data-element_type=\"widget\" data-e-type=\"widget\" data-widget_type=\"tabs.default\">\n\t\t\t\t<div class=\"elementor-widget-container\">\n\t\t\t\t\t\t\t<div class=\"elementor-tabs\">\n\t\t\t<div class=\"elementor-tabs-wrapper\" role=\"tablist\" >\n\t\t\t\t\t\t\t\t\t<div id=\"elementor-tab-title-2131\" class=\"elementor-tab-title elementor-tab-desktop-title\" aria-selected=\"true\" data-tab=\"1\" role=\"tab\" tabindex=\"0\" aria-controls=\"elementor-tab-content-2131\" aria-expanded=\"false\">Perfil de Egreso<\/div>\n\t\t\t\t\t\t\t\t\t<div id=\"elementor-tab-title-2132\" class=\"elementor-tab-title elementor-tab-desktop-title\" aria-selected=\"false\" data-tab=\"2\" role=\"tab\" tabindex=\"-1\" aria-controls=\"elementor-tab-content-2132\" aria-expanded=\"false\">Mapa Curricular<\/div>\n\t\t\t\t\t\t\t<\/div>\n\t\t\t<div class=\"elementor-tabs-content-wrapper\" role=\"tablist\" aria-orientation=\"vertical\">\n\t\t\t\t\t\t\t\t\t<div class=\"elementor-tab-title elementor-tab-mobile-title\" aria-selected=\"true\" data-tab=\"1\" role=\"tab\" tabindex=\"0\" aria-controls=\"elementor-tab-content-2131\" aria-expanded=\"false\">Perfil de Egreso<\/div>\n\t\t\t\t\t<div id=\"elementor-tab-content-2131\" class=\"elementor-tab-content elementor-clearfix\" data-tab=\"1\" role=\"tabpanel\" aria-labelledby=\"elementor-tab-title-2131\" tabindex=\"0\" hidden=\"false\"><embed src=\"https:\/\/www.conalepags.edu.mx\/arch_sitio\/carrera\/autotr\u00f3nica.pdf\" type=\"application\/pdf\" width=\"100%\" height=\"800px\"><\/embed><\/div>\n\t\t\t\t\t\t\t\t\t<div class=\"elementor-tab-title elementor-tab-mobile-title\" aria-selected=\"false\" data-tab=\"2\" role=\"tab\" tabindex=\"-1\" aria-controls=\"elementor-tab-content-2132\" aria-expanded=\"false\">Mapa Curricular<\/div>\n\t\t\t\t\t<div id=\"elementor-tab-content-2132\" class=\"elementor-tab-content elementor-clearfix\" data-tab=\"2\" role=\"tabpanel\" aria-labelledby=\"elementor-tab-title-2132\" tabindex=\"0\" hidden=\"hidden\"><embed src=\"https:\/\/www.conalepags.edu.mx\/arch_sitio\/carrera\/09.MC25_Autotr\u00f3nica.pdf\" type=\"application\/pdf\" width=\"100%\" height=\"800px\"><\/embed><\/div>\n\t\t\t\t\t\t\t<\/div>\n\t\t<\/div>\n\t\t\t\t\t\t<\/div>\n\t\t\t\t<\/div>\n\t\t\t\t\t<\/div>\n\t\t\t\t<\/div>\n\t\t\t\t<\/div>\n\t\t","protected":false},"excerpt":{"rendered":"<p>Autotr\u00f3nica Realizar el mantenimiento de sistemas automotrices mec\u00e1nicos, hidr\u00e1ulicos, el\u00e9ctricos, controlados principalmente por medios electr\u00f3nicos, aplicando normas t\u00e9cnicas vigentes, especificaciones y manuales de fabricantes, para lograr el \u00f3ptimo funcionamiento del veh\u00edculo automotriz a gasolina, a di\u00e9sel e h\u00edbrido, as\u00ed como la satisfacci\u00f3n del cliente. Perfil de Egreso Mapa Curricular Perfil de Egreso Mapa Curricular<\/p>\n","protected":false},"author":1,"featured_media":0,"parent":0,"menu_order":0,"comment_status":"closed","ping_status":"closed","template":"","meta":{"_uag_custom_page_level_css":"","footnotes":""},"class_list":["post-2308","page","type-page","status-publish","hentry"],"uagb_featured_image_src":{"full":false,"thumbnail":false,"medium":false,"medium_large":false,"large":false,"1536x1536":false,"2048x2048":false},"uagb_author_info":{"display_name":"admin","author_link":"https:\/\/conalepags.edu.mx\/inicio\/index.php\/author\/admin_9j385v7b\/"},"uagb_comment_info":0,"uagb_excerpt":"Autotr\u00f3nica Realizar el mantenimiento de sistemas automotrices mec\u00e1nicos, hidr\u00e1ulicos, el\u00e9ctricos, controlados principalmente por medios electr\u00f3nicos, aplicando normas t\u00e9cnicas vigentes, especificaciones y manuales de fabricantes, para lograr el \u00f3ptimo funcionamiento del veh\u00edculo automotriz a gasolina, a di\u00e9sel e h\u00edbrido, as\u00ed como la satisfacci\u00f3n del cliente. Perfil de Egreso Mapa Curricular Perfil de Egreso Mapa Curricular","_links":{"self":[{"href":"https:\/\/conalepags.edu.mx\/inicio\/index.php\/wp-json\/wp\/v2\/pages\/2308","targetHints":{"allow":["GET"]}}],"collection":[{"href":"https:\/\/conalepags.edu.mx\/inicio\/index.php\/wp-json\/wp\/v2\/pages"}],"about":[{"href":"https:\/\/conalepags.edu.mx\/inicio\/index.php\/wp-json\/wp\/v2\/types\/page"}],"author":[{"embeddable":true,"href":"https:\/\/conalepags.edu.mx\/inicio\/index.php\/wp-json\/wp\/v2\/users\/1"}],"replies":[{"embeddable":true,"href":"https:\/\/conalepags.edu.mx\/inicio\/index.php\/wp-json\/wp\/v2\/comments?post=2308"}],"version-history":[{"count":6,"href":"https:\/\/conalepags.edu.mx\/inicio\/index.php\/wp-json\/wp\/v2\/pages\/2308\/revisions"}],"predecessor-version":[{"id":2323,"href":"https:\/\/conalepags.edu.mx\/inicio\/index.php\/wp-json\/wp\/v2\/pages\/2308\/revisions\/2323"}],"wp:attachment":[{"href":"https:\/\/conalepags.edu.mx\/inicio\/index.php\/wp-json\/wp\/v2\/media?parent=2308"}],"curies":[{"name":"wp","href":"https:\/\/api.w.org\/{rel}","templated":true}]}}