{"id":2312,"date":"2026-02-24T21:26:18","date_gmt":"2026-02-24T21:26:18","guid":{"rendered":"https:\/\/conalepags.edu.mx\/inicio\/?page_id=2312"},"modified":"2026-02-24T21:27:40","modified_gmt":"2026-02-24T21:27:40","slug":"microelectronica-y-semiconductores","status":"publish","type":"page","link":"https:\/\/conalepags.edu.mx\/inicio\/index.php\/microelectronica-y-semiconductores\/","title":{"rendered":"Microelectr\u00f3nica y Semiconductores"},"content":{"rendered":"\t\t<div data-elementor-type=\"wp-page\" data-elementor-id=\"2312\" class=\"elementor elementor-2312\">\n\t\t\t\t<div class=\"elementor-element elementor-element-ce2087c e-flex e-con-boxed e-con e-parent\" data-id=\"ce2087c\" data-element_type=\"container\" data-e-type=\"container\">\n\t\t\t\t\t<div class=\"e-con-inner\">\n\t\t\t\t<div class=\"elementor-element elementor-element-2de6826 elementor-widget elementor-widget-text-editor\" data-id=\"2de6826\" data-element_type=\"widget\" data-e-type=\"widget\" data-widget_type=\"text-editor.default\">\n\t\t\t\t<div class=\"elementor-widget-container\">\n\t\t\t\t\t\t\t\t\t<h3>Microelectr\u00f3nica y Semiconductores<\/h3><p data-start=\"103\" data-end=\"391\">La carrera de <strong data-start=\"117\" data-end=\"188\">Profesional T\u00e9cnico-Bachiller en Microelectr\u00f3nica y Semiconductores<\/strong> forma especialistas capaces de participar en la industria de alta tecnolog\u00eda enfocada en la fabricaci\u00f3n, ensamble, prueba y control de calidad de dispositivos electr\u00f3nicos y componentes semiconductores.<\/p><p data-start=\"393\" data-end=\"535\">Es una carrera estrat\u00e9gica alineada al crecimiento del sector tecnol\u00f3gico en M\u00e9xico (nearshoring, manufactura avanzada y producci\u00f3n de chips).<\/p>\t\t\t\t\t\t\t\t<\/div>\n\t\t\t\t<\/div>\n\t\t\t\t<div class=\"elementor-element elementor-element-a48e7ab elementor-tabs-view-horizontal elementor-widget elementor-widget-tabs\" data-id=\"a48e7ab\" data-element_type=\"widget\" data-e-type=\"widget\" data-widget_type=\"tabs.default\">\n\t\t\t\t<div class=\"elementor-widget-container\">\n\t\t\t\t\t\t\t<div class=\"elementor-tabs\">\n\t\t\t<div class=\"elementor-tabs-wrapper\" role=\"tablist\" >\n\t\t\t\t\t\t\t\t\t<div id=\"elementor-tab-title-1721\" class=\"elementor-tab-title elementor-tab-desktop-title\" aria-selected=\"true\" data-tab=\"1\" role=\"tab\" tabindex=\"0\" aria-controls=\"elementor-tab-content-1721\" aria-expanded=\"false\">Mapa Curricular<\/div>\n\t\t\t\t\t\t\t<\/div>\n\t\t\t<div class=\"elementor-tabs-content-wrapper\" role=\"tablist\" aria-orientation=\"vertical\">\n\t\t\t\t\t\t\t\t\t<div class=\"elementor-tab-title elementor-tab-mobile-title\" aria-selected=\"true\" data-tab=\"1\" role=\"tab\" tabindex=\"0\" aria-controls=\"elementor-tab-content-1721\" aria-expanded=\"false\">Mapa Curricular<\/div>\n\t\t\t\t\t<div id=\"elementor-tab-content-1721\" class=\"elementor-tab-content elementor-clearfix\" data-tab=\"1\" role=\"tabpanel\" aria-labelledby=\"elementor-tab-title-1721\" tabindex=\"0\" hidden=\"false\"><p><embed src=\"https:\/\/www.conalepags.edu.mx\/arch_sitio\/carrera\/MC_Microelectro\u0301nica y semiconductores versio\u0301n 021025.pdf\" type=\"application\/pdf\" width=\"100%\" height=\"800px\"><\/embed><\/p><\/div>\n\t\t\t\t\t\t\t<\/div>\n\t\t<\/div>\n\t\t\t\t\t\t<\/div>\n\t\t\t\t<\/div>\n\t\t\t\t\t<\/div>\n\t\t\t\t<\/div>\n\t\t\t\t<\/div>\n\t\t","protected":false},"excerpt":{"rendered":"<p>Microelectr\u00f3nica y Semiconductores La carrera de Profesional T\u00e9cnico-Bachiller en Microelectr\u00f3nica y Semiconductores forma especialistas capaces de participar en la industria de alta tecnolog\u00eda enfocada en la fabricaci\u00f3n, ensamble, prueba y control de calidad de dispositivos electr\u00f3nicos y componentes semiconductores. Es una carrera estrat\u00e9gica alineada al crecimiento del sector tecnol\u00f3gico en M\u00e9xico (nearshoring, manufactura avanzada y [&hellip;]<\/p>\n","protected":false},"author":1,"featured_media":0,"parent":0,"menu_order":0,"comment_status":"closed","ping_status":"closed","template":"","meta":{"_uag_custom_page_level_css":"","footnotes":""},"class_list":["post-2312","page","type-page","status-publish","hentry"],"uagb_featured_image_src":{"full":false,"thumbnail":false,"medium":false,"medium_large":false,"large":false,"1536x1536":false,"2048x2048":false},"uagb_author_info":{"display_name":"admin","author_link":"https:\/\/conalepags.edu.mx\/inicio\/index.php\/author\/admin_9j385v7b\/"},"uagb_comment_info":0,"uagb_excerpt":"Microelectr\u00f3nica y Semiconductores La carrera de Profesional T\u00e9cnico-Bachiller en Microelectr\u00f3nica y Semiconductores forma especialistas capaces de participar en la industria de alta tecnolog\u00eda enfocada en la fabricaci\u00f3n, ensamble, prueba y control de calidad de dispositivos electr\u00f3nicos y componentes semiconductores. Es una carrera estrat\u00e9gica alineada al crecimiento del sector tecnol\u00f3gico en M\u00e9xico (nearshoring, manufactura avanzada y&hellip;","_links":{"self":[{"href":"https:\/\/conalepags.edu.mx\/inicio\/index.php\/wp-json\/wp\/v2\/pages\/2312","targetHints":{"allow":["GET"]}}],"collection":[{"href":"https:\/\/conalepags.edu.mx\/inicio\/index.php\/wp-json\/wp\/v2\/pages"}],"about":[{"href":"https:\/\/conalepags.edu.mx\/inicio\/index.php\/wp-json\/wp\/v2\/types\/page"}],"author":[{"embeddable":true,"href":"https:\/\/conalepags.edu.mx\/inicio\/index.php\/wp-json\/wp\/v2\/users\/1"}],"replies":[{"embeddable":true,"href":"https:\/\/conalepags.edu.mx\/inicio\/index.php\/wp-json\/wp\/v2\/comments?post=2312"}],"version-history":[{"count":6,"href":"https:\/\/conalepags.edu.mx\/inicio\/index.php\/wp-json\/wp\/v2\/pages\/2312\/revisions"}],"predecessor-version":[{"id":2319,"href":"https:\/\/conalepags.edu.mx\/inicio\/index.php\/wp-json\/wp\/v2\/pages\/2312\/revisions\/2319"}],"wp:attachment":[{"href":"https:\/\/conalepags.edu.mx\/inicio\/index.php\/wp-json\/wp\/v2\/media?parent=2312"}],"curies":[{"name":"wp","href":"https:\/\/api.w.org\/{rel}","templated":true}]}}