{"id":249,"date":"2024-03-05T20:35:54","date_gmt":"2024-03-05T20:35:54","guid":{"rendered":"https:\/\/conalepags.edu.mx\/inicio\/?page_id=249"},"modified":"2025-10-27T20:10:44","modified_gmt":"2025-10-27T20:10:44","slug":"normatividad-2","status":"publish","type":"page","link":"https:\/\/conalepags.edu.mx\/inicio\/index.php\/normatividad-2\/","title":{"rendered":"Normatividad"},"content":{"rendered":"\t\t<div data-elementor-type=\"wp-page\" data-elementor-id=\"249\" class=\"elementor elementor-249\">\n\t\t\t\t<div class=\"elementor-element elementor-element-80ad0b5 e-flex e-con-boxed e-con e-parent\" data-id=\"80ad0b5\" data-element_type=\"container\" data-e-type=\"container\">\n\t\t\t\t\t<div class=\"e-con-inner\">\n\t\t\t\t<div class=\"elementor-element elementor-element-dc73be7 elementor-widget elementor-widget-text-editor\" data-id=\"dc73be7\" data-element_type=\"widget\" data-e-type=\"widget\" data-widget_type=\"text-editor.default\">\n\t\t\t\t<div class=\"elementor-widget-container\">\n\t\t\t\t\t\t\t\t\t<h3>Normatividad<\/h3>\t\t\t\t\t\t\t\t<\/div>\n\t\t\t\t<\/div>\n\t\t\t\t\t<\/div>\n\t\t\t\t<\/div>\n\t\t<div class=\"elementor-element elementor-element-2bb50dc e-flex e-con-boxed e-con e-parent\" data-id=\"2bb50dc\" data-element_type=\"container\" data-e-type=\"container\">\n\t\t\t\t\t<div class=\"e-con-inner\">\n\t\t\t\t<div class=\"elementor-element elementor-element-50a2f33 elementor-widget elementor-widget-text-editor\" data-id=\"50a2f33\" data-element_type=\"widget\" data-e-type=\"widget\" data-widget_type=\"text-editor.default\">\n\t\t\t\t<div class=\"elementor-widget-container\">\n\t\t\t\t\t\t\t\t\t<table style=\"border-collapse: collapse; width: 100%; height: 689px;\"><tbody><tr style=\"height: 53px;\"><td style=\"width: 50%; height: 53px;\"><span style=\"font-family: arial, helvetica, sans-serif;\">C\u00f3digo de \u00c9tica<\/span><\/td><td style=\"width: 50%; height: 53px;\"><a href=\"https:\/\/conalepags.edu.mx\/docs\/NORMATIVIDAD\/CODIGO_ETICA_ACTUALIZACION_2022.pdf\" target=\"_blank\" rel=\"noopener\"><img decoding=\"async\" class=\"aligncenter wp-image-118\" src=\"https:\/\/conalepags.edu.mx\/inicio\/wp-content\/uploads\/2024\/03\/pdfdescarga-300x300.png\" alt=\"\" width=\"38\" height=\"38\" srcset=\"https:\/\/conalepags.edu.mx\/inicio\/wp-content\/uploads\/2024\/03\/pdfdescarga-300x300.png 300w, https:\/\/conalepags.edu.mx\/inicio\/wp-content\/uploads\/2024\/03\/pdfdescarga-150x150.png 150w, https:\/\/conalepags.edu.mx\/inicio\/wp-content\/uploads\/2024\/03\/pdfdescarga.png 512w\" sizes=\"(max-width: 38px) 100vw, 38px\" \/><\/a><\/td><\/tr><tr style=\"height: 53px;\"><td style=\"width: 50%; height: 53px;\"><span style=\"font-family: arial, helvetica, sans-serif;\">C\u00f3digo de Conducta<\/span><\/td><td style=\"width: 50%; height: 53px; text-align: center;\"><a href=\"https:\/\/conalepags.edu.mx\/docs\/NORMATIVIDAD\/CODIGO_DE_CONDUCTA..pdf\" target=\"_blank\" rel=\"noopener\"><img decoding=\"async\" class=\"alignnone\" src=\"https:\/\/conalepags.edu.mx\/inicio\/wp-content\/uploads\/2024\/03\/pdfdescarga-300x300.png\" alt=\"\" width=\"38\" height=\"38\" \/><\/a><\/td><\/tr><tr style=\"height: 53px;\"><td style=\"width: 50%; height: 53px;\"><span style=\"font-family: arial, helvetica, sans-serif;\">Ley que crea el Colegio de Educaci\u00f3n Profesional T\u00e9cnica del Estado de Aguascalientes<\/span><\/td><td style=\"width: 50%; height: 53px; text-align: center;\"><a href=\"https:\/\/conalepags.edu.mx\/docs\/NORMATIVIDAD\/leyquecreaelColegiodeEducacionProfesionalTecnicadelEstadodeAguascalientes.pdf\" target=\"_blank\" rel=\"noopener\"><img decoding=\"async\" class=\"alignnone\" src=\"https:\/\/conalepags.edu.mx\/inicio\/wp-content\/uploads\/2024\/03\/pdfdescarga-300x300.png\" alt=\"\" width=\"38\" height=\"38\" \/><\/a><\/td><\/tr><tr style=\"height: 53px;\"><td style=\"width: 50%; height: 53px;\"><span style=\"font-family: arial, helvetica, sans-serif;\">Ley de Responsabilidades<\/span><\/td><td style=\"width: 50%; height: 53px;\"><a href=\"https:\/\/conalepags.edu.mx\/docs\/NORMATIVIDAD\/Ley_de_responsabilidades.pdf\" target=\"_blank\" rel=\"noopener\"><img decoding=\"async\" class=\"alignnone aligncenter\" src=\"https:\/\/conalepags.edu.mx\/inicio\/wp-content\/uploads\/2024\/03\/pdfdescarga-300x300.png\" alt=\"\" width=\"38\" height=\"38\" \/><\/a><\/td><\/tr><tr style=\"height: 53px;\"><td style=\"width: 50%; height: 53px;\"><span style=\"font-family: arial, helvetica, sans-serif;\">Ley de Transparencia y Acceso a la Informaci\u00f3n<\/span><\/td><td style=\"width: 50%; height: 53px; text-align: center;\"><a href=\"https:\/\/conalepags.edu.mx\/docs\/NORMATIVIDAD\/LEY_DE_TRANSPARENCIA_Y_ACCESO_A_LA_INFORMACION.pdf\" target=\"_blank\" rel=\"noopener\"><img decoding=\"async\" class=\"alignnone\" src=\"https:\/\/conalepags.edu.mx\/inicio\/wp-content\/uploads\/2024\/03\/pdfdescarga-300x300.png\" alt=\"\" width=\"38\" height=\"38\" \/><\/a><\/td><\/tr><tr style=\"height: 53px;\"><td style=\"width: 50%; height: 53px;\"><span style=\"font-family: arial, helvetica, sans-serif;\">Ley para el Control de las Entidades Paraestatales del Estado de Aguascalientes<\/span><\/td><td style=\"width: 50%; height: 53px; text-align: center;\"><a href=\"https:\/\/conalepags.edu.mx\/docs\/NORMATIVIDAD\/Ley_para_el_Control_de_las_Entidades_Parastatales_del_Estado_de_Aguascalientes.pdf\" target=\"_blank\" rel=\"noopener\"><img decoding=\"async\" class=\"alignnone\" src=\"https:\/\/conalepags.edu.mx\/inicio\/wp-content\/uploads\/2024\/03\/pdfdescarga-300x300.png\" alt=\"\" width=\"38\" height=\"38\" \/><\/a><\/td><\/tr><tr style=\"height: 53px;\"><td style=\"width: 50%; height: 53px;\"><span style=\"font-family: arial, helvetica, sans-serif;\">Lineamientos Generales de la Comisi\u00f3n Dictaminadora de Depuraci\u00f3n Y Eliminaci\u00f3n de Documentos<\/span><\/td><td style=\"width: 50%; height: 53px;\"><a href=\"https:\/\/conalepags.edu.mx\/docs\/NORMATIVIDAD\/LINEAMIENTOS_GRALS_DE_LA_COMISION_DICTAMINADORA_DEPURACION_ELIMINACION_DOCUMENTOS.pdf\" target=\"_blank\" rel=\"noopener\"><img decoding=\"async\" class=\"alignnone aligncenter\" src=\"https:\/\/conalepags.edu.mx\/inicio\/wp-content\/uploads\/2024\/03\/pdfdescarga-300x300.png\" alt=\"\" width=\"38\" height=\"38\" \/><\/a><\/td><\/tr><tr style=\"height: 53px;\"><td style=\"width: 50%; height: 53px;\"><span style=\"font-family: arial, helvetica, sans-serif;\">Manual de Atenci\u00f3n a Quejas y Denuncias CONALEP<\/span><\/td><td style=\"width: 50%; height: 53px;\"><a href=\"https:\/\/conalepags.edu.mx\/docs\/NORMATIVIDAD\/manual_de_atencion_a_quejas_y_denuncias.pdf\" target=\"_blank\" rel=\"noopener\"><img loading=\"lazy\" decoding=\"async\" class=\"aligncenter\" src=\"https:\/\/conalepags.edu.mx\/inicio\/wp-content\/uploads\/2024\/03\/pdfdescarga-300x300.png\" alt=\"\" width=\"38\" height=\"38\" \/><\/a><\/td><\/tr><tr style=\"height: 53px;\"><td style=\"width: 50%; height: 53px;\"><span style=\"font-family: arial, helvetica, sans-serif;\">Manual de Organizaci\u00f3n CONALEP<\/span><\/td><td style=\"width: 50%; height: 53px;\"><a href=\"https:\/\/conalepags.edu.mx\/docs\/NORMATIVIDAD\/CONALEP-MO-Octubre-2024.pdf\" target=\"_blank\" rel=\"noopener\"><img loading=\"lazy\" decoding=\"async\" class=\"aligncenter\" src=\"https:\/\/conalepags.edu.mx\/inicio\/wp-content\/uploads\/2024\/03\/pdfdescarga-300x300.png\" alt=\"\" width=\"38\" height=\"38\" \/><\/a><\/td><\/tr><tr style=\"height: 53px;\"><td style=\"width: 50%; height: 53px;\"><span style=\"font-family: arial, helvetica, sans-serif;\">Normas Generales para la Baja de Bienes Muebles<\/span><\/td><td style=\"width: 50%; height: 53px;\"><a href=\"https:\/\/conalepags.edu.mx\/docs\/NORMATIVIDAD\/NORMAS_GENERALES_PARA_LA_BAJA_DE_BIENES_MUEBLES.pdf\" target=\"_blank\" rel=\"noopener\"><img loading=\"lazy\" decoding=\"async\" class=\"aligncenter\" src=\"https:\/\/conalepags.edu.mx\/inicio\/wp-content\/uploads\/2024\/03\/pdfdescarga-300x300.png\" alt=\"\" width=\"38\" height=\"38\" \/><\/a><\/td><\/tr><tr style=\"height: 53px;\"><td style=\"width: 50%; height: 53px;\"><span style=\"font-family: arial, helvetica, sans-serif;\">Reglamento Interno<\/span><\/td><td style=\"width: 50%; height: 53px;\"><a href=\"https:\/\/conalepags.edu.mx\/docs\/NORMATIVIDAD\/EDO-26-216.pdf\" target=\"_blank\" rel=\"noopener\"><img loading=\"lazy\" decoding=\"async\" class=\"aligncenter\" src=\"https:\/\/conalepags.edu.mx\/inicio\/wp-content\/uploads\/2024\/03\/pdfdescarga-300x300.png\" alt=\"\" width=\"38\" height=\"38\" \/><\/a><\/td><\/tr><tr style=\"height: 53px;\"><td style=\"width: 50%; height: 53px;\"><span style=\"font-family: arial, helvetica, sans-serif;\">Manual de Procedimientos CONALEP-MPSP <strong>marzo 2024<\/strong><\/span><\/td><td style=\"width: 50%; height: 53px;\"><a href=\"https:\/\/conalepags.edu.mx\/docs\/NORMATIVIDAD\/CONALEP_MPSP_V02_200324.pdf\" target=\"_blank\" rel=\"noopener\"><img loading=\"lazy\" decoding=\"async\" class=\"aligncenter\" src=\"https:\/\/conalepags.edu.mx\/inicio\/wp-content\/uploads\/2024\/03\/pdfdescarga-300x300.png\" alt=\"\" width=\"38\" height=\"38\" \/><\/a><\/td><\/tr><tr style=\"height: 53px;\"><td style=\"width: 50%; height: 53px;\"><span style=\"font-family: arial, helvetica, sans-serif;\">Lineamientos generales para establecer las bases de la integraci\u00f3n, organizaci\u00f3n, atribuciones y funcionamiento del comit\u00e9 de \u00e9tica y de prevenci\u00f3n de conflictos de inter\u00e9s del Colegio de Educaci\u00f3n Profesional T\u00e9cnica del Estado de Aguascalientes<\/span><\/td><td style=\"width: 50%; height: 53px;\"><a href=\"https:\/\/conalepags.edu.mx\/docs\/NORMATIVIDAD\/COMITE_ETICA_CONALEP_2022.pdf\" target=\"_blank\" rel=\"noopener\"><img loading=\"lazy\" decoding=\"async\" class=\"aligncenter\" src=\"https:\/\/conalepags.edu.mx\/inicio\/wp-content\/uploads\/2024\/03\/pdfdescarga-300x300.png\" alt=\"\" width=\"38\" height=\"38\" \/><\/a><\/td><\/tr><\/tbody><\/table>\t\t\t\t\t\t\t\t<\/div>\n\t\t\t\t<\/div>\n\t\t\t\t\t<\/div>\n\t\t\t\t<\/div>\n\t\t\t\t<\/div>\n\t\t","protected":false},"excerpt":{"rendered":"<p>Normatividad C\u00f3digo de \u00c9tica C\u00f3digo de Conducta Ley que crea el Colegio de Educaci\u00f3n Profesional T\u00e9cnica del Estado de Aguascalientes Ley de Responsabilidades Ley de Transparencia y Acceso a la Informaci\u00f3n Ley para el Control de las Entidades Paraestatales del Estado de Aguascalientes Lineamientos Generales de la Comisi\u00f3n Dictaminadora de Depuraci\u00f3n Y Eliminaci\u00f3n de Documentos [&hellip;]<\/p>\n","protected":false},"author":1,"featured_media":0,"parent":0,"menu_order":0,"comment_status":"closed","ping_status":"closed","template":"","meta":{"_uag_custom_page_level_css":"","footnotes":""},"class_list":["post-249","page","type-page","status-publish","hentry"],"uagb_featured_image_src":{"full":false,"thumbnail":false,"medium":false,"medium_large":false,"large":false,"1536x1536":false,"2048x2048":false},"uagb_author_info":{"display_name":"admin","author_link":"https:\/\/conalepags.edu.mx\/inicio\/index.php\/author\/admin_9j385v7b\/"},"uagb_comment_info":0,"uagb_excerpt":"Normatividad C\u00f3digo de \u00c9tica C\u00f3digo de Conducta Ley que crea el Colegio de Educaci\u00f3n Profesional T\u00e9cnica del Estado de Aguascalientes Ley de Responsabilidades Ley de Transparencia y Acceso a la Informaci\u00f3n Ley para el Control de las Entidades Paraestatales del Estado de Aguascalientes Lineamientos Generales de la Comisi\u00f3n Dictaminadora de Depuraci\u00f3n Y Eliminaci\u00f3n de Documentos&hellip;","_links":{"self":[{"href":"https:\/\/conalepags.edu.mx\/inicio\/index.php\/wp-json\/wp\/v2\/pages\/249","targetHints":{"allow":["GET"]}}],"collection":[{"href":"https:\/\/conalepags.edu.mx\/inicio\/index.php\/wp-json\/wp\/v2\/pages"}],"about":[{"href":"https:\/\/conalepags.edu.mx\/inicio\/index.php\/wp-json\/wp\/v2\/types\/page"}],"author":[{"embeddable":true,"href":"https:\/\/conalepags.edu.mx\/inicio\/index.php\/wp-json\/wp\/v2\/users\/1"}],"replies":[{"embeddable":true,"href":"https:\/\/conalepags.edu.mx\/inicio\/index.php\/wp-json\/wp\/v2\/comments?post=249"}],"version-history":[{"count":24,"href":"https:\/\/conalepags.edu.mx\/inicio\/index.php\/wp-json\/wp\/v2\/pages\/249\/revisions"}],"predecessor-version":[{"id":2097,"href":"https:\/\/conalepags.edu.mx\/inicio\/index.php\/wp-json\/wp\/v2\/pages\/249\/revisions\/2097"}],"wp:attachment":[{"href":"https:\/\/conalepags.edu.mx\/inicio\/index.php\/wp-json\/wp\/v2\/media?parent=249"}],"curies":[{"name":"wp","href":"https:\/\/api.w.org\/{rel}","templated":true}]}}