{"id":309,"date":"2024-05-23T16:11:41","date_gmt":"2024-05-23T16:11:41","guid":{"rendered":"https:\/\/conalepags.edu.mx\/inicio\/?page_id=309"},"modified":"2024-06-07T21:45:28","modified_gmt":"2024-06-07T21:45:28","slug":"docentes","status":"publish","type":"page","link":"https:\/\/conalepags.edu.mx\/inicio\/index.php\/docentes\/","title":{"rendered":"Docentes"},"content":{"rendered":"\t\t<div data-elementor-type=\"wp-page\" data-elementor-id=\"309\" class=\"elementor elementor-309\">\n\t\t\t\t<div class=\"elementor-element elementor-element-709eac3 e-flex e-con-boxed e-con e-parent\" data-id=\"709eac3\" data-element_type=\"container\" data-e-type=\"container\">\n\t\t\t\t\t<div class=\"e-con-inner\">\n\t\t\t\t<div class=\"elementor-element elementor-element-ce254d9 elementor-widget elementor-widget-image\" data-id=\"ce254d9\" data-element_type=\"widget\" data-e-type=\"widget\" data-widget_type=\"image.default\">\n\t\t\t\t<div class=\"elementor-widget-container\">\n\t\t\t\t\t\t\t\t\t\t\t\t\t\t\t<img decoding=\"async\" src=\"https:\/\/conalepags.edu.mx\/img_sitio\/cabeceras\/separador.gif\" title=\"\" alt=\"\" loading=\"lazy\" \/>\t\t\t\t\t\t\t\t\t\t\t\t\t\t\t<\/div>\n\t\t\t\t<\/div>\n\t\t\t\t<div class=\"elementor-element elementor-element-b526a4c elementor-widget elementor-widget-image\" data-id=\"b526a4c\" data-element_type=\"widget\" data-e-type=\"widget\" data-widget_type=\"image.default\">\n\t\t\t\t<div class=\"elementor-widget-container\">\n\t\t\t\t\t\t\t\t\t\t\t\t\t\t\t<img decoding=\"async\" src=\"https:\/\/www.conalepags.edu.mx\/img_sitio\/cabeceras\/encabezado_docentes.png\" title=\"\" alt=\"\" loading=\"lazy\" \/>\t\t\t\t\t\t\t\t\t\t\t\t\t\t\t<\/div>\n\t\t\t\t<\/div>\n\t\t\t\t<div class=\"elementor-element elementor-element-8ca2e69 elementor-widget elementor-widget-text-editor\" data-id=\"8ca2e69\" data-element_type=\"widget\" data-e-type=\"widget\" data-widget_type=\"text-editor.default\">\n\t\t\t\t<div class=\"elementor-widget-container\">\n\t\t\t\t\t\t\t\t\t<p><span style=\"font-size: 18pt;\"><strong>Docentes<\/strong><\/span><\/p><p style=\"text-align: justify;\">Uno de los objetivos prioritarios del Colegio Nacional de Educaci\u00f3n Profesional T\u00e9cnica (CONALEP), es contribuir de manera favorable a mejorar la calidad educativa y capacitar de manera permanente a sus docentes a nivel nacional, mediante el fortalecimiento del proceso de ense\u00f1anza-aprendizaje; la adopci\u00f3n de las plataformas digitales; fomento de una cultura de paz; inclusi\u00f3n; valores y, sustentabilidad ambiental, lo que permitir\u00e1 promover el desarrollo integral y humano de las y los docentes y estudiantado.<\/p><p style=\"text-align: justify;\">Nuestra instituci\u00f3n educativa ha preponderado la creaci\u00f3n de un Plan Maestro del Desarrollo de la Docencia, alineado a los principios y orientaciones de la Nueva Escuela Mexicana (NEM), con el fin de \u201cgarantizar una educaci\u00f3n inclusiva, equitativa y de calidad que promueva oportunidades de aprendizaje durante toda la vida para todas y todos\u201d.<\/p><p style=\"text-align: justify;\">As\u00ed como tambi\u00e9n, en congruencia al Programa Institucional de Trabajo 2021\u20132024, direccionado a innovar y emprender nuevas alternativas educativas con base en las tendencias actuales y las necesidades del sector productivo conforme a los requerimientos de la Educaci\u00f3n Media Superior y al Modelo Acad\u00e9mico, respaldado por un conjunto de valores c\u00edvicos, de sustentabilidad ambiental e institucional, un enfoque constructivista y una metodolog\u00eda basada en competencias que contribuyen a impulsar una s\u00f3lida formaci\u00f3n ocupacional y acad\u00e9mica de Profesionales T\u00e9cnicos-Bachiller que contribuyan al desarrollo de la naci\u00f3n.<\/p><p style=\"text-align: justify;\">Fuente: Plan Maestro para el Desarrollo de la Docencia de Conalep.<\/p>\t\t\t\t\t\t\t\t<\/div>\n\t\t\t\t<\/div>\n\t\t\t\t\t<\/div>\n\t\t\t\t<\/div>\n\t\t\t\t<\/div>\n\t\t","protected":false},"excerpt":{"rendered":"<p>Docentes Uno de los objetivos prioritarios del Colegio Nacional de Educaci\u00f3n Profesional T\u00e9cnica (CONALEP), es contribuir de manera favorable a mejorar la calidad educativa y capacitar de manera permanente a sus docentes a nivel nacional, mediante el fortalecimiento del proceso de ense\u00f1anza-aprendizaje; la adopci\u00f3n de las plataformas digitales; fomento de una cultura de paz; inclusi\u00f3n; [&hellip;]<\/p>\n","protected":false},"author":1,"featured_media":0,"parent":0,"menu_order":0,"comment_status":"closed","ping_status":"closed","template":"","meta":{"_uag_custom_page_level_css":"","footnotes":""},"class_list":["post-309","page","type-page","status-publish","hentry"],"uagb_featured_image_src":{"full":false,"thumbnail":false,"medium":false,"medium_large":false,"large":false,"1536x1536":false,"2048x2048":false},"uagb_author_info":{"display_name":"admin","author_link":"https:\/\/conalepags.edu.mx\/inicio\/index.php\/author\/admin_9j385v7b\/"},"uagb_comment_info":0,"uagb_excerpt":"Docentes Uno de los objetivos prioritarios del Colegio Nacional de Educaci\u00f3n Profesional T\u00e9cnica (CONALEP), es contribuir de manera favorable a mejorar la calidad educativa y capacitar de manera permanente a sus docentes a nivel nacional, mediante el fortalecimiento del proceso de ense\u00f1anza-aprendizaje; la adopci\u00f3n de las plataformas digitales; fomento de una cultura de paz; inclusi\u00f3n;&hellip;","_links":{"self":[{"href":"https:\/\/conalepags.edu.mx\/inicio\/index.php\/wp-json\/wp\/v2\/pages\/309","targetHints":{"allow":["GET"]}}],"collection":[{"href":"https:\/\/conalepags.edu.mx\/inicio\/index.php\/wp-json\/wp\/v2\/pages"}],"about":[{"href":"https:\/\/conalepags.edu.mx\/inicio\/index.php\/wp-json\/wp\/v2\/types\/page"}],"author":[{"embeddable":true,"href":"https:\/\/conalepags.edu.mx\/inicio\/index.php\/wp-json\/wp\/v2\/users\/1"}],"replies":[{"embeddable":true,"href":"https:\/\/conalepags.edu.mx\/inicio\/index.php\/wp-json\/wp\/v2\/comments?post=309"}],"version-history":[{"count":18,"href":"https:\/\/conalepags.edu.mx\/inicio\/index.php\/wp-json\/wp\/v2\/pages\/309\/revisions"}],"predecessor-version":[{"id":746,"href":"https:\/\/conalepags.edu.mx\/inicio\/index.php\/wp-json\/wp\/v2\/pages\/309\/revisions\/746"}],"wp:attachment":[{"href":"https:\/\/conalepags.edu.mx\/inicio\/index.php\/wp-json\/wp\/v2\/media?parent=309"}],"curies":[{"name":"wp","href":"https:\/\/api.w.org\/{rel}","templated":true}]}}