{"id":320,"date":"2024-05-23T16:24:46","date_gmt":"2024-05-23T16:24:46","guid":{"rendered":"https:\/\/conalepags.edu.mx\/inicio\/?page_id=320"},"modified":"2026-03-05T17:57:28","modified_gmt":"2026-03-05T17:57:28","slug":"oferta-educativa","status":"publish","type":"page","link":"https:\/\/conalepags.edu.mx\/inicio\/index.php\/oferta-educativa\/","title":{"rendered":"Oferta Educativa"},"content":{"rendered":"\t\t<div data-elementor-type=\"wp-page\" data-elementor-id=\"320\" class=\"elementor elementor-320\">\n\t\t\t\t<div class=\"elementor-element elementor-element-3fa09c9 e-flex e-con-boxed e-con e-parent\" data-id=\"3fa09c9\" data-element_type=\"container\" data-e-type=\"container\">\n\t\t\t\t\t<div class=\"e-con-inner\">\n\t\t\t\t<div class=\"elementor-element elementor-element-647268a elementor-widget elementor-widget-image\" data-id=\"647268a\" data-element_type=\"widget\" data-e-type=\"widget\" data-widget_type=\"image.default\">\n\t\t\t\t<div class=\"elementor-widget-container\">\n\t\t\t\t\t\t\t\t\t\t\t\t\t\t\t<img decoding=\"async\" src=\"https:\/\/conalepags.edu.mx\/inicio\/wp-content\/uploads\/2025\/03\/Oferta_plt.gif\" title=\"\" alt=\"\" loading=\"lazy\" \/>\t\t\t\t\t\t\t\t\t\t\t\t\t\t\t<\/div>\n\t\t\t\t<\/div>\n\t\t\t\t<div class=\"elementor-element elementor-element-2b76e0c elementor-widget elementor-widget-text-editor\" data-id=\"2b76e0c\" data-element_type=\"widget\" data-e-type=\"widget\" data-widget_type=\"text-editor.default\">\n\t\t\t\t<div class=\"elementor-widget-container\">\n\t\t\t\t\t\t\t\t\t<h2>Oferta Educativa<\/h2><p><span style=\"font-style: inherit; font-weight: inherit; text-align: justify; color: var( --e-global-color-text ); font-family: var( --e-global-typography-text-font-family ), Sans-serif; background-color: var(--ast-global-color-5);\">Se compone de 21 carreras agrupadas en 7 \u00e1reas de formaci\u00f3n ocupacional que se imparten a nivel estatal, donde se forman T\u00e9cnicos Bachiller altamente calificados por el dominio de competencias que los preparan para la vida y la participaci\u00f3n en el desarrollo econ\u00f3mico sostenible.<\/span><\/p>\t\t\t\t\t\t\t\t<\/div>\n\t\t\t\t<\/div>\n\t\t\t\t<div class=\"elementor-element elementor-element-31dbb70 elementor-drop-cap-yes elementor-drop-cap-view-default elementor-widget elementor-widget-text-editor\" data-id=\"31dbb70\" data-element_type=\"widget\" data-e-type=\"widget\" data-settings=\"{&quot;drop_cap&quot;:&quot;yes&quot;}\" data-widget_type=\"text-editor.default\">\n\t\t\t\t<div class=\"elementor-widget-container\">\n\t\t\t\t\t\t\t\t\t<table style=\"height: 889px; width: 100%; border-collapse: collapse; border-style: double;\"><tbody><tr style=\"height: 51px;\"><td style=\"width: 196.91px; text-align: center; height: 51px;\"><a href=\"https:\/\/conalepags.edu.mx\/inicio\/index.php\/administracion-2\/\"><img decoding=\"async\" class=\"aligncenter\" src=\"https:\/\/conalepags.edu.mx\/img_sitio\/logos\/administracion.jpg\" alt=\"\" width=\"52\" height=\"52\" \/><\/a><\/td><td style=\"width: 196.91px; text-align: center; height: 51px;\"><a href=\"https:\/\/conalepags.edu.mx\/inicio\/index.php\/agrotecnologia-2\/\"><img decoding=\"async\" class=\"aligncenter\" src=\"https:\/\/conalepags.edu.mx\/img_sitio\/logos\/agrotecnologia.jpg\" alt=\"\" width=\"47\" height=\"45\" \/><\/a><\/td><td style=\"width: 196.91px; height: 51px;\"><a href=\"https:\/\/conalepags.edu.mx\/inicio\/index.php\/asistente-directivo-2\/\"><img decoding=\"async\" class=\"aligncenter\" src=\"https:\/\/conalepags.edu.mx\/img_sitio\/logos\/asistente-directivo.jpg\" alt=\"\" width=\"47\" height=\"47\" \/><\/a><\/td><\/tr><tr style=\"height: 24px;\"><td style=\"width: 196.91px; text-align: center; height: 24px;\"><span style=\"color: #333333;\"><a style=\"color: #333333;\" href=\"https:\/\/conalepags.edu.mx\/inicio\/index.php\/administracion-2\/\"><span style=\"font-family: arial, helvetica, sans-serif;\">Administraci\u00f3n<\/span><\/a><\/span><\/td><td style=\"width: 196.91px; text-align: center; height: 24px;\"><span style=\"color: #333333;\"><a style=\"color: #333333;\" href=\"https:\/\/conalepags.edu.mx\/inicio\/index.php\/agrotecnologia-2\/\"><span style=\"font-family: arial, helvetica, sans-serif;\">Agrotecnolog\u00eda<\/span><\/a><\/span><\/td><td style=\"width: 196.91px; text-align: center; height: 24px;\"><span style=\"color: #333333;\"><a style=\"color: #333333;\" href=\"https:\/\/conalepags.edu.mx\/inicio\/index.php\/asistente-directivo-2\/\"><span style=\"font-family: arial, helvetica, sans-serif;\">Asistente Directivo<\/span><\/a><\/span><\/td><\/tr><tr style=\"background-color: #c8cfce; height: 24px;\"><td style=\"width: 196.91px; text-align: center; height: 24px;\"><span style=\"color: #333333;\"><span style=\"font-family: arial, helvetica, sans-serif;\">\u00a0<\/span><\/span><\/td><td style=\"width: 196.91px; text-align: center; height: 24px;\"><span style=\"color: #333333;\"><span style=\"font-family: arial, helvetica, sans-serif;\">\u00a0<\/span><\/span><\/td><td style=\"width: 196.91px; text-align: center; height: 24px;\"><span style=\"color: #333333;\"><span style=\"font-family: arial, helvetica, sans-serif;\">\u00a0<\/span><\/span><\/td><\/tr><tr style=\"height: 83px;\"><td style=\"width: 196.91px; text-align: center; height: 83px;\"><span style=\"color: #333333;\"><span style=\"font-family: arial, helvetica, sans-serif;\"><a href=\"https:\/\/conalepags.edu.mx\/inicio\/index.php\/autotransporte-2\/\"><img loading=\"lazy\" decoding=\"async\" class=\"aligncenter\" src=\"https:\/\/conalepags.edu.mx\/img_sitio\/logos\/autotransporte.jpeg\" alt=\"\" width=\"45\" height=\"47\" \/><\/a><\/span><\/span><\/td><td style=\"width: 196.91px; text-align: center; height: 83px;\"><span style=\"color: #333333;\"><span style=\"font-family: arial, helvetica, sans-serif;\"><a href=\"https:\/\/conalepags.edu.mx\/inicio\/index.php\/autotronica\/\"><img loading=\"lazy\" decoding=\"async\" class=\"aligncenter\" src=\"https:\/\/conalepags.edu.mx\/img_sitio\/logos\/autotronica.jpg\" alt=\"\" width=\"92\" height=\"92\" \/><\/a>\u00a0<\/span><\/span><\/td><td style=\"width: 196.91px; text-align: center; height: 83px;\"><span style=\"color: #333333;\"><span style=\"font-family: arial, helvetica, sans-serif;\"><a href=\"https:\/\/conalepags.edu.mx\/inicio\/index.php\/ciencia-de-datos\/\"><img loading=\"lazy\" decoding=\"async\" class=\"aligncenter\" src=\"https:\/\/conalepags.edu.mx\/img_sitio\/logos\/ciencia_datos.jpeg\" alt=\"\" width=\"46\" height=\"48\" \/><\/a><\/span><\/span><\/td><\/tr><tr style=\"height: 48px;\"><td style=\"width: 196.91px; text-align: center; height: 48px;\"><span style=\"color: #333333;\"><span style=\"font-family: arial, helvetica, sans-serif;\"><a style=\"color: #333333;\" href=\"https:\/\/conalepags.edu.mx\/inicio\/index.php\/autotransporte-2\/\">Autotransporte<\/a><\/span><\/span><\/td><td style=\"width: 196.91px; text-align: center; height: 48px;\"><a href=\"https:\/\/conalepags.edu.mx\/inicio\/index.php\/autotronica\/\"><strong><span style=\"color: #333333;\"><span style=\"font-family: arial, helvetica, sans-serif;\">Autotr\u00f3nica<\/span><\/span><\/strong><\/a><\/td><td style=\"width: 196.91px; text-align: center; height: 48px;\"><span style=\"color: #333333;\"><span style=\"font-family: arial, helvetica, sans-serif;\"><a style=\"color: #333333;\" href=\"https:\/\/conalepags.edu.mx\/inicio\/index.php\/ciencia-de-datos\/\">Ciencia de Datos e Inteligencia Artificial<\/a><\/span><\/span><\/td><\/tr><tr style=\"background-color: c8cfce;\"><td style=\"width: 196.91px; text-align: center; height: 24px; background-color: #c8cfce;\"><span style=\"color: #333333;\"><span style=\"font-family: arial, helvetica, sans-serif;\">\u00a0<\/span><\/span><\/td><td style=\"width: 196.91px; text-align: center; height: 24px; background-color: #c8cfce;\"><strong><span style=\"color: #333333;\"><span style=\"font-family: arial, helvetica, sans-serif;\">\u00a0<\/span><\/span><\/strong><\/td><td style=\"width: 196.91px; text-align: center; height: 24px; background-color: #c8cfce;\"><span style=\"color: #333333;\"><span style=\"font-family: arial, helvetica, sans-serif;\">\u00a0<\/span><\/span><\/td><\/tr><tr style=\"height: 55px;\"><td style=\"width: 196.91px; height: 55px;\"><a href=\"https:\/\/conalepags.edu.mx\/inicio\/index.php\/contabilidad-2\/\"><img loading=\"lazy\" decoding=\"async\" class=\"aligncenter\" src=\"https:\/\/conalepags.edu.mx\/img_sitio\/logos\/contabilidad.jpg\" alt=\"\" width=\"52\" height=\"52\" \/><\/a><\/td><td style=\"width: 196.91px; height: 55px;\"><a href=\"https:\/\/conalepags.edu.mx\/inicio\/index.php\/control-de-calidad\/\"><img loading=\"lazy\" decoding=\"async\" class=\"aligncenter\" src=\"https:\/\/conalepags.edu.mx\/img_sitio\/logos\/control-calidad.jpg\" alt=\"\" width=\"49\" height=\"49\" \/><\/a><\/td><td style=\"width: 196.91px; height: 55px;\"><a href=\"https:\/\/conalepags.edu.mx\/inicio\/index.php\/electromecanica-industrial\/\"><img loading=\"lazy\" decoding=\"async\" class=\"aligncenter\" src=\"https:\/\/conalepags.edu.mx\/img_sitio\/logos\/electromecanica.jpg\" alt=\"\" width=\"56\" height=\"56\" \/><\/a><\/td><\/tr><tr style=\"height: 24px;\"><td style=\"width: 196.91px; text-align: center; height: 24px;\"><span style=\"color: #333333;\"><a style=\"color: #333333;\" href=\"https:\/\/conalepags.edu.mx\/inicio\/index.php\/contabilidad-2\/\"><span style=\"font-family: arial, helvetica, sans-serif;\">Contabilidad<\/span><\/a><\/span><\/td><td style=\"width: 196.91px; text-align: center; height: 24px;\"><span style=\"color: #333333;\"><a style=\"color: #333333;\" href=\"https:\/\/conalepags.edu.mx\/inicio\/index.php\/control-de-calidad\/\"><span style=\"font-family: arial, helvetica, sans-serif;\">Control de Calidad<\/span><\/a><\/span><\/td><td style=\"width: 196.91px; text-align: center; height: 24px;\"><a href=\"https:\/\/conalepags.edu.mx\/inicio\/index.php\/electromecanica-industrial\/\"><span style=\"font-family: arial, helvetica, sans-serif;\"><span style=\"color: #333333;\">Electromec\u00e1nica Industrial<\/span><\/span><\/a><\/td><\/tr><tr style=\"height: 24px;\"><td style=\"width: 196.91px; text-align: center; background-color: #c8cfce; height: 24px;\"><span style=\"color: #333333;\"><span style=\"font-family: arial, helvetica, sans-serif;\">\u00a0<\/span><\/span><\/td><td style=\"width: 196.91px; text-align: center; background-color: #c8cfce; height: 24px;\"><span style=\"color: #333333;\"><span style=\"font-family: arial, helvetica, sans-serif;\">\u00a0<\/span><\/span><\/td><td style=\"width: 196.91px; text-align: center; background-color: #c8cfce; height: 24px;\"><span style=\"font-family: arial, helvetica, sans-serif;\"><span style=\"color: #333333;\">\u00a0<\/span><\/span><\/td><\/tr><tr style=\"height: 60px;\"><td style=\"width: 196.91px; height: 60px;\"><a href=\"https:\/\/conalepags.edu.mx\/inicio\/index.php\/enfermeria-general\/\"><img loading=\"lazy\" decoding=\"async\" class=\"size-thumbnail aligncenter\" src=\"https:\/\/conalepags.edu.mx\/img_sitio\/logos\/enfermeria.jpg\" width=\"42\" height=\"42\" \/><\/a><\/td><td style=\"width: 196.91px; height: 60px;\"><a href=\"https:\/\/conalepags.edu.mx\/inicio\/index.php\/expresion-grafica-digital\/\"><img loading=\"lazy\" decoding=\"async\" class=\"aligncenter size-thumbnail\" src=\"https:\/\/conalepags.edu.mx\/img_sitio\/logos\/expresion_grafica.jpg\" width=\"60\" height=\"60\" \/><\/a><\/td><td style=\"width: 196.91px; height: 60px;\"><a href=\"https:\/\/conalepags.edu.mx\/inicio\/index.php\/fuentes-alternas-de-energia\/\"><img loading=\"lazy\" decoding=\"async\" class=\"aligncenter\" src=\"https:\/\/conalepags.edu.mx\/img_sitio\/logos\/fuentes-alternas.jpg\" alt=\"\" width=\"49\" height=\"49\" \/><\/a><\/td><\/tr><tr style=\"height: 48px;\"><td style=\"width: 196.91px; text-align: center; height: 48px;\"><span style=\"color: #333333;\"><a style=\"color: #333333;\" href=\"https:\/\/conalepags.edu.mx\/inicio\/index.php\/enfermeria-general\/\"><span style=\"font-family: arial, helvetica, sans-serif;\">Enfermer\u00eda General<\/span><\/a><\/span><\/td><td style=\"width: 196.91px; text-align: center; height: 48px;\"><a href=\"https:\/\/conalepags.edu.mx\/inicio\/index.php\/expresion-grafica-digital\/\"><span style=\"font-family: arial, helvetica, sans-serif;\"><span style=\"color: #333333;\">Expresi\u00f3n Gr\u00e1fica Digital<\/span><\/span><\/a><\/td><td style=\"width: 196.91px; text-align: center; height: 48px;\"><span style=\"color: #333333;\"><a style=\"color: #333333;\" href=\"https:\/\/conalepags.edu.mx\/inicio\/index.php\/fuentes-alternas-de-energia\/\"><span style=\"font-family: arial, helvetica, sans-serif;\">Fuentes Alternas de Energ\u00eda<\/span><\/a><\/span><\/td><\/tr><tr style=\"height: 24px;\"><td style=\"width: 196.91px; text-align: center; background-color: #c8cfce; height: 24px;\"><span style=\"color: #333333;\"><span style=\"font-family: arial, helvetica, sans-serif;\">\u00a0<\/span><\/span><\/td><td style=\"width: 196.91px; text-align: center; background-color: #c8cfce; height: 24px;\"><span style=\"font-family: arial, helvetica, sans-serif;\"><span style=\"color: #333333;\">\u00a0<\/span><\/span><\/td><td style=\"width: 196.91px; text-align: center; background-color: #c8cfce; height: 24px;\"><span style=\"color: #333333;\"><span style=\"font-family: arial, helvetica, sans-serif;\">\u00a0<\/span><\/span><\/td><\/tr><tr style=\"height: 60px;\"><td style=\"width: 196.91px; height: 60px;\"><a href=\"https:\/\/conalepags.edu.mx\/inicio\/index.php\/industria-automotriz\/\"><img loading=\"lazy\" decoding=\"async\" class=\"aligncenter\" src=\"https:\/\/conalepags.edu.mx\/img_sitio\/logos\/industria_aut.jpg\" alt=\"\" width=\"61\" height=\"61\" \/><\/a><\/td><td style=\"width: 196.91px; height: 60px;\"><a href=\"https:\/\/conalepags.edu.mx\/inicio\/index.php\/mantenimiento-automotriz\/\"><img loading=\"lazy\" decoding=\"async\" class=\"aligncenter\" src=\"https:\/\/conalepags.edu.mx\/img_sitio\/logos\/man_auto.jpg\" alt=\"\" width=\"47\" height=\"35\" \/><\/a><\/td><td style=\"width: 196.91px; height: 60px;\"><a href=\"https:\/\/conalepags.edu.mx\/inicio\/index.php\/mantenimiento-de-sistemas-electronicos\/\"><img loading=\"lazy\" decoding=\"async\" class=\"aligncenter\" src=\"https:\/\/conalepags.edu.mx\/img_sitio\/logos\/man_sis_elec.jpg\" alt=\"\" width=\"52\" height=\"52\" \/><\/a><\/td><\/tr><tr style=\"height: 48px;\"><td style=\"width: 196.91px; text-align: center; height: 48px;\"><span style=\"color: #333333;\"><a style=\"color: #333333;\" href=\"https:\/\/conalepags.edu.mx\/inicio\/index.php\/industria-automotriz\/\"><span style=\"font-family: arial, helvetica, sans-serif;\">Industria Automotriz<\/span><\/a><\/span><\/td><td style=\"width: 196.91px; text-align: center; height: 48px;\"><a href=\"https:\/\/conalepags.edu.mx\/inicio\/index.php\/mantenimiento-automotriz\/\"><span style=\"font-family: arial, helvetica, sans-serif;\"><span style=\"color: #333333;\">Mantenimiento Automotriz<\/span><\/span><\/a><\/td><td style=\"width: 196.91px; text-align: center; height: 48px;\"><span style=\"color: #333333;\"><a style=\"color: #333333;\" href=\"https:\/\/conalepags.edu.mx\/inicio\/index.php\/mantenimiento-de-sistemas-electronicos\/\"><span style=\"font-family: arial, helvetica, sans-serif;\">Mantenimiento de Sistemas Electr\u00f3nicos<\/span><\/a><\/span><\/td><\/tr><tr style=\"height: 24px;\"><td style=\"width: 196.91px; text-align: center; background-color: #c8cfce; height: 24px;\"><span style=\"color: #333333;\"><span style=\"font-family: arial, helvetica, sans-serif;\">\u00a0<\/span><\/span><\/td><td style=\"width: 196.91px; text-align: center; background-color: #c8cfce; height: 24px;\"><span style=\"font-family: arial, helvetica, sans-serif;\"><span style=\"color: #333333;\">\u00a0<\/span><\/span><\/td><td style=\"width: 196.91px; text-align: center; background-color: #c8cfce; height: 24px;\"><span style=\"color: #333333;\"><span style=\"font-family: arial, helvetica, sans-serif;\">\u00a0<\/span><\/span><\/td><\/tr><tr style=\"height: 62px;\"><td style=\"width: 196.91px; text-align: center; height: 62px;\"><a href=\"https:\/\/conalepags.edu.mx\/inicio\/index.php\/turismo-2\/\"><img loading=\"lazy\" decoding=\"async\" class=\"aligncenter\" src=\"https:\/\/conalepags.edu.mx\/img_sitio\/logos\/mant_de_sist_ind.jpg\" alt=\"\" width=\"60\" height=\"60\" \/><\/a><\/td><td style=\"width: 196.91px; text-align: center; height: 62px;\"><a href=\"https:\/\/conalepags.edu.mx\/inicio\/index.php\/maquinas-herramienta-2\/\"><img loading=\"lazy\" decoding=\"async\" class=\"aligncenter\" src=\"https:\/\/conalepags.edu.mx\/img_sitio\/logos\/maquinas-herramienta.jpg\" alt=\"\" width=\"55\" height=\"55\" \/><\/a><\/td><td style=\"width: 196.91px; text-align: center; height: 62px;\"><a href=\"https:\/\/conalepags.edu.mx\/inicio\/index.php\/mecatronica-2\/\"><img loading=\"lazy\" decoding=\"async\" class=\"aligncenter\" src=\"https:\/\/conalepags.edu.mx\/img_sitio\/logos\/mecatronica.jpg\" alt=\"\" width=\"63\" height=\"63\" \/><\/a><\/td><\/tr><tr style=\"height: 48px;\"><td style=\"width: 196.91px; text-align: center; height: 48px;\"><span style=\"color: #333333;\"><a style=\"color: #333333;\" href=\"https:\/\/conalepags.edu.mx\/inicio\/index.php\/mantenimiento-de-sistemas-automaticos\/\"><span style=\"font-family: arial, helvetica, sans-serif;\">Mantenimiento de Sistemas Autom\u00e1ticos<\/span><\/a><\/span><\/td><td style=\"width: 196.91px; text-align: center; height: 48px;\"><a href=\"https:\/\/conalepags.edu.mx\/inicio\/index.php\/maquinas-herramienta-2\/\"><span style=\"font-family: arial, helvetica, sans-serif;\"><span style=\"color: #333333;\">M\u00e1quinas-Herramienta<\/span><\/span><\/a><\/td><td style=\"width: 196.91px; text-align: center; height: 48px;\"><a href=\"https:\/\/conalepags.edu.mx\/inicio\/index.php\/mecatronica-2\/\"><span style=\"font-family: arial, helvetica, sans-serif;\"><span style=\"color: #333333;\">Mecatr\u00f3nica<\/span><\/span><\/a><\/td><\/tr><tr style=\"height: 24px;\"><td style=\"width: 196.91px; text-align: center; background-color: #c8cfce; height: 24px;\"><span style=\"color: #333333;\"><span style=\"font-family: arial, helvetica, sans-serif;\">\u00a0<\/span><\/span><\/td><td style=\"width: 196.91px; text-align: center; background-color: #c8cfce; height: 24px;\"><span style=\"font-family: arial, helvetica, sans-serif;\"><span style=\"color: #333333;\">\u00a0<\/span><\/span><\/td><td style=\"width: 196.91px; text-align: center; background-color: #c8cfce; height: 24px;\"><span style=\"font-family: arial, helvetica, sans-serif;\"><span style=\"color: #333333;\">\u00a0<\/span><\/span><\/td><\/tr><tr style=\"height: 62px;\"><td style=\"width: 196.91px; text-align: center; height: 62px;\"><a href=\"https:\/\/conalepags.edu.mx\/inicio\/index.php\/microelectronica-y-semiconductores\/\"><img loading=\"lazy\" decoding=\"async\" class=\"aligncenter\" src=\"https:\/\/conalepags.edu.mx\/img_sitio\/logos\/microysem.jpg\" alt=\"\" width=\"78\" height=\"78\" \/><\/a><\/td><td style=\"width: 196.91px; text-align: center; height: 62px;\"><a href=\"https:\/\/conalepags.edu.mx\/inicio\/index.php\/seguridad-e-higiene-y-proteccion-civil\/\"><img loading=\"lazy\" decoding=\"async\" class=\"aligncenter\" src=\"https:\/\/conalepags.edu.mx\/img_sitio\/logos\/proteccion-civil.jpg\" alt=\"\" width=\"54\" height=\"54\" \/><\/a><\/td><td style=\"width: 196.91px; text-align: center; height: 62px;\"><a href=\"https:\/\/conalepags.edu.mx\/inicio\/index.php\/turismo-2\/\"><img loading=\"lazy\" decoding=\"async\" class=\"aligncenter\" src=\"https:\/\/conalepags.edu.mx\/img_sitio\/logos\/turismo.jpg\" alt=\"\" width=\"49\" height=\"49\" \/><\/a><\/td><\/tr><tr style=\"height: 48px;\"><td style=\"width: 196.91px; text-align: center; height: 48px;\"><a href=\"https:\/\/conalepags.edu.mx\/inicio\/index.php\/microelectronica-y-semiconductores\/\"><span style=\"color: #000000;\"><strong><span style=\"font-family: arial, helvetica, sans-serif;\">Microelectr\u00f3nica y Semiconductores<\/span><\/strong><\/span><\/a><\/td><td style=\"width: 196.91px; text-align: center; height: 48px;\"><a href=\"https:\/\/conalepags.edu.mx\/inicio\/index.php\/seguridad-e-higiene-y-proteccion-civil\/\"><span style=\"font-family: arial, helvetica, sans-serif;\"><span style=\"color: #333333;\">Seguridad e Higiene y Protecci\u00f3n Civil<\/span><\/span><\/a><\/td><td style=\"width: 196.91px; text-align: center; height: 48px;\"><span style=\"color: #333333;\"><a style=\"color: #333333;\" href=\"https:\/\/conalepags.edu.mx\/inicio\/index.php\/turismo-2\/\"><span style=\"font-family: arial, helvetica, sans-serif;\">Turismo<\/span><\/a><\/span><\/td><\/tr><tr style=\"height: 24px;\"><td style=\"width: 196.91px; text-align: center; background-color: #c8cfce; height: 24px;\"><span style=\"color: #000000;\"><strong><span style=\"font-family: arial, helvetica, sans-serif;\">\u00a0<\/span><\/strong><\/span><\/td><td style=\"width: 196.91px; text-align: center; background-color: #c8cfce; height: 24px;\"><span style=\"font-family: arial, helvetica, sans-serif;\"><span style=\"color: #333333;\">\u00a0<\/span><\/span><\/td><td style=\"width: 196.91px; text-align: center; background-color: #c8cfce; height: 24px;\"><span style=\"color: #333333;\"><span style=\"font-family: arial, helvetica, sans-serif;\">\u00a0<\/span><\/span><\/td><\/tr><\/tbody><\/table>\t\t\t\t\t\t\t\t<\/div>\n\t\t\t\t<\/div>\n\t\t\t\t\t<\/div>\n\t\t\t\t<\/div>\n\t\t\t\t<\/div>\n\t\t","protected":false},"excerpt":{"rendered":"<p>Oferta Educativa Se compone de 21 carreras agrupadas en 7 \u00e1reas de formaci\u00f3n ocupacional que se imparten a nivel estatal, donde se forman T\u00e9cnicos Bachiller altamente calificados por el dominio de competencias que los preparan para la vida y la participaci\u00f3n en el desarrollo econ\u00f3mico sostenible. Administraci\u00f3n Agrotecnolog\u00eda Asistente Directivo \u00a0 \u00a0 \u00a0 \u00a0 Autotransporte [&hellip;]<\/p>\n","protected":false},"author":1,"featured_media":0,"parent":0,"menu_order":0,"comment_status":"closed","ping_status":"closed","template":"","meta":{"_uag_custom_page_level_css":"","footnotes":""},"class_list":["post-320","page","type-page","status-publish","hentry"],"uagb_featured_image_src":{"full":false,"thumbnail":false,"medium":false,"medium_large":false,"large":false,"1536x1536":false,"2048x2048":false},"uagb_author_info":{"display_name":"admin","author_link":"https:\/\/conalepags.edu.mx\/inicio\/index.php\/author\/admin_9j385v7b\/"},"uagb_comment_info":0,"uagb_excerpt":"Oferta Educativa Se compone de 21 carreras agrupadas en 7 \u00e1reas de formaci\u00f3n ocupacional que se imparten a nivel estatal, donde se forman T\u00e9cnicos Bachiller altamente calificados por el dominio de competencias que los preparan para la vida y la participaci\u00f3n en el desarrollo econ\u00f3mico sostenible. Administraci\u00f3n Agrotecnolog\u00eda Asistente Directivo \u00a0 \u00a0 \u00a0 \u00a0 Autotransporte&hellip;","_links":{"self":[{"href":"https:\/\/conalepags.edu.mx\/inicio\/index.php\/wp-json\/wp\/v2\/pages\/320","targetHints":{"allow":["GET"]}}],"collection":[{"href":"https:\/\/conalepags.edu.mx\/inicio\/index.php\/wp-json\/wp\/v2\/pages"}],"about":[{"href":"https:\/\/conalepags.edu.mx\/inicio\/index.php\/wp-json\/wp\/v2\/types\/page"}],"author":[{"embeddable":true,"href":"https:\/\/conalepags.edu.mx\/inicio\/index.php\/wp-json\/wp\/v2\/users\/1"}],"replies":[{"embeddable":true,"href":"https:\/\/conalepags.edu.mx\/inicio\/index.php\/wp-json\/wp\/v2\/comments?post=320"}],"version-history":[{"count":103,"href":"https:\/\/conalepags.edu.mx\/inicio\/index.php\/wp-json\/wp\/v2\/pages\/320\/revisions"}],"predecessor-version":[{"id":2341,"href":"https:\/\/conalepags.edu.mx\/inicio\/index.php\/wp-json\/wp\/v2\/pages\/320\/revisions\/2341"}],"wp:attachment":[{"href":"https:\/\/conalepags.edu.mx\/inicio\/index.php\/wp-json\/wp\/v2\/media?parent=320"}],"curies":[{"name":"wp","href":"https:\/\/api.w.org\/{rel}","templated":true}]}}