{"id":497,"date":"2024-05-28T19:27:30","date_gmt":"2024-05-28T19:27:30","guid":{"rendered":"https:\/\/conalepags.edu.mx\/inicio\/?page_id=497"},"modified":"2025-03-12T14:09:51","modified_gmt":"2025-03-12T14:09:51","slug":"administracion-2","status":"publish","type":"page","link":"https:\/\/conalepags.edu.mx\/inicio\/index.php\/administracion-2\/","title":{"rendered":"Administraci\u00f3n"},"content":{"rendered":"\t\t<div data-elementor-type=\"wp-page\" data-elementor-id=\"497\" class=\"elementor elementor-497\">\n\t\t\t\t<div class=\"elementor-element elementor-element-f9964f9 e-flex e-con-boxed e-con e-parent\" data-id=\"f9964f9\" data-element_type=\"container\" data-e-type=\"container\">\n\t\t\t\t\t<div class=\"e-con-inner\">\n\t\t\t\t<div class=\"elementor-element elementor-element-7f2ba1e elementor-widget elementor-widget-video\" data-id=\"7f2ba1e\" data-element_type=\"widget\" data-e-type=\"widget\" data-settings=\"{&quot;youtube_url&quot;:&quot;https:\\\/\\\/youtu.be\\\/8yuXndbk79I&quot;,&quot;autoplay&quot;:&quot;yes&quot;,&quot;play_on_mobile&quot;:&quot;yes&quot;,&quot;video_type&quot;:&quot;youtube&quot;}\" data-widget_type=\"video.default\">\n\t\t\t\t<div class=\"elementor-widget-container\">\n\t\t\t\t\t\t\t<div class=\"elementor-wrapper elementor-open-inline\">\n\t\t\t<div class=\"elementor-video\"><\/div>\t\t<\/div>\n\t\t\t\t\t\t<\/div>\n\t\t\t\t<\/div>\n\t\t\t\t<div class=\"elementor-element elementor-element-4fdc4ec elementor-widget elementor-widget-text-editor\" data-id=\"4fdc4ec\" data-element_type=\"widget\" data-e-type=\"widget\" data-widget_type=\"text-editor.default\">\n\t\t\t\t<div class=\"elementor-widget-container\">\n\t\t\t\t\t\t\t\t\t<h1 style=\"text-align: justify;\"><span style=\"font-family: arial, helvetica, sans-serif;\">Administraci\u00f3n<\/span><\/h1><p style=\"text-align: justify;\"><span style=\"font-family: arial, helvetica, sans-serif;\">Administrar almacenes e inventarios de productos y materiales, a trav\u00e9s de normas legales, m\u00e9todos, t\u00e9cnicas y procedimientos de control establecidos, para coadyuvar a eficientar el proceso productivo de la organizaci\u00f3n.<\/span><\/p>\t\t\t\t\t\t\t\t<\/div>\n\t\t\t\t<\/div>\n\t\t\t\t<div class=\"elementor-element elementor-element-ae3f32c elementor-tabs-view-horizontal elementor-widget elementor-widget-tabs\" data-id=\"ae3f32c\" data-element_type=\"widget\" data-e-type=\"widget\" data-widget_type=\"tabs.default\">\n\t\t\t\t<div class=\"elementor-widget-container\">\n\t\t\t\t\t\t\t<div class=\"elementor-tabs\">\n\t\t\t<div class=\"elementor-tabs-wrapper\" role=\"tablist\" >\n\t\t\t\t\t\t\t\t\t<div id=\"elementor-tab-title-1821\" class=\"elementor-tab-title elementor-tab-desktop-title\" aria-selected=\"true\" data-tab=\"1\" role=\"tab\" tabindex=\"0\" aria-controls=\"elementor-tab-content-1821\" aria-expanded=\"false\">Perfil de Egreso<\/div>\n\t\t\t\t\t\t\t\t\t<div id=\"elementor-tab-title-1822\" class=\"elementor-tab-title elementor-tab-desktop-title\" aria-selected=\"false\" data-tab=\"2\" role=\"tab\" tabindex=\"-1\" aria-controls=\"elementor-tab-content-1822\" aria-expanded=\"false\">Mapa Curricular<\/div>\n\t\t\t\t\t\t\t<\/div>\n\t\t\t<div class=\"elementor-tabs-content-wrapper\" role=\"tablist\" aria-orientation=\"vertical\">\n\t\t\t\t\t\t\t\t\t<div class=\"elementor-tab-title elementor-tab-mobile-title\" aria-selected=\"true\" data-tab=\"1\" role=\"tab\" tabindex=\"0\" aria-controls=\"elementor-tab-content-1821\" aria-expanded=\"false\">Perfil de Egreso<\/div>\n\t\t\t\t\t<div id=\"elementor-tab-content-1821\" class=\"elementor-tab-content elementor-clearfix\" data-tab=\"1\" role=\"tabpanel\" aria-labelledby=\"elementor-tab-title-1821\" tabindex=\"0\" hidden=\"false\"><embed src=\"https:\/\/www.conalepags.edu.mx\/arch_sitio\/carrera\/PE_2023_Administraci\u00f3n.pdf\" type=\"application\/pdf\" width=\"100%\"height=\"800px\"><\/embed><\/div>\n\t\t\t\t\t\t\t\t\t<div class=\"elementor-tab-title elementor-tab-mobile-title\" aria-selected=\"false\" data-tab=\"2\" role=\"tab\" tabindex=\"-1\" aria-controls=\"elementor-tab-content-1822\" aria-expanded=\"false\">Mapa Curricular<\/div>\n\t\t\t\t\t<div id=\"elementor-tab-content-1822\" class=\"elementor-tab-content elementor-clearfix\" data-tab=\"2\" role=\"tabpanel\" aria-labelledby=\"elementor-tab-title-1822\" tabindex=\"0\" hidden=\"hidden\"><embed src=\"https:\/\/www.conalepags.edu.mx\/arch_sitio\/carrera\/MC_2023_Administraci\u00f3n.pdf\" type=\"application\/pdf\" width=\"100%\"height=\"800px\"><\/embed>\n<\/div>\n\t\t\t\t\t\t\t<\/div>\n\t\t<\/div>\n\t\t\t\t\t\t<\/div>\n\t\t\t\t<\/div>\n\t\t\t\t\t<\/div>\n\t\t\t\t<\/div>\n\t\t\t\t<\/div>\n\t\t","protected":false},"excerpt":{"rendered":"<p>https:\/\/youtu.be\/8yuXndbk79I Administraci\u00f3n Administrar almacenes e inventarios de productos y materiales, a trav\u00e9s de normas legales, m\u00e9todos, t\u00e9cnicas y procedimientos de control establecidos, para coadyuvar a eficientar el proceso productivo de la organizaci\u00f3n. Perfil de Egreso Mapa Curricular Perfil de Egreso Mapa Curricular<\/p>\n","protected":false},"author":1,"featured_media":0,"parent":0,"menu_order":0,"comment_status":"closed","ping_status":"closed","template":"","meta":{"_uag_custom_page_level_css":"","footnotes":""},"class_list":["post-497","page","type-page","status-publish","hentry"],"uagb_featured_image_src":{"full":false,"thumbnail":false,"medium":false,"medium_large":false,"large":false,"1536x1536":false,"2048x2048":false},"uagb_author_info":{"display_name":"admin","author_link":"https:\/\/conalepags.edu.mx\/inicio\/index.php\/author\/admin_9j385v7b\/"},"uagb_comment_info":0,"uagb_excerpt":"https:\/\/youtu.be\/8yuXndbk79I Administraci\u00f3n Administrar almacenes e inventarios de productos y materiales, a trav\u00e9s de normas legales, m\u00e9todos, t\u00e9cnicas y procedimientos de control establecidos, para coadyuvar a eficientar el proceso productivo de la organizaci\u00f3n. Perfil de Egreso Mapa Curricular Perfil de Egreso Mapa Curricular","_links":{"self":[{"href":"https:\/\/conalepags.edu.mx\/inicio\/index.php\/wp-json\/wp\/v2\/pages\/497","targetHints":{"allow":["GET"]}}],"collection":[{"href":"https:\/\/conalepags.edu.mx\/inicio\/index.php\/wp-json\/wp\/v2\/pages"}],"about":[{"href":"https:\/\/conalepags.edu.mx\/inicio\/index.php\/wp-json\/wp\/v2\/types\/page"}],"author":[{"embeddable":true,"href":"https:\/\/conalepags.edu.mx\/inicio\/index.php\/wp-json\/wp\/v2\/users\/1"}],"replies":[{"embeddable":true,"href":"https:\/\/conalepags.edu.mx\/inicio\/index.php\/wp-json\/wp\/v2\/comments?post=497"}],"version-history":[{"count":33,"href":"https:\/\/conalepags.edu.mx\/inicio\/index.php\/wp-json\/wp\/v2\/pages\/497\/revisions"}],"predecessor-version":[{"id":1400,"href":"https:\/\/conalepags.edu.mx\/inicio\/index.php\/wp-json\/wp\/v2\/pages\/497\/revisions\/1400"}],"wp:attachment":[{"href":"https:\/\/conalepags.edu.mx\/inicio\/index.php\/wp-json\/wp\/v2\/media?parent=497"}],"curies":[{"name":"wp","href":"https:\/\/api.w.org\/{rel}","templated":true}]}}