{"id":57,"date":"2024-03-01T13:57:54","date_gmt":"2024-03-01T13:57:54","guid":{"rendered":"https:\/\/conalepags.edu.mx\/inicio\/?page_id=57"},"modified":"2025-03-18T19:04:29","modified_gmt":"2025-03-18T19:04:29","slug":"conocenos","status":"publish","type":"page","link":"https:\/\/conalepags.edu.mx\/inicio\/index.php\/conocenos\/","title":{"rendered":"Con\u00f3cenos"},"content":{"rendered":"\t\t<div data-elementor-type=\"wp-page\" data-elementor-id=\"57\" class=\"elementor elementor-57\">\n\t\t\t\t<div class=\"elementor-element elementor-element-fbf1f1d e-flex e-con-boxed e-con e-parent\" data-id=\"fbf1f1d\" data-element_type=\"container\" data-e-type=\"container\">\n\t\t\t\t\t<div class=\"e-con-inner\">\n\t\t\t\t<div class=\"elementor-element elementor-element-0c5d57f elementor-widget elementor-widget-image\" data-id=\"0c5d57f\" data-element_type=\"widget\" data-e-type=\"widget\" data-widget_type=\"image.default\">\n\t\t\t\t<div class=\"elementor-widget-container\">\n\t\t\t\t\t\t\t\t\t\t\t\t\t\t\t\t<a href=\"https:\/\/www.iea.gob.mx\/IEA\/niveles-educativos\/educacion-media-superior\/nuevo-ingreso\/CVT-Ingreso-a-la-EMS.pdf\">\n\t\t\t\t\t\t\t<img decoding=\"async\" src=\"https:\/\/conalepags.edu.mx\/img_sitio\/banner\/banner.gif\" title=\"\" alt=\"\" loading=\"lazy\" \/>\t\t\t\t\t\t\t\t<\/a>\n\t\t\t\t\t\t\t\t\t\t\t\t\t\t\t<\/div>\n\t\t\t\t<\/div>\n\t\t\t\t<div class=\"elementor-element elementor-element-9d53cdd elementor-widget elementor-widget-text-editor\" data-id=\"9d53cdd\" data-element_type=\"widget\" data-e-type=\"widget\" data-widget_type=\"text-editor.default\">\n\t\t\t\t<div class=\"elementor-widget-container\">\n\t\t\t\t\t\t\t\t\t<h4><span style=\"font-family: arial, helvetica, sans-serif;\">\u00bfQui\u00e9nes somos?<\/span><\/h4><p>El Colegio de Educaci\u00f3n Profesional T\u00e9cnica del Estado de Aguascalientes es una Instituci\u00f3n l\u00edder en la formaci\u00f3n de Profesionales T\u00e9cnicos y Profesionales T\u00e9cnicos Bachiller en Aguascalientes, que cursan programas reconocidos por su calidad.<\/p><p>La instituci\u00f3n fue fundada en 1978 por decreto presidencial como una organizaci\u00f3n p\u00fablica descentralizada del gobierno federal, con su propia personalidad jur\u00eddica y sus propios bienes por el ingeniero y pol\u00edtico mexicano Jos\u00e9 Antonio Padilla Segura.<\/p><p>Con m\u00e1s de cuarenta a\u00f1os de experiencia, actualmente operan ocho planteles, cuatro en la en la capital del Estado y el resto en municipios. Ofertando 19 opciones profesionales donde se atiende a cerca de 5 mil alumnos con el objeto de formarlos integralmente durante tres a\u00f1os.<\/p><h4 style=\"text-align: justify;\"><span style=\"font-family: arial, helvetica, sans-serif;\">Misi\u00f3n<\/span><\/h4><p style=\"text-align: justify;\">Formar T\u00e9cnicos Bachiller altamente calificados por el dominio de competencias que los preparan para la vida y la participaci\u00f3n en el desarrollo econ\u00f3mico sostenible, ofrecer servicios tecnol\u00f3gicos y de capacitaci\u00f3n laboral y de evaluaci\u00f3n con fines de certificaci\u00f3n de competencias laborales para contribuir permanentemente en la transformaci\u00f3n de M\u00e9xico.<\/p><h4 style=\"text-align: justify;\"><span style=\"font-family: arial, helvetica, sans-serif;\">Visi\u00f3n<\/span><\/h4><p style=\"text-align: justify;\">Ser una instituci\u00f3n reconocida por la preparaci\u00f3n de l\u00edderes en el desarrollo tecnol\u00f3gico de vanguardia, por su capacidad de construir alianzas con los sectores productivos del pa\u00eds y su participaci\u00f3n en la investigaci\u00f3n aplicada para la transformaci\u00f3n social, incluyente y sustentable. El Sistema CONALEP goza de un amplio reconocimiento nacional e internacional, por sus pr\u00e1cticas apegadas a los valores de transparencia, innovaci\u00f3n, calidad y flexibilidad para responder a los desaf\u00edos globales.<\/p><h4 style=\"text-align: justify;\"><span style=\"font-family: arial, helvetica, sans-serif;\">Pol\u00edtica de Calidad<\/span><\/h4><p>El Sistema CONALEP se compromete con la transformaci\u00f3n del pa\u00eds, al brindar una educaci\u00f3n integral mediante la formaci\u00f3n de profesionales t\u00e9cnicos bachiller, sustentada en un modelo acad\u00e9mico, innovador, incluyente, flexible y de calidad, que contribuye a fortalecer la planta productiva nacional en estrecha vinculaci\u00f3n con los sectores p\u00fablico, social y privado, a trav\u00e9s de los servicios de capacitaci\u00f3n y tecnol\u00f3gicos, evaluaci\u00f3n de competencias con fines de certificaci\u00f3n, privilegiando las alianzas estrat\u00e9gicas nacionales e internacionales. Nuestro desempe\u00f1o se respalda en los valores y el c\u00f3digo de \u00e9tica de la Instituci\u00f3n, lo que permite realizar nuestra labor de forma eficaz, eficiente, inclusiva y con equidad, en atenci\u00f3n a las partes interesadas, particularmente los estudiantes, cumpliendo con los requisitos legales y reglamentarios, impulsando permanentemente la mejora continua, el respeto a la propiedad intelectual, la seguridad y protecci\u00f3n de datos, as\u00ed como la responsabilidad social.<\/p>\t\t\t\t\t\t\t\t<\/div>\n\t\t\t\t<\/div>\n\t\t\t\t\t<\/div>\n\t\t\t\t<\/div>\n\t\t<div class=\"elementor-element elementor-element-9fc4a33 e-flex e-con-boxed e-con e-parent\" data-id=\"9fc4a33\" data-element_type=\"container\" data-e-type=\"container\">\n\t\t\t\t\t<div class=\"e-con-inner\">\n\t\t\t\t<div class=\"elementor-element elementor-element-309b65d elementor-widget elementor-widget-text-editor\" data-id=\"309b65d\" data-element_type=\"widget\" data-e-type=\"widget\" data-widget_type=\"text-editor.default\">\n\t\t\t\t<div class=\"elementor-widget-container\">\n\t\t\t\t\t\t\t\t\t<p><span style=\"color: #808080;\"><em>( Actualizaci\u00f3n\u00a0 Junio 2024 )<\/em><\/span><\/p>\t\t\t\t\t\t\t\t<\/div>\n\t\t\t\t<\/div>\n\t\t\t\t\t<\/div>\n\t\t\t\t<\/div>\n\t\t\t\t<\/div>\n\t\t","protected":false},"excerpt":{"rendered":"<p>\u00bfQui\u00e9nes somos? El Colegio de Educaci\u00f3n Profesional T\u00e9cnica del Estado de Aguascalientes es una Instituci\u00f3n l\u00edder en la formaci\u00f3n de Profesionales T\u00e9cnicos y Profesionales T\u00e9cnicos Bachiller en Aguascalientes, que cursan programas reconocidos por su calidad. La instituci\u00f3n fue fundada en 1978 por decreto presidencial como una organizaci\u00f3n p\u00fablica descentralizada del gobierno federal, con su propia [&hellip;]<\/p>\n","protected":false},"author":1,"featured_media":0,"parent":0,"menu_order":0,"comment_status":"closed","ping_status":"closed","template":"elementor_theme","meta":{"_uag_custom_page_level_css":"","footnotes":""},"class_list":["post-57","page","type-page","status-publish","hentry"],"uagb_featured_image_src":{"full":false,"thumbnail":false,"medium":false,"medium_large":false,"large":false,"1536x1536":false,"2048x2048":false},"uagb_author_info":{"display_name":"admin","author_link":"https:\/\/conalepags.edu.mx\/inicio\/index.php\/author\/admin_9j385v7b\/"},"uagb_comment_info":0,"uagb_excerpt":"\u00bfQui\u00e9nes somos? El Colegio de Educaci\u00f3n Profesional T\u00e9cnica del Estado de Aguascalientes es una Instituci\u00f3n l\u00edder en la formaci\u00f3n de Profesionales T\u00e9cnicos y Profesionales T\u00e9cnicos Bachiller en Aguascalientes, que cursan programas reconocidos por su calidad. La instituci\u00f3n fue fundada en 1978 por decreto presidencial como una organizaci\u00f3n p\u00fablica descentralizada del gobierno federal, con su propia&hellip;","_links":{"self":[{"href":"https:\/\/conalepags.edu.mx\/inicio\/index.php\/wp-json\/wp\/v2\/pages\/57","targetHints":{"allow":["GET"]}}],"collection":[{"href":"https:\/\/conalepags.edu.mx\/inicio\/index.php\/wp-json\/wp\/v2\/pages"}],"about":[{"href":"https:\/\/conalepags.edu.mx\/inicio\/index.php\/wp-json\/wp\/v2\/types\/page"}],"author":[{"embeddable":true,"href":"https:\/\/conalepags.edu.mx\/inicio\/index.php\/wp-json\/wp\/v2\/users\/1"}],"replies":[{"embeddable":true,"href":"https:\/\/conalepags.edu.mx\/inicio\/index.php\/wp-json\/wp\/v2\/comments?post=57"}],"version-history":[{"count":114,"href":"https:\/\/conalepags.edu.mx\/inicio\/index.php\/wp-json\/wp\/v2\/pages\/57\/revisions"}],"predecessor-version":[{"id":1750,"href":"https:\/\/conalepags.edu.mx\/inicio\/index.php\/wp-json\/wp\/v2\/pages\/57\/revisions\/1750"}],"wp:attachment":[{"href":"https:\/\/conalepags.edu.mx\/inicio\/index.php\/wp-json\/wp\/v2\/media?parent=57"}],"curies":[{"name":"wp","href":"https:\/\/api.w.org\/{rel}","templated":true}]}}