{"id":603,"date":"2024-05-30T15:08:34","date_gmt":"2024-05-30T15:08:34","guid":{"rendered":"https:\/\/conalepags.edu.mx\/inicio\/?page_id=603"},"modified":"2025-03-12T15:33:49","modified_gmt":"2025-03-12T15:33:49","slug":"enfermeria-general","status":"publish","type":"page","link":"https:\/\/conalepags.edu.mx\/inicio\/index.php\/enfermeria-general\/","title":{"rendered":"Enfermer\u00eda General"},"content":{"rendered":"\t\t<div data-elementor-type=\"wp-page\" data-elementor-id=\"603\" class=\"elementor elementor-603\">\n\t\t\t\t<div class=\"elementor-element elementor-element-ef43426 e-flex e-con-boxed e-con e-parent\" data-id=\"ef43426\" data-element_type=\"container\" data-e-type=\"container\">\n\t\t\t\t\t<div class=\"e-con-inner\">\n\t\t\t\t<div class=\"elementor-element elementor-element-966ee8b elementor-widget elementor-widget-video\" data-id=\"966ee8b\" data-element_type=\"widget\" data-e-type=\"widget\" data-settings=\"{&quot;youtube_url&quot;:&quot;https:\\\/\\\/youtu.be\\\/gEiZYhQj5PY&quot;,&quot;autoplay&quot;:&quot;yes&quot;,&quot;play_on_mobile&quot;:&quot;yes&quot;,&quot;video_type&quot;:&quot;youtube&quot;}\" data-widget_type=\"video.default\">\n\t\t\t\t<div class=\"elementor-widget-container\">\n\t\t\t\t\t\t\t<div class=\"elementor-wrapper elementor-open-inline\">\n\t\t\t<div class=\"elementor-video\"><\/div>\t\t<\/div>\n\t\t\t\t\t\t<\/div>\n\t\t\t\t<\/div>\n\t\t\t\t<div class=\"elementor-element elementor-element-2b439eb elementor-widget elementor-widget-text-editor\" data-id=\"2b439eb\" data-element_type=\"widget\" data-e-type=\"widget\" data-widget_type=\"text-editor.default\">\n\t\t\t\t<div class=\"elementor-widget-container\">\n\t\t\t\t\t\t\t\t\t<h3>Enfermer\u00eda General<\/h3><p>Proporcionar cuidados de enfermer\u00eda tanto en el medio hospitalario como extra-hospitalario, con un enfoque hol\u00edstico y personalizado, basado en principios \u00e9ticos, legales, cient\u00edficos y human\u00edsticos, tomando como referencia el proceso salud-enfermedad, el ciclo de vida y el proceso de atenci\u00f3n de enfermer\u00eda que en conjunto, sustenten un modelo de atenci\u00f3n pertinente y de calidad que contribuya a la prevenci\u00f3n y soluci\u00f3n de problemas de salud de la persona, familia y comunidad.<\/p>\t\t\t\t\t\t\t\t<\/div>\n\t\t\t\t<\/div>\n\t\t\t\t<div class=\"elementor-element elementor-element-9dccdad elementor-tabs-view-horizontal elementor-widget elementor-widget-tabs\" data-id=\"9dccdad\" data-element_type=\"widget\" data-e-type=\"widget\" data-widget_type=\"tabs.default\">\n\t\t\t\t<div class=\"elementor-widget-container\">\n\t\t\t\t\t\t\t<div class=\"elementor-tabs\">\n\t\t\t<div class=\"elementor-tabs-wrapper\" role=\"tablist\" >\n\t\t\t\t\t\t\t\t\t<div id=\"elementor-tab-title-1651\" class=\"elementor-tab-title elementor-tab-desktop-title\" aria-selected=\"true\" data-tab=\"1\" role=\"tab\" tabindex=\"0\" aria-controls=\"elementor-tab-content-1651\" aria-expanded=\"false\">Perfil de Egreso<\/div>\n\t\t\t\t\t\t\t\t\t<div id=\"elementor-tab-title-1652\" class=\"elementor-tab-title elementor-tab-desktop-title\" aria-selected=\"false\" data-tab=\"2\" role=\"tab\" tabindex=\"-1\" aria-controls=\"elementor-tab-content-1652\" aria-expanded=\"false\">Mapa Curricular<\/div>\n\t\t\t\t\t\t\t<\/div>\n\t\t\t<div class=\"elementor-tabs-content-wrapper\" role=\"tablist\" aria-orientation=\"vertical\">\n\t\t\t\t\t\t\t\t\t<div class=\"elementor-tab-title elementor-tab-mobile-title\" aria-selected=\"true\" data-tab=\"1\" role=\"tab\" tabindex=\"0\" aria-controls=\"elementor-tab-content-1651\" aria-expanded=\"false\">Perfil de Egreso<\/div>\n\t\t\t\t\t<div id=\"elementor-tab-content-1651\" class=\"elementor-tab-content elementor-clearfix\" data-tab=\"1\" role=\"tabpanel\" aria-labelledby=\"elementor-tab-title-1651\" tabindex=\"0\" hidden=\"false\"><embed src=\"https:\/\/www.conalepags.edu.mx\/arch_sitio\/carrera\/19_PE_2023_Enfermer\u00eda_general.pdf\" type=\"application\/pdf\" width=\"100%\"height=\"800px\"><\/embed><\/div>\n\t\t\t\t\t\t\t\t\t<div class=\"elementor-tab-title elementor-tab-mobile-title\" aria-selected=\"false\" data-tab=\"2\" role=\"tab\" tabindex=\"-1\" aria-controls=\"elementor-tab-content-1652\" aria-expanded=\"false\">Mapa Curricular<\/div>\n\t\t\t\t\t<div id=\"elementor-tab-content-1652\" class=\"elementor-tab-content elementor-clearfix\" data-tab=\"2\" role=\"tabpanel\" aria-labelledby=\"elementor-tab-title-1652\" tabindex=\"0\" hidden=\"hidden\"><embed src=\"https:\/\/www.conalepags.edu.mx\/arch_sitio\/carrera\/19_MC_2023_Enfermer\u00eda_general.pdf\" type=\"application\/pdf\" width=\"100%\"height=\"800px\"><\/embed><\/div>\n\t\t\t\t\t\t\t<\/div>\n\t\t<\/div>\n\t\t\t\t\t\t<\/div>\n\t\t\t\t<\/div>\n\t\t\t\t\t<\/div>\n\t\t\t\t<\/div>\n\t\t\t\t<\/div>\n\t\t","protected":false},"excerpt":{"rendered":"<p>https:\/\/youtu.be\/gEiZYhQj5PY Enfermer\u00eda General Proporcionar cuidados de enfermer\u00eda tanto en el medio hospitalario como extra-hospitalario, con un enfoque hol\u00edstico y personalizado, basado en principios \u00e9ticos, legales, cient\u00edficos y human\u00edsticos, tomando como referencia el proceso salud-enfermedad, el ciclo de vida y el proceso de atenci\u00f3n de enfermer\u00eda que en conjunto, sustenten un modelo de atenci\u00f3n pertinente y [&hellip;]<\/p>\n","protected":false},"author":1,"featured_media":0,"parent":0,"menu_order":0,"comment_status":"closed","ping_status":"closed","template":"","meta":{"_uag_custom_page_level_css":"","footnotes":""},"class_list":["post-603","page","type-page","status-publish","hentry"],"uagb_featured_image_src":{"full":false,"thumbnail":false,"medium":false,"medium_large":false,"large":false,"1536x1536":false,"2048x2048":false},"uagb_author_info":{"display_name":"admin","author_link":"https:\/\/conalepags.edu.mx\/inicio\/index.php\/author\/admin_9j385v7b\/"},"uagb_comment_info":0,"uagb_excerpt":"https:\/\/youtu.be\/gEiZYhQj5PY Enfermer\u00eda General Proporcionar cuidados de enfermer\u00eda tanto en el medio hospitalario como extra-hospitalario, con un enfoque hol\u00edstico y personalizado, basado en principios \u00e9ticos, legales, cient\u00edficos y human\u00edsticos, tomando como referencia el proceso salud-enfermedad, el ciclo de vida y el proceso de atenci\u00f3n de enfermer\u00eda que en conjunto, sustenten un modelo de atenci\u00f3n pertinente y&hellip;","_links":{"self":[{"href":"https:\/\/conalepags.edu.mx\/inicio\/index.php\/wp-json\/wp\/v2\/pages\/603","targetHints":{"allow":["GET"]}}],"collection":[{"href":"https:\/\/conalepags.edu.mx\/inicio\/index.php\/wp-json\/wp\/v2\/pages"}],"about":[{"href":"https:\/\/conalepags.edu.mx\/inicio\/index.php\/wp-json\/wp\/v2\/types\/page"}],"author":[{"embeddable":true,"href":"https:\/\/conalepags.edu.mx\/inicio\/index.php\/wp-json\/wp\/v2\/users\/1"}],"replies":[{"embeddable":true,"href":"https:\/\/conalepags.edu.mx\/inicio\/index.php\/wp-json\/wp\/v2\/comments?post=603"}],"version-history":[{"count":9,"href":"https:\/\/conalepags.edu.mx\/inicio\/index.php\/wp-json\/wp\/v2\/pages\/603\/revisions"}],"predecessor-version":[{"id":1453,"href":"https:\/\/conalepags.edu.mx\/inicio\/index.php\/wp-json\/wp\/v2\/pages\/603\/revisions\/1453"}],"wp:attachment":[{"href":"https:\/\/conalepags.edu.mx\/inicio\/index.php\/wp-json\/wp\/v2\/media?parent=603"}],"curies":[{"name":"wp","href":"https:\/\/api.w.org\/{rel}","templated":true}]}}