{"id":633,"date":"2024-05-30T16:24:58","date_gmt":"2024-05-30T16:24:58","guid":{"rendered":"https:\/\/conalepags.edu.mx\/inicio\/?page_id=633"},"modified":"2025-03-12T15:27:10","modified_gmt":"2025-03-12T15:27:10","slug":"mantenimiento-de-sistemas-electronicos","status":"publish","type":"page","link":"https:\/\/conalepags.edu.mx\/inicio\/index.php\/mantenimiento-de-sistemas-electronicos\/","title":{"rendered":"Mantenimiento de Sistemas Electr\u00f3nicos"},"content":{"rendered":"\t\t<div data-elementor-type=\"wp-page\" data-elementor-id=\"633\" class=\"elementor elementor-633\">\n\t\t\t\t<div class=\"elementor-element elementor-element-dc79934 e-flex e-con-boxed e-con e-parent\" data-id=\"dc79934\" data-element_type=\"container\" data-e-type=\"container\">\n\t\t\t\t\t<div class=\"e-con-inner\">\n\t\t\t\t<div class=\"elementor-element elementor-element-eaafda3 elementor-widget elementor-widget-video\" data-id=\"eaafda3\" data-element_type=\"widget\" data-e-type=\"widget\" data-settings=\"{&quot;youtube_url&quot;:&quot;https:\\\/\\\/youtu.be\\\/44iYuBJaE-8&quot;,&quot;autoplay&quot;:&quot;yes&quot;,&quot;play_on_mobile&quot;:&quot;yes&quot;,&quot;video_type&quot;:&quot;youtube&quot;}\" data-widget_type=\"video.default\">\n\t\t\t\t<div class=\"elementor-widget-container\">\n\t\t\t\t\t\t\t<div class=\"elementor-wrapper elementor-open-inline\">\n\t\t\t<div class=\"elementor-video\"><\/div>\t\t<\/div>\n\t\t\t\t\t\t<\/div>\n\t\t\t\t<\/div>\n\t\t\t\t\t<\/div>\n\t\t\t\t<\/div>\n\t\t<div class=\"elementor-element elementor-element-635769e e-flex e-con-boxed e-con e-parent\" data-id=\"635769e\" data-element_type=\"container\" data-e-type=\"container\">\n\t\t\t\t\t<div class=\"e-con-inner\">\n\t\t\t\t<div class=\"elementor-element elementor-element-e6f2fe3 elementor-widget elementor-widget-text-editor\" data-id=\"e6f2fe3\" data-element_type=\"widget\" data-e-type=\"widget\" data-widget_type=\"text-editor.default\">\n\t\t\t\t<div class=\"elementor-widget-container\">\n\t\t\t\t\t\t\t\t\t<h3>Mantenimiento de Sistemas Electr\u00f3nicos<\/h3><p>Operar circuitos electr\u00f3nicos anal\u00f3gicos, digitales y controladores electr\u00f3nicos b\u00e1sicos presentes en diversos sistemas, considerando sus principios de funcionamiento.<\/p>\t\t\t\t\t\t\t\t<\/div>\n\t\t\t\t<\/div>\n\t\t\t\t<div class=\"elementor-element elementor-element-baab2f6 elementor-tabs-view-horizontal elementor-widget elementor-widget-tabs\" data-id=\"baab2f6\" data-element_type=\"widget\" data-e-type=\"widget\" data-widget_type=\"tabs.default\">\n\t\t\t\t<div class=\"elementor-widget-container\">\n\t\t\t\t\t\t\t<div class=\"elementor-tabs\">\n\t\t\t<div class=\"elementor-tabs-wrapper\" role=\"tablist\" >\n\t\t\t\t\t\t\t\t\t<div id=\"elementor-tab-title-1951\" class=\"elementor-tab-title elementor-tab-desktop-title\" aria-selected=\"true\" data-tab=\"1\" role=\"tab\" tabindex=\"0\" aria-controls=\"elementor-tab-content-1951\" aria-expanded=\"false\">Perfil de egreso<\/div>\n\t\t\t\t\t\t\t\t\t<div id=\"elementor-tab-title-1952\" class=\"elementor-tab-title elementor-tab-desktop-title\" aria-selected=\"false\" data-tab=\"2\" role=\"tab\" tabindex=\"-1\" aria-controls=\"elementor-tab-content-1952\" aria-expanded=\"false\">Mapa Curricular<\/div>\n\t\t\t\t\t\t\t<\/div>\n\t\t\t<div class=\"elementor-tabs-content-wrapper\" role=\"tablist\" aria-orientation=\"vertical\">\n\t\t\t\t\t\t\t\t\t<div class=\"elementor-tab-title elementor-tab-mobile-title\" aria-selected=\"true\" data-tab=\"1\" role=\"tab\" tabindex=\"0\" aria-controls=\"elementor-tab-content-1951\" aria-expanded=\"false\">Perfil de egreso<\/div>\n\t\t\t\t\t<div id=\"elementor-tab-content-1951\" class=\"elementor-tab-content elementor-clearfix\" data-tab=\"1\" role=\"tabpanel\" aria-labelledby=\"elementor-tab-title-1951\" tabindex=\"0\" hidden=\"false\"><p><embed src=\"https:\/\/www.conalepags.edu.mx\/arch_sitio\/carrera\/PE_2023_Mantenimiento_de_sistemas_electr\u00f3nicos.pdf\" type=\"application\/pdf\" width=\"100%\" height=\"800px\"><\/embed><\/p><\/div>\n\t\t\t\t\t\t\t\t\t<div class=\"elementor-tab-title elementor-tab-mobile-title\" aria-selected=\"false\" data-tab=\"2\" role=\"tab\" tabindex=\"-1\" aria-controls=\"elementor-tab-content-1952\" aria-expanded=\"false\">Mapa Curricular<\/div>\n\t\t\t\t\t<div id=\"elementor-tab-content-1952\" class=\"elementor-tab-content elementor-clearfix\" data-tab=\"2\" role=\"tabpanel\" aria-labelledby=\"elementor-tab-title-1952\" tabindex=\"0\" hidden=\"hidden\"><p><embed src=\"https:\/\/www.conalepags.edu.mx\/arch_sitio\/carrera\/MC_2023_Mantenimiento_de_sistemas_electr\u00f3nicos.pdf\" type=\"application\/pdf\" width=\"100%\" height=\"800px\"><\/embed><\/p><\/div>\n\t\t\t\t\t\t\t<\/div>\n\t\t<\/div>\n\t\t\t\t\t\t<\/div>\n\t\t\t\t<\/div>\n\t\t\t\t\t<\/div>\n\t\t\t\t<\/div>\n\t\t\t\t<\/div>\n\t\t","protected":false},"excerpt":{"rendered":"<p>https:\/\/youtu.be\/44iYuBJaE-8 Mantenimiento de Sistemas Electr\u00f3nicos Operar circuitos electr\u00f3nicos anal\u00f3gicos, digitales y controladores electr\u00f3nicos b\u00e1sicos presentes en diversos sistemas, considerando sus principios de funcionamiento. Perfil de egreso Mapa Curricular Perfil de egreso Mapa Curricular<\/p>\n","protected":false},"author":1,"featured_media":0,"parent":0,"menu_order":0,"comment_status":"closed","ping_status":"closed","template":"","meta":{"_uag_custom_page_level_css":"","footnotes":""},"class_list":["post-633","page","type-page","status-publish","hentry"],"uagb_featured_image_src":{"full":false,"thumbnail":false,"medium":false,"medium_large":false,"large":false,"1536x1536":false,"2048x2048":false},"uagb_author_info":{"display_name":"admin","author_link":"https:\/\/conalepags.edu.mx\/inicio\/index.php\/author\/admin_9j385v7b\/"},"uagb_comment_info":0,"uagb_excerpt":"https:\/\/youtu.be\/44iYuBJaE-8 Mantenimiento de Sistemas Electr\u00f3nicos Operar circuitos electr\u00f3nicos anal\u00f3gicos, digitales y controladores electr\u00f3nicos b\u00e1sicos presentes en diversos sistemas, considerando sus principios de funcionamiento. Perfil de egreso Mapa Curricular Perfil de egreso Mapa Curricular","_links":{"self":[{"href":"https:\/\/conalepags.edu.mx\/inicio\/index.php\/wp-json\/wp\/v2\/pages\/633","targetHints":{"allow":["GET"]}}],"collection":[{"href":"https:\/\/conalepags.edu.mx\/inicio\/index.php\/wp-json\/wp\/v2\/pages"}],"about":[{"href":"https:\/\/conalepags.edu.mx\/inicio\/index.php\/wp-json\/wp\/v2\/types\/page"}],"author":[{"embeddable":true,"href":"https:\/\/conalepags.edu.mx\/inicio\/index.php\/wp-json\/wp\/v2\/users\/1"}],"replies":[{"embeddable":true,"href":"https:\/\/conalepags.edu.mx\/inicio\/index.php\/wp-json\/wp\/v2\/comments?post=633"}],"version-history":[{"count":15,"href":"https:\/\/conalepags.edu.mx\/inicio\/index.php\/wp-json\/wp\/v2\/pages\/633\/revisions"}],"predecessor-version":[{"id":1441,"href":"https:\/\/conalepags.edu.mx\/inicio\/index.php\/wp-json\/wp\/v2\/pages\/633\/revisions\/1441"}],"wp:attachment":[{"href":"https:\/\/conalepags.edu.mx\/inicio\/index.php\/wp-json\/wp\/v2\/media?parent=633"}],"curies":[{"name":"wp","href":"https:\/\/api.w.org\/{rel}","templated":true}]}}