{"id":820,"date":"2024-11-20T01:18:43","date_gmt":"2024-11-20T01:18:43","guid":{"rendered":"https:\/\/conalepags.edu.mx\/inicio\/?page_id=820"},"modified":"2024-11-27T21:47:12","modified_gmt":"2024-11-27T21:47:12","slug":"formacion-dual","status":"publish","type":"page","link":"https:\/\/conalepags.edu.mx\/inicio\/index.php\/formacion-dual\/","title":{"rendered":"Formaci\u00f3n Dual"},"content":{"rendered":"\t\t<div data-elementor-type=\"wp-page\" data-elementor-id=\"820\" class=\"elementor elementor-820\">\n\t\t\t\t<div class=\"elementor-element elementor-element-fa16b91 e-flex e-con-boxed e-con e-parent\" data-id=\"fa16b91\" data-element_type=\"container\" data-e-type=\"container\">\n\t\t\t\t\t<div class=\"e-con-inner\">\n\t\t\t\t<div class=\"elementor-element elementor-element-8be383f elementor-widget elementor-widget-video\" data-id=\"8be383f\" data-element_type=\"widget\" data-e-type=\"widget\" data-settings=\"{&quot;youtube_url&quot;:&quot;https:\\\/\\\/www.youtube.com\\\/watch?v=uJvplCYVFpk&amp;list=PLSAS_uaB3jDZxyI8tv9qVVqpAgZ62W3rE&quot;,&quot;autoplay&quot;:&quot;yes&quot;,&quot;video_type&quot;:&quot;youtube&quot;,&quot;controls&quot;:&quot;yes&quot;}\" data-widget_type=\"video.default\">\n\t\t\t\t<div class=\"elementor-widget-container\">\n\t\t\t\t\t\t\t<div class=\"elementor-wrapper elementor-open-inline\">\n\t\t\t<div class=\"elementor-video\"><\/div>\t\t<\/div>\n\t\t\t\t\t\t<\/div>\n\t\t\t\t<\/div>\n\t\t\t\t<div class=\"elementor-element elementor-element-ac4f689 elementor-widget__width-initial elementor-widget elementor-widget-text-editor\" data-id=\"ac4f689\" data-element_type=\"widget\" data-e-type=\"widget\" data-widget_type=\"text-editor.default\">\n\t\t\t\t<div class=\"elementor-widget-container\">\n\t\t\t\t\t\t\t\t\t<h3 class=\"titulos-secciones\"><span style=\"color: #003366;\">\u00bfQue es la formaci\u00f3n Dual?<\/span><\/h3><p class=\"otro-parrafo\" style=\"text-align: justify;\"><span style=\"color: #000000;\">El Modelo Mexicano de Formaci\u00f3n Dual, es una iniciativa que integra la teor\u00eda y la pr\u00e1ctica en la educaci\u00f3n formal.<\/span><\/p><p class=\"otro-parrafo\" style=\"text-align: justify;\"><span style=\"color: #000000;\">En este modelo, el estudiante tiene actividades laborales que corresponden con su carrera profesional, combinadas con la preparaci\u00f3n en la escuela para lograr el perfil de egreso.<\/span><\/p><p class=\"otro-parrafo\" style=\"text-align: justify;\"><span style=\"color: #000000;\">Su engranaje se compone de diversos actores de los \u00e1mbitos p\u00fablico y privado, que requieren coordinar sus acciones para la vinculaci\u00f3n formal entre los sectores empresarial y educativo.<\/span><\/p><h5 class=\"titulos-secciones\" style=\"text-align: justify;\"><span style=\"color: #003366;\">Se constituye en una de las opciones para preparar a los j\u00f3venes para el empleo, mediante las siguientes acciones:<\/span><\/h5><ul style=\"text-align: justify;\"><li><span style=\"color: #000000;\">Establecer en los programas de estudio un equilibrio arm\u00f3nico entre la formaci\u00f3n te\u00f3rica y pr\u00e1ctica, para lo cual es necesario alternar el per\u00edodo de formaci\u00f3n en el aula con el espacio del trabajo.<\/span><\/li><li><span style=\"color: #000000;\">Desarrollar en los estudiantes las competencias necesarias para que logren un buen desempe\u00f1o laboral al egresar, sin que se requiera un entrenamiento adicional para iniciar su etapa productiva.<\/span><\/li><li><span style=\"color: #000000;\">Formar a los alumnos en carreras y campos de inter\u00e9s para las empresas.<\/span><\/li><li><span style=\"color: #000000;\">Impulsar el acceso, la permanencia y conclusi\u00f3n oportuna de estudios en todos los niveles.<\/span><\/li><\/ul><p class=\"otro-parrafo\" style=\"text-align: justify;\"><span style=\"color: #000000;\">En Aguascalientes el a\u00f1o 2023 comenzamos con la implementaci\u00f3n del modelo de Formaci\u00f3n Dual en el estado de Aguascalientes, comenzando con 79 alumnos en el semestre Febrero-Julio de 2023 y participando 23 empresas.<\/span><\/p><p class=\"otro-parrafo\" style=\"text-align: justify;\"><span style=\"color: #000000;\">Al siguiente semestre ya eran un total de 113 alumnos y cont\u00e1bamos con 27 empresas participando en este modelo durante el semestre Agosto \u2013 Enero de 2024.<\/span><\/p><p class=\"otro-parrafo\" style=\"text-align: justify;\"><span style=\"color: #000000;\">Es para el semestre Febrero \u2013 Julio de 2024 cuando ya son 143 alumnos los que participan en este modelo y son 29 empresas las participantes, siendo en este ciclo cuando egresa la primera generaci\u00f3n con 98 alumnos de los 7 planteles Conalep.<\/span><\/p><p class=\"otro-parrafo\" style=\"text-align: justify;\"><span style=\"color: #000000;\">Cabe hacer menci\u00f3n que los alumnos reciben un est\u00edmulo mensual durante su proceso de formaci\u00f3n, generando una derrama anual $5,724,000.00 en beneficio de alumnos y padres de familia.<\/span><\/p>\t\t\t\t\t\t\t\t<\/div>\n\t\t\t\t<\/div>\n\t\t\t\t\t<\/div>\n\t\t\t\t<\/div>\n\t\t<div class=\"elementor-element elementor-element-74638e2 e-flex e-con-boxed e-con e-parent\" data-id=\"74638e2\" data-element_type=\"container\" data-e-type=\"container\">\n\t\t\t\t\t<div class=\"e-con-inner\">\n\t\t\t\t<div class=\"elementor-element elementor-element-8b9f59d elementor-widget elementor-widget-shortcode\" data-id=\"8b9f59d\" data-element_type=\"widget\" data-e-type=\"widget\" data-widget_type=\"shortcode.default\">\n\t\t\t\t<div class=\"elementor-widget-container\">\n\t\t\t\t\t\t\t<div class=\"elementor-shortcode\"><div class=\"forminator-ui forminator-custom-form forminator-custom-form-1240 forminator-design--default  forminator_ajax\" data-forminator-render=\"0\" data-form=\"forminator-module-1240\" data-uid=\"6a01fa8c379b0\"><br\/><\/div><form\n\t\t\t\tid=\"forminator-module-1240\"\n\t\t\t\tclass=\"forminator-ui forminator-custom-form forminator-custom-form-1240 forminator-design--default  forminator_ajax\"\n\t\t\t\tmethod=\"post\"\n\t\t\t\tdata-forminator-render=\"0\"\n\t\t\t\tdata-form-id=\"1240\"\n\t\t\t\t\n\t\t\t\tdata-design=\"default\"\n\t\t\t\t\n\t\t\t\t\n\t\t\t\t\n\t\t\t\tdata-grid=\"open\"\n\t\t\t\t\n\t\t\t\t\n\t\t\t\tstyle=\"display: none;\"\n\t\t\t\t\n\t\t\t\tdata-uid=\"6a01fa8c379b0\"\n\t\t\t><div role=\"alert\" aria-live=\"polite\" class=\"forminator-response-message forminator-error\" aria-hidden=\"true\"><\/div><div class=\"forminator-row\"><div id=\"name-1\" class=\"forminator-field-name forminator-col forminator-col-12 \"><div class=\"forminator-field\"><label for=\"forminator-field-name-1_6a01fa8c379b0\" id=\"forminator-field-name-1_6a01fa8c379b0-label\" class=\"forminator-label\">Nombre <span class=\"forminator-required\">*<\/span><\/label><input type=\"text\" name=\"name-1\" value=\"\" placeholder=\"Ejemplo: Juan\" id=\"forminator-field-name-1_6a01fa8c379b0\" class=\"forminator-input forminator-name--field\" aria-required=\"true\" \/><\/div><\/div><\/div><div class=\"forminator-row\"><div id=\"email-1\" class=\"forminator-field-email forminator-col forminator-col-12 \"><div class=\"forminator-field\"><label for=\"forminator-field-email-1_6a01fa8c379b0\" id=\"forminator-field-email-1_6a01fa8c379b0-label\" class=\"forminator-label\">Direcci\u00f3n de correo electr\u00f3nico <span class=\"forminator-required\">*<\/span><\/label><input type=\"email\" name=\"email-1\" value=\"\" placeholder=\"Ej . : john@doe.com\" id=\"forminator-field-email-1_6a01fa8c379b0\" class=\"forminator-input forminator-email--field\" data-required=\"true\" aria-required=\"true\" \/><\/div><\/div><\/div><div class=\"forminator-row\"><div id=\"phone-1\" class=\"forminator-field-phone forminator-col forminator-col-12 \"><div class=\"forminator-field\"><label for=\"forminator-field-phone-1_6a01fa8c379b0\" id=\"forminator-field-phone-1_6a01fa8c379b0-label\" class=\"forminator-label\">N\u00famero de tel\u00e9fono<\/label><input type=\"text\" name=\"phone-1\" value=\"\" placeholder=\"Ejemplo: +1 3004005000\" id=\"forminator-field-phone-1_6a01fa8c379b0\" class=\"forminator-input forminator-field--phone\" data-required=\"\" aria-required=\"false\" autocomplete=\"off\" \/><\/div><\/div><\/div><div class=\"forminator-row\"><div id=\"textarea-1\" class=\"forminator-field-textarea forminator-col forminator-col-12 \"><div class=\"forminator-field\"><label for=\"forminator-field-textarea-1_6a01fa8c379b0\" id=\"forminator-field-textarea-1_6a01fa8c379b0-label\" class=\"forminator-label\">Mensaje<\/label><textarea name=\"textarea-1\" placeholder=\"Introduce tu mensaje...\" id=\"forminator-field-textarea-1_6a01fa8c379b0\" class=\"forminator-textarea\" rows=\"6\" style=\"min-height:140px;\" maxlength=\"180\" ><\/textarea><span id=\"forminator-field-textarea-1_6a01fa8c379b0-description\" class=\"forminator-description\"><span data-limit=\"180\" data-type=\"characters\" data-editor=\"\">0 \/ 180<\/span><\/span><\/div><\/div><\/div><input type=\"hidden\" name=\"referer_url\" value=\"\" \/><div class=\"forminator-row forminator-row-last\"><div class=\"forminator-col\"><div class=\"forminator-field\"><button class=\"forminator-button forminator-button-submit\">Enviar mensaje<\/button><\/div><\/div><\/div><input type=\"hidden\" id=\"forminator_nonce\" name=\"forminator_nonce\" value=\"85a9fbd038\" \/><input type=\"hidden\" name=\"_wp_http_referer\" value=\"\/inicio\/index.php\/wp-json\/wp\/v2\/pages\/820\" \/><input type=\"hidden\" name=\"form_id\" value=\"1240\"><input type=\"hidden\" name=\"page_id\" value=\"820\"><input type=\"hidden\" name=\"form_type\" value=\"default\"><input type=\"hidden\" name=\"current_url\" value=\"https:\/\/conalepags.edu.mx\/inicio\/index.php\/formacion-dual\/\"><input type=\"hidden\" name=\"render_id\" value=\"0\"><input type=\"hidden\" name=\"action\" value=\"forminator_submit_form_custom-forms\"><\/form><\/div>\n\t\t\t\t\t\t<\/div>\n\t\t\t\t<\/div>\n\t\t\t\t\t<\/div>\n\t\t\t\t<\/div>\n\t\t\t\t<\/div>\n\t\t","protected":false},"excerpt":{"rendered":"<p>https:\/\/www.youtube.com\/watch?v=uJvplCYVFpk&#038;list=PLSAS_uaB3jDZxyI8tv9qVVqpAgZ62W3rE \u00bfQue es la formaci\u00f3n Dual? El Modelo Mexicano de Formaci\u00f3n Dual, es una iniciativa que integra la teor\u00eda y la pr\u00e1ctica en la educaci\u00f3n formal. En este modelo, el estudiante tiene actividades laborales que corresponden con su carrera profesional, combinadas con la preparaci\u00f3n en la escuela para lograr el perfil de egreso. Su engranaje [&hellip;]<\/p>\n","protected":false},"author":1,"featured_media":0,"parent":0,"menu_order":0,"comment_status":"closed","ping_status":"closed","template":"","meta":{"_uag_custom_page_level_css":"","footnotes":""},"class_list":["post-820","page","type-page","status-publish","hentry"],"uagb_featured_image_src":{"full":false,"thumbnail":false,"medium":false,"medium_large":false,"large":false,"1536x1536":false,"2048x2048":false},"uagb_author_info":{"display_name":"admin","author_link":"https:\/\/conalepags.edu.mx\/inicio\/index.php\/author\/admin_9j385v7b\/"},"uagb_comment_info":0,"uagb_excerpt":"https:\/\/www.youtube.com\/watch?v=uJvplCYVFpk&#038;list=PLSAS_uaB3jDZxyI8tv9qVVqpAgZ62W3rE \u00bfQue es la formaci\u00f3n Dual? El Modelo Mexicano de Formaci\u00f3n Dual, es una iniciativa que integra la teor\u00eda y la pr\u00e1ctica en la educaci\u00f3n formal. En este modelo, el estudiante tiene actividades laborales que corresponden con su carrera profesional, combinadas con la preparaci\u00f3n en la escuela para lograr el perfil de egreso. Su engranaje&hellip;","_links":{"self":[{"href":"https:\/\/conalepags.edu.mx\/inicio\/index.php\/wp-json\/wp\/v2\/pages\/820","targetHints":{"allow":["GET"]}}],"collection":[{"href":"https:\/\/conalepags.edu.mx\/inicio\/index.php\/wp-json\/wp\/v2\/pages"}],"about":[{"href":"https:\/\/conalepags.edu.mx\/inicio\/index.php\/wp-json\/wp\/v2\/types\/page"}],"author":[{"embeddable":true,"href":"https:\/\/conalepags.edu.mx\/inicio\/index.php\/wp-json\/wp\/v2\/users\/1"}],"replies":[{"embeddable":true,"href":"https:\/\/conalepags.edu.mx\/inicio\/index.php\/wp-json\/wp\/v2\/comments?post=820"}],"version-history":[{"count":27,"href":"https:\/\/conalepags.edu.mx\/inicio\/index.php\/wp-json\/wp\/v2\/pages\/820\/revisions"}],"predecessor-version":[{"id":1243,"href":"https:\/\/conalepags.edu.mx\/inicio\/index.php\/wp-json\/wp\/v2\/pages\/820\/revisions\/1243"}],"wp:attachment":[{"href":"https:\/\/conalepags.edu.mx\/inicio\/index.php\/wp-json\/wp\/v2\/media?parent=820"}],"curies":[{"name":"wp","href":"https:\/\/api.w.org\/{rel}","templated":true}]}}