{"id":842,"date":"2024-11-20T02:25:45","date_gmt":"2024-11-20T02:25:45","guid":{"rendered":"https:\/\/conalepags.edu.mx\/inicio\/?page_id=842"},"modified":"2024-11-26T19:58:15","modified_gmt":"2024-11-26T19:58:15","slug":"certificacion-de-competencias","status":"publish","type":"page","link":"https:\/\/conalepags.edu.mx\/inicio\/index.php\/certificacion-de-competencias\/","title":{"rendered":"Certificaci\u00f3n de Competencias"},"content":{"rendered":"\t\t<div data-elementor-type=\"wp-page\" data-elementor-id=\"842\" class=\"elementor elementor-842\">\n\t\t\t\t<div class=\"elementor-element elementor-element-a5da32a e-flex e-con-boxed e-con e-parent\" data-id=\"a5da32a\" data-element_type=\"container\" data-e-type=\"container\">\n\t\t\t\t\t<div class=\"e-con-inner\">\n\t\t\t\t<div class=\"elementor-element elementor-element-8ecefb3 elementor-widget elementor-widget-video\" data-id=\"8ecefb3\" data-element_type=\"widget\" data-e-type=\"widget\" data-settings=\"{&quot;youtube_url&quot;:&quot;https:\\\/\\\/www.youtube.com\\\/watch?v=QdtAT-ICIeM&quot;,&quot;autoplay&quot;:&quot;yes&quot;,&quot;video_type&quot;:&quot;youtube&quot;,&quot;controls&quot;:&quot;yes&quot;}\" data-widget_type=\"video.default\">\n\t\t\t\t<div class=\"elementor-widget-container\">\n\t\t\t\t\t\t\t<div class=\"elementor-wrapper elementor-open-inline\">\n\t\t\t<div class=\"elementor-video\"><\/div>\t\t<\/div>\n\t\t\t\t\t\t<\/div>\n\t\t\t\t<\/div>\n\t\t\t\t\t<\/div>\n\t\t\t\t<\/div>\n\t\t<div class=\"elementor-element elementor-element-d1a334d e-flex e-con-boxed e-con e-parent\" data-id=\"d1a334d\" data-element_type=\"container\" data-e-type=\"container\">\n\t\t\t\t\t<div class=\"e-con-inner\">\n\t\t\t\t<div class=\"elementor-element elementor-element-e4e4a9c elementor-widget elementor-widget-text-editor\" data-id=\"e4e4a9c\" data-element_type=\"widget\" data-e-type=\"widget\" data-widget_type=\"text-editor.default\">\n\t\t\t\t<div class=\"elementor-widget-container\">\n\t\t\t\t\t\t\t\t\t<h4 class=\"titulos-secciones\" style=\"text-align: justify;\"><span style=\"color: #003366;\">Evaluaci\u00f3n de Competencias Laborales con Fines de Certificaci\u00f3n<\/span><\/h4><p class=\"otro-parrafo\" style=\"text-align: justify;\"><span style=\"color: #333300;\">Conalep Aguascalientes cuenta con acreditaciones para la evaluaci\u00f3n basado en Est\u00e1ndares de Competencia; asimismo, se cuenta otras modalidades de Certificaci\u00f3n, con el fin de fortalecer la formaci\u00f3n de los alumnos y la demanda de una formaci\u00f3n de recursos humanos altamente calificados y reconocidos en el sector productivo, con una s\u00f3lida formaci\u00f3n ocupacional y acad\u00e9mica para la competitividad, logrando ser una Instituci\u00f3n pionera en la prestaci\u00f3n de Servicios de Evaluaci\u00f3n con fines de Certificaci\u00f3n.<\/span><\/p><p class=\"otro-parrafo\" style=\"text-align: justify;\"><span style=\"color: #333300;\">Los 8 centros de evaluaci\u00f3n de Conalep, como parte de la Direcci\u00f3n Acad\u00e9mica, busca diversas alternativas que permitan obtener un certificado con reconocimiento nacional e internacional, beneficiando a los alumnos, docentes, personal administrativo y al p\u00fablico en general.<\/span><\/p><p class=\"otro-parrafo\" style=\"text-align: justify;\"><span style=\"color: #333300;\">Nuestro compromiso es con la calidad educativa y con la satisfacci\u00f3n plena de quienes utilizan nuestros servicios, para que contribuyan con el desarrollo de nuestro pa\u00eds.<\/span><\/p><h4 class=\"titulos-secciones\" style=\"text-align: justify;\"><span style=\"color: #003366;\">Centros Certificadores<\/span><\/h4><ul style=\"text-align: justify;\"><li><span style=\"color: #333300;\">CONOCER<\/span><\/li><li><span style=\"color: #333300;\">CERTIPORT<\/span><\/li><li><span style=\"color: #333300;\">EVALUAASI-EDUIT<\/span><\/li><li><span style=\"color: #333300;\">CENNI<\/span><\/li><\/ul><h4 class=\"titulos-secciones\" style=\"text-align: justify;\"><span style=\"color: #003366;\">Modalidades con Fines de Certificaci\u00f3n<\/span><\/h4><h5 style=\"text-align: justify;\"><span style=\"color: #003366;\">Competencias Laborales CONOCER:<\/span><\/h5><p style=\"text-align: justify;\"><span style=\"color: #333300;\">Las competencias laborales est\u00e1n relacionadas con una funci\u00f3n de trabajo determinada, cuyo desempe\u00f1o cumple satisfactoriamente con lo establecido en un est\u00e1ndar de competencia y su instrumento de evaluaci\u00f3n.<\/span><\/p><h5 style=\"text-align: justify;\"><span style=\"color: #003366;\">Competencias digitales CERTIPORT Y EDUIT:<\/span><\/h5><p style=\"text-align: justify;\"><span style=\"color: #333300;\">Las Certificaciones Digitales validan el dominio y conocimiento de herramientas inform\u00e1ticas sobre un programa espec\u00edfico.<\/span><\/p><h5 style=\"text-align: justify;\"><span style=\"color: #003366;\">Competencias Ling\u00fc\u00edsticas:<\/span><\/h5><p style=\"text-align: justify;\"><span style=\"color: #333300;\">Certifica las competencias de una persona para lograr habilidades de la comunicaci\u00f3n en una lengua determinada a trav\u00e9s de la comprensi\u00f3n de la estructura oral, auditiva y gramatical, es decir: hablar, escuchar, escribir y leer. Todos reconocidos con Certificados expedidos por el Organismo Certificador que corresponde con validez a nivel nacional.<\/span><\/p>\t\t\t\t\t\t\t\t<\/div>\n\t\t\t\t<\/div>\n\t\t\t\t\t<\/div>\n\t\t\t\t<\/div>\n\t\t<div class=\"elementor-element elementor-element-dfeb2c0 e-flex e-con-boxed e-con e-parent\" data-id=\"dfeb2c0\" data-element_type=\"container\" data-e-type=\"container\">\n\t\t\t\t\t<div class=\"e-con-inner\">\n\t\t\t\t<div class=\"elementor-element elementor-element-5331bc6 elementor-widget elementor-widget-button\" data-id=\"5331bc6\" data-element_type=\"widget\" data-e-type=\"widget\" data-widget_type=\"button.default\">\n\t\t\t\t<div class=\"elementor-widget-container\">\n\t\t\t\t\t\t\t\t\t<div class=\"elementor-button-wrapper\">\n\t\t\t\t\t<a class=\"elementor-button elementor-button-link elementor-size-sm\" href=\"https:\/\/conalepags.edu.mx\/arch_sitio\/pdf\/Est%C3%A1ndares_2024.pdf\" target=\"_blank\">\n\t\t\t\t\t\t<span class=\"elementor-button-content-wrapper\">\n\t\t\t\t\t\t\t\t\t<span class=\"elementor-button-text\">Est\u00e1ndares<\/span>\n\t\t\t\t\t<\/span>\n\t\t\t\t\t<\/a>\n\t\t\t\t<\/div>\n\t\t\t\t\t\t\t\t<\/div>\n\t\t\t\t<\/div>\n\t\t\t\t\t<\/div>\n\t\t\t\t<\/div>\n\t\t\t\t<\/div>\n\t\t","protected":false},"excerpt":{"rendered":"<p>https:\/\/www.youtube.com\/watch?v=QdtAT-ICIeM Evaluaci\u00f3n de Competencias Laborales con Fines de Certificaci\u00f3n Conalep Aguascalientes cuenta con acreditaciones para la evaluaci\u00f3n basado en Est\u00e1ndares de Competencia; asimismo, se cuenta otras modalidades de Certificaci\u00f3n, con el fin de fortalecer la formaci\u00f3n de los alumnos y la demanda de una formaci\u00f3n de recursos humanos altamente calificados y reconocidos en el sector [&hellip;]<\/p>\n","protected":false},"author":1,"featured_media":0,"parent":0,"menu_order":0,"comment_status":"closed","ping_status":"closed","template":"","meta":{"_uag_custom_page_level_css":"","footnotes":""},"class_list":["post-842","page","type-page","status-publish","hentry"],"uagb_featured_image_src":{"full":false,"thumbnail":false,"medium":false,"medium_large":false,"large":false,"1536x1536":false,"2048x2048":false},"uagb_author_info":{"display_name":"admin","author_link":"https:\/\/conalepags.edu.mx\/inicio\/index.php\/author\/admin_9j385v7b\/"},"uagb_comment_info":0,"uagb_excerpt":"https:\/\/www.youtube.com\/watch?v=QdtAT-ICIeM Evaluaci\u00f3n de Competencias Laborales con Fines de Certificaci\u00f3n Conalep Aguascalientes cuenta con acreditaciones para la evaluaci\u00f3n basado en Est\u00e1ndares de Competencia; asimismo, se cuenta otras modalidades de Certificaci\u00f3n, con el fin de fortalecer la formaci\u00f3n de los alumnos y la demanda de una formaci\u00f3n de recursos humanos altamente calificados y reconocidos en el sector&hellip;","_links":{"self":[{"href":"https:\/\/conalepags.edu.mx\/inicio\/index.php\/wp-json\/wp\/v2\/pages\/842","targetHints":{"allow":["GET"]}}],"collection":[{"href":"https:\/\/conalepags.edu.mx\/inicio\/index.php\/wp-json\/wp\/v2\/pages"}],"about":[{"href":"https:\/\/conalepags.edu.mx\/inicio\/index.php\/wp-json\/wp\/v2\/types\/page"}],"author":[{"embeddable":true,"href":"https:\/\/conalepags.edu.mx\/inicio\/index.php\/wp-json\/wp\/v2\/users\/1"}],"replies":[{"embeddable":true,"href":"https:\/\/conalepags.edu.mx\/inicio\/index.php\/wp-json\/wp\/v2\/comments?post=842"}],"version-history":[{"count":15,"href":"https:\/\/conalepags.edu.mx\/inicio\/index.php\/wp-json\/wp\/v2\/pages\/842\/revisions"}],"predecessor-version":[{"id":1223,"href":"https:\/\/conalepags.edu.mx\/inicio\/index.php\/wp-json\/wp\/v2\/pages\/842\/revisions\/1223"}],"wp:attachment":[{"href":"https:\/\/conalepags.edu.mx\/inicio\/index.php\/wp-json\/wp\/v2\/media?parent=842"}],"curies":[{"name":"wp","href":"https:\/\/api.w.org\/{rel}","templated":true}]}}